{"id":606737,"date":"2025-08-09T19:12:51","date_gmt":"2025-08-09T17:12:51","guid":{"rendered":"https:\/\/lucacastelli.com\/prodotto\/milwaukee-tapis-en-pvc-pour-chariot-a-10-tiroirs\/"},"modified":"2025-08-09T19:12:51","modified_gmt":"2025-08-09T17:12:51","slug":"milwaukee-tapis-en-pvc-pour-chariot-a-10-tiroirs","status":"publish","type":"product","link":"https:\/\/lucacastelli.com\/fr\/produit\/milwaukee-tapis-en-pvc-pour-chariot-a-10-tiroirs\/","title":{"rendered":"Milwaukee Tapis en PVC pour chariot \u00e0 10 tiroirs"},"content":{"rendered":"<p>TAPIS PVC POUR CHARIOT A 10 TIRES<br \/>\nTapis PVC \u00e0 placer sur le dessus du chariot \u00e0 10 tiroirs en l&#8217;absence du chariot \u00e0 6 tiroirs;Assure un travail productif et s\u00fbr sur la surface du chariot;Emp\u00eache les objets de tomber et de rouler;Application facile gr\u00e2ce \u00e0 2 rubans adh\u00e9sifs<\/p>\n<p>4932492547 4058546419141<\/p>\n","protected":false},"excerpt":{"rendered":"<p>CHARIOT \u00c0 TAPIS EN PVC AVEC 10 TIROIRS<\/p>\n","protected":false},"featured_media":557228,"template":"","meta":{"_seopress_robots_primary_cat":"","_seopress_titles_title":"","_seopress_titles_desc":"","_seopress_robots_index":""},"product_brand":[3658],"product_cat":[144,5417],"product_tag":[3273],"class_list":{"0":"post-606737","1":"product","2":"type-product","3":"status-publish","4":"has-post-thumbnail","6":"product_brand-milwaukee-fr","7":"product_cat-equipement","8":"product_cat-outils-pour-atelier","9":"product_tag-import-milwau-fr","10":"sws-conto-ricavi-merci-rivendita-macchinari-fr","11":"sws-gruppo-iva-iva81-fr","13":"first","14":"onbackorder","15":"sale","16":"shipping-taxable","17":"purchasable","18":"product-type-simple"},"_links":{"self":[{"href":"https:\/\/lucacastelli.com\/fr\/wp-json\/wp\/v2\/product\/606737","targetHints":{"allow":["GET"]}}],"collection":[{"href":"https:\/\/lucacastelli.com\/fr\/wp-json\/wp\/v2\/product"}],"about":[{"href":"https:\/\/lucacastelli.com\/fr\/wp-json\/wp\/v2\/types\/product"}],"wp:featuredmedia":[{"embeddable":true,"href":"https:\/\/lucacastelli.com\/fr\/wp-json\/wp\/v2\/media\/557228"}],"wp:attachment":[{"href":"https:\/\/lucacastelli.com\/fr\/wp-json\/wp\/v2\/media?parent=606737"}],"wp:term":[{"taxonomy":"product_brand","embeddable":true,"href":"https:\/\/lucacastelli.com\/fr\/wp-json\/wp\/v2\/product_brand?post=606737"},{"taxonomy":"product_cat","embeddable":true,"href":"https:\/\/lucacastelli.com\/fr\/wp-json\/wp\/v2\/product_cat?post=606737"},{"taxonomy":"product_tag","embeddable":true,"href":"https:\/\/lucacastelli.com\/fr\/wp-json\/wp\/v2\/product_tag?post=606737"}],"curies":[{"name":"wp","href":"https:\/\/api.w.org\/{rel}","templated":true}]}}