{"id":606736,"date":"2025-08-09T19:00:42","date_gmt":"2025-08-09T17:00:42","guid":{"rendered":"https:\/\/lucacastelli.com\/prodotto\/milwaukee-rallonge-de-douille-1%cb%9d-2\/"},"modified":"2025-08-09T19:00:42","modified_gmt":"2025-08-09T17:00:42","slug":"milwaukee-rallonge-de-douille-1%cb%9d-2","status":"publish","type":"product","link":"https:\/\/lucacastelli.com\/fr\/produit\/milwaukee-rallonge-de-douille-1%cb%9d-2\/","title":{"rendered":"Milwaukee Rallonge de douille 1\u02dd"},"content":{"rendered":"<p>RACCORD D&#8217;EXTENSION 1 LUNGH. 175 mm<br \/>\nSHOCKWAVE\u2122 (Chromomolybd\u00e8ne) acier r\u00e9sistant aux chocs est un acier de haute qualit\u00e9 qui permet une endurance particuli\u00e8rement longue;dimensions poin\u00e7onn\u00e9es et cod\u00e9es par couleur pour faciliter l&#8217;identification et faire en sorte que la r\u00e9f\u00e9rence de l&#8217;article reste grav\u00e9e pendant longtemps;double per\u00e7age et rainurage pour faciliter la fixation des accessoires de s\u00e9curit\u00e9. <\/p>\n<p>4932480440<br \/>\n4058546407254<\/p>\n","protected":false},"excerpt":{"rendered":"<p>RACCORD D&#8217;EXTENSION 1 LONGUEUR 175 mm <\/p>\n","protected":false},"featured_media":548467,"template":"","meta":{"_seopress_robots_primary_cat":"","_seopress_titles_title":"","_seopress_titles_desc":"","_seopress_robots_index":""},"product_brand":[3407],"product_cat":[29,514,549,550],"product_tag":[3270],"class_list":{"0":"post-606736","1":"product","2":"type-product","3":"status-publish","4":"has-post-thumbnail","6":"product_brand-milwaukee","7":"product_cat-macchinari","8":"product_cat-altri-dispositivi","9":"product_cat-trapani-e-avvitatori","10":"product_cat-accessori-per-trapani-ed-avvitatori","11":"product_tag-import-milwau","12":"sws-conto-ricavi-merci-rivendita-macchinari-fr","13":"sws-gruppo-iva-iva81-fr","15":"first","16":"onbackorder","17":"sale","18":"shipping-taxable","19":"purchasable","20":"product-type-simple"},"_links":{"self":[{"href":"https:\/\/lucacastelli.com\/fr\/wp-json\/wp\/v2\/product\/606736","targetHints":{"allow":["GET"]}}],"collection":[{"href":"https:\/\/lucacastelli.com\/fr\/wp-json\/wp\/v2\/product"}],"about":[{"href":"https:\/\/lucacastelli.com\/fr\/wp-json\/wp\/v2\/types\/product"}],"wp:featuredmedia":[{"embeddable":true,"href":"https:\/\/lucacastelli.com\/fr\/wp-json\/wp\/v2\/media\/548467"}],"wp:attachment":[{"href":"https:\/\/lucacastelli.com\/fr\/wp-json\/wp\/v2\/media?parent=606736"}],"wp:term":[{"taxonomy":"product_brand","embeddable":true,"href":"https:\/\/lucacastelli.com\/fr\/wp-json\/wp\/v2\/product_brand?post=606736"},{"taxonomy":"product_cat","embeddable":true,"href":"https:\/\/lucacastelli.com\/fr\/wp-json\/wp\/v2\/product_cat?post=606736"},{"taxonomy":"product_tag","embeddable":true,"href":"https:\/\/lucacastelli.com\/fr\/wp-json\/wp\/v2\/product_tag?post=606736"}],"curies":[{"name":"wp","href":"https:\/\/api.w.org\/{rel}","templated":true}]}}