{"id":606723,"date":"2025-08-09T19:00:39","date_gmt":"2025-08-09T17:00:39","guid":{"rendered":"https:\/\/lucacastelli.com\/prodotto\/milwaukee-rallonges-electriques-avec-raccord-3-8%cb%9d\/"},"modified":"2025-08-09T19:00:39","modified_gmt":"2025-08-09T17:00:39","slug":"milwaukee-rallonges-electriques-avec-raccord-3-8%cb%9d","status":"publish","type":"product","link":"https:\/\/lucacastelli.com\/fr\/produit\/milwaukee-rallonges-electriques-avec-raccord-3-8%cb%9d\/","title":{"rendered":"Milwaukee Rallonges \u00e9lectriques avec raccord 3\/8\u02dd."},"content":{"rendered":"<p>Rallonge 3\/8 DE 150 mm<br \/>\nL&#8217;acier antichoc SHOCKWAVE\u2122 (Chromomolybd\u00e8ne) est un acier de haute qualit\u00e9 qui permet une endurance particuli\u00e8rement longue;Dimensions poin\u00e7onn\u00e9es et cod\u00e9es par couleur pour une identification facile et pour que la r\u00e9f\u00e9rence de l&#8217;article reste grav\u00e9e pendant longtemps;Double per\u00e7age et rainurage pour une fixation facile des accessoires de s\u00e9curit\u00e9<\/p>\n<p>4932480297<br \/>\n4058546405823.<\/p>\n","protected":false},"excerpt":{"rendered":"<p>rallonge 3\/8 FROM 150 mm<\/p>\n","protected":false},"featured_media":547738,"template":"","meta":{"_seopress_robots_primary_cat":"","_seopress_titles_title":"","_seopress_titles_desc":"","_seopress_robots_index":""},"product_brand":[3407],"product_cat":[29,514,549,550],"product_tag":[3270],"class_list":{"0":"post-606723","1":"product","2":"type-product","3":"status-publish","4":"has-post-thumbnail","6":"product_brand-milwaukee","7":"product_cat-macchinari","8":"product_cat-altri-dispositivi","9":"product_cat-trapani-e-avvitatori","10":"product_cat-accessori-per-trapani-ed-avvitatori","11":"product_tag-import-milwau","12":"sws-conto-ricavi-merci-rivendita-macchinari-fr","13":"sws-gruppo-iva-iva81-fr","15":"first","16":"onbackorder","17":"sale","18":"shipping-taxable","19":"purchasable","20":"product-type-simple"},"_links":{"self":[{"href":"https:\/\/lucacastelli.com\/fr\/wp-json\/wp\/v2\/product\/606723","targetHints":{"allow":["GET"]}}],"collection":[{"href":"https:\/\/lucacastelli.com\/fr\/wp-json\/wp\/v2\/product"}],"about":[{"href":"https:\/\/lucacastelli.com\/fr\/wp-json\/wp\/v2\/types\/product"}],"wp:featuredmedia":[{"embeddable":true,"href":"https:\/\/lucacastelli.com\/fr\/wp-json\/wp\/v2\/media\/547738"}],"wp:attachment":[{"href":"https:\/\/lucacastelli.com\/fr\/wp-json\/wp\/v2\/media?parent=606723"}],"wp:term":[{"taxonomy":"product_brand","embeddable":true,"href":"https:\/\/lucacastelli.com\/fr\/wp-json\/wp\/v2\/product_brand?post=606723"},{"taxonomy":"product_cat","embeddable":true,"href":"https:\/\/lucacastelli.com\/fr\/wp-json\/wp\/v2\/product_cat?post=606723"},{"taxonomy":"product_tag","embeddable":true,"href":"https:\/\/lucacastelli.com\/fr\/wp-json\/wp\/v2\/product_tag?post=606723"}],"curies":[{"name":"wp","href":"https:\/\/api.w.org\/{rel}","templated":true}]}}