{"id":606700,"date":"2025-08-09T11:43:01","date_gmt":"2025-08-09T09:43:01","guid":{"rendered":"https:\/\/lucacastelli.com\/prodotto\/milwaukee-tunnel-bit-sds-max-65x550-mm\/"},"modified":"2025-08-09T11:43:01","modified_gmt":"2025-08-09T09:43:01","slug":"milwaukee-tunnel-bit-sds-max-65x550-mm","status":"publish","type":"product","link":"https:\/\/lucacastelli.com\/fr\/produit\/milwaukee-tunnel-bit-sds-max-65x550-mm\/","title":{"rendered":"Milwaukee TUNNEL BIT SDS-Max 65X550 MM"},"content":{"rendered":"<p>SDS-Max TUNNEL DRILL 65X550 MM<br \/>\nMonobloc en acier robuste pour une r\u00e9sistance maximale;Durabilit\u00e9 et dur\u00e9e de vie maximales;Forets pour tunnels;Peut \u00eatre utilis\u00e9 avec des marteaux d\u00e9mersaux;Fabriqu\u00e9 en Allemagne;Forets pour tunnels (fournis avec goujon filet\u00e9);Convient pour le b\u00e9ton arm\u00e9<\/p>\n<p>4932492058<br \/>\n4058546414252<\/p>\n","protected":false},"excerpt":{"rendered":"<p>SDS-Max TUNNEL BIT 65X550 MM<\/p>\n","protected":false},"featured_media":600081,"template":"","meta":{"_seopress_robots_primary_cat":"","_seopress_titles_title":"","_seopress_titles_desc":"","_seopress_robots_index":""},"product_brand":[3407],"product_cat":[29,514,549,550],"product_tag":[3270],"class_list":{"0":"post-606700","1":"product","2":"type-product","3":"status-publish","4":"has-post-thumbnail","6":"product_brand-milwaukee","7":"product_cat-macchinari","8":"product_cat-altri-dispositivi","9":"product_cat-trapani-e-avvitatori","10":"product_cat-accessori-per-trapani-ed-avvitatori","11":"product_tag-import-milwau","12":"sws-conto-ricavi-merci-rivendita-macchinari-fr","13":"sws-gruppo-iva-iva81-fr","15":"first","16":"onbackorder","17":"sale","18":"shipping-taxable","19":"purchasable","20":"product-type-simple"},"_links":{"self":[{"href":"https:\/\/lucacastelli.com\/fr\/wp-json\/wp\/v2\/product\/606700","targetHints":{"allow":["GET"]}}],"collection":[{"href":"https:\/\/lucacastelli.com\/fr\/wp-json\/wp\/v2\/product"}],"about":[{"href":"https:\/\/lucacastelli.com\/fr\/wp-json\/wp\/v2\/types\/product"}],"wp:featuredmedia":[{"embeddable":true,"href":"https:\/\/lucacastelli.com\/fr\/wp-json\/wp\/v2\/media\/600081"}],"wp:attachment":[{"href":"https:\/\/lucacastelli.com\/fr\/wp-json\/wp\/v2\/media?parent=606700"}],"wp:term":[{"taxonomy":"product_brand","embeddable":true,"href":"https:\/\/lucacastelli.com\/fr\/wp-json\/wp\/v2\/product_brand?post=606700"},{"taxonomy":"product_cat","embeddable":true,"href":"https:\/\/lucacastelli.com\/fr\/wp-json\/wp\/v2\/product_cat?post=606700"},{"taxonomy":"product_tag","embeddable":true,"href":"https:\/\/lucacastelli.com\/fr\/wp-json\/wp\/v2\/product_tag?post=606700"}],"curies":[{"name":"wp","href":"https:\/\/api.w.org\/{rel}","templated":true}]}}