{"id":606668,"date":"2025-08-10T17:54:10","date_gmt":"2025-08-10T15:54:10","guid":{"rendered":"https:\/\/lucacastelli.com\/prodotto\/milwaukee-detecteur-de-phase-avec-thermometre-laser-cat-iv\/"},"modified":"2025-08-10T17:54:10","modified_gmt":"2025-08-10T15:54:10","slug":"milwaukee-detecteur-de-phase-avec-thermometre-laser-cat-iv","status":"publish","type":"product","link":"https:\/\/lucacastelli.com\/fr\/produit\/milwaukee-detecteur-de-phase-avec-thermometre-laser-cat-iv\/","title":{"rendered":"Milwaukee D\u00e9tecteur de phase avec thermom\u00e8tre laser CAT IV"},"content":{"rendered":"<p>2225-20\/CERCAFASE<br \/>\nLarge plage de mesure, de 12 \u00e0 1000V;Cat\u00e9gorie IV 1000V;Thermom\u00e8tre laser infrarouge pour des mesures de -30 degr\u00e9s \u00e0 250 degr\u00e9s;Indicateur LED rouge indique la pr\u00e9sence de courant;Signal sonore suppl\u00e9mentaire indique la pr\u00e9sence de courant ;Le voyant vert indique que l&#8217;instrument est allum\u00e9;IP 54;Clip de transport pratique;\u00c9cran LCD r\u00e9tro\u00e9clair\u00e9, s\u00e9lectionnable en degr\u00e9s ou en degr\u00e9s F avec une r\u00e9solution de 0,1 degr\u00e9;Bouton marche\/arr\u00eat<\/p>\n<p>4932498859<br \/>\n4058546527280<\/p>\n","protected":false},"excerpt":{"rendered":"<p>2225-20\/QUARTIER DU CHERCHEUR<\/p>\n","protected":false},"featured_media":600540,"template":"","meta":{"_seopress_robots_primary_cat":"","_seopress_titles_title":"","_seopress_titles_desc":"","_seopress_robots_index":""},"product_brand":[3407],"product_cat":[29,514,551],"product_tag":[3270],"class_list":{"0":"post-606668","1":"product","2":"type-product","3":"status-publish","4":"has-post-thumbnail","6":"product_brand-milwaukee","7":"product_cat-macchinari","8":"product_cat-altri-dispositivi","9":"product_cat-apparecchi-di-misurazione","10":"product_tag-import-milwau","11":"sws-conto-ricavi-merci-rivendita-macchinari-fr","12":"sws-gruppo-iva-iva81-fr","14":"first","15":"onbackorder","16":"sale","17":"shipping-taxable","18":"purchasable","19":"product-type-simple"},"_links":{"self":[{"href":"https:\/\/lucacastelli.com\/fr\/wp-json\/wp\/v2\/product\/606668","targetHints":{"allow":["GET"]}}],"collection":[{"href":"https:\/\/lucacastelli.com\/fr\/wp-json\/wp\/v2\/product"}],"about":[{"href":"https:\/\/lucacastelli.com\/fr\/wp-json\/wp\/v2\/types\/product"}],"wp:featuredmedia":[{"embeddable":true,"href":"https:\/\/lucacastelli.com\/fr\/wp-json\/wp\/v2\/media\/600540"}],"wp:attachment":[{"href":"https:\/\/lucacastelli.com\/fr\/wp-json\/wp\/v2\/media?parent=606668"}],"wp:term":[{"taxonomy":"product_brand","embeddable":true,"href":"https:\/\/lucacastelli.com\/fr\/wp-json\/wp\/v2\/product_brand?post=606668"},{"taxonomy":"product_cat","embeddable":true,"href":"https:\/\/lucacastelli.com\/fr\/wp-json\/wp\/v2\/product_cat?post=606668"},{"taxonomy":"product_tag","embeddable":true,"href":"https:\/\/lucacastelli.com\/fr\/wp-json\/wp\/v2\/product_tag?post=606668"}],"curies":[{"name":"wp","href":"https:\/\/api.w.org\/{rel}","templated":true}]}}