{"id":606662,"date":"2025-08-10T17:54:09","date_gmt":"2025-08-10T15:54:09","guid":{"rendered":"https:\/\/lucacastelli.com\/prodotto\/milwaukee-tige-telescopique-de-36-m-pour-lasers\/"},"modified":"2025-08-10T17:54:09","modified_gmt":"2025-08-10T15:54:09","slug":"milwaukee-tige-telescopique-de-36-m-pour-lasers","status":"publish","type":"product","link":"https:\/\/lucacastelli.com\/fr\/produit\/milwaukee-tige-telescopique-de-36-m-pour-lasers\/","title":{"rendered":"Milwaukee Tige t\u00e9lescopique de 3,6 m pour lasers"},"content":{"rendered":"<p>LMP \/ACCESS LASER SYSTEM<br \/>\nLa perche laser t\u00e9lescopique Milwaukee\u00ae, avec une extension maximale de 3,6 m\u00e8tres, est id\u00e9ale pour l&#8217;utilisation de tous les lasers de ligne, m\u00eame avec des plafonds tr\u00e8s hauts;La t\u00eate pivotante \u00e0 ressort permet une installation rapide et facile, m\u00eame sur des surfaces irr\u00e9guli\u00e8res;La pince \u00e0 d\u00e9gagement rapide, incluse avec la perche, s&#8217;ouvre jusqu&#8217;\u00e0 6.3 cm et peut \u00eatre fix\u00e9e \u00e0 des mat\u00e9riaux ronds et carr\u00e9s;Compatible avec tous les lasers Milwaukee\u00ae, qui peuvent \u00eatre fix\u00e9s \u00e0 la pince gr\u00e2ce \u00e0 l&#8217;aimant situ\u00e9 \u00e0 l&#8217;arri\u00e8re;Marques de coche pour faciliter le positionnement du laser<\/p>\n<p>4932479205<br \/>\n4058546369996.<\/p>\n","protected":false},"excerpt":{"rendered":"<p>LMP \/ SYST\u00c8ME D&#8217;ACC\u00c8S AU LASER<\/p>\n","protected":false},"featured_media":543276,"template":"","meta":{"_seopress_robots_primary_cat":"","_seopress_titles_title":"","_seopress_titles_desc":"","_seopress_robots_index":""},"product_brand":[3658],"product_cat":[1471,1453,167],"product_tag":[3273],"class_list":{"0":"post-606662","1":"product","2":"type-product","3":"status-publish","4":"has-post-thumbnail","6":"product_brand-milwaukee-fr","7":"product_cat-appareils-de-mesure","8":"product_cat-autres-appareils","9":"product_cat-machines","10":"product_tag-import-milwau-fr","11":"sws-conto-ricavi-merci-rivendita-macchinari-fr","12":"sws-gruppo-iva-iva81-fr","14":"first","15":"onbackorder","16":"sale","17":"shipping-taxable","18":"purchasable","19":"product-type-simple"},"_links":{"self":[{"href":"https:\/\/lucacastelli.com\/fr\/wp-json\/wp\/v2\/product\/606662","targetHints":{"allow":["GET"]}}],"collection":[{"href":"https:\/\/lucacastelli.com\/fr\/wp-json\/wp\/v2\/product"}],"about":[{"href":"https:\/\/lucacastelli.com\/fr\/wp-json\/wp\/v2\/types\/product"}],"wp:featuredmedia":[{"embeddable":true,"href":"https:\/\/lucacastelli.com\/fr\/wp-json\/wp\/v2\/media\/543276"}],"wp:attachment":[{"href":"https:\/\/lucacastelli.com\/fr\/wp-json\/wp\/v2\/media?parent=606662"}],"wp:term":[{"taxonomy":"product_brand","embeddable":true,"href":"https:\/\/lucacastelli.com\/fr\/wp-json\/wp\/v2\/product_brand?post=606662"},{"taxonomy":"product_cat","embeddable":true,"href":"https:\/\/lucacastelli.com\/fr\/wp-json\/wp\/v2\/product_cat?post=606662"},{"taxonomy":"product_tag","embeddable":true,"href":"https:\/\/lucacastelli.com\/fr\/wp-json\/wp\/v2\/product_tag?post=606662"}],"curies":[{"name":"wp","href":"https:\/\/api.w.org\/{rel}","templated":true}]}}