{"id":606656,"date":"2025-08-10T17:54:07","date_gmt":"2025-08-10T15:54:07","guid":{"rendered":"https:\/\/lucacastelli.com\/prodotto\/milwaukee-base-sans-fil-pour-lasers-lineaires\/"},"modified":"2025-08-10T17:54:07","modified_gmt":"2025-08-10T15:54:07","slug":"milwaukee-base-sans-fil-pour-lasers-lineaires","status":"publish","type":"product","link":"https:\/\/lucacastelli.com\/fr\/produit\/milwaukee-base-sans-fil-pour-lasers-lineaires\/","title":{"rendered":"Milwaukee Base sans fil pour lasers lin\u00e9aires"},"content":{"rendered":"<p>WLB-C \/LASER LEVELING ACCESSORIES<br \/>\nCommande de pr\u00e9cision horizontale motoris\u00e9e avec fonction de micro- et macro-alignement;Commande de distance de +38 m pour couvrir toute la plage de travail du laser;S&#8217;oriente sur le point pour une mise en place plus rapide lors de l&#8217;alignement de deux points ;Monture \u00e0 glissi\u00e8re rapide pour une installation rapide et facile;Accouplement et contr\u00f4le intuitifs;Capacit\u00e9 de rotation de 20 degr\u00e9s pour compl\u00e9ter la plupart des applications;Pieds r\u00e9glables pour augmenter la plage de nivellement;Filetage de 1\/4 de pouce pour le montage sur tr\u00e9pied<\/p>\n<p>4932479198<br \/>\n4058546369927<\/p>\n","protected":false},"excerpt":{"rendered":"<p>WLB-C \/LASER LEVEL ACCESSORIES<\/p>\n","protected":false},"featured_media":543255,"template":"","meta":{"_seopress_robots_primary_cat":"","_seopress_titles_title":"","_seopress_titles_desc":"","_seopress_robots_index":""},"product_brand":[3658],"product_cat":[1471,1453,167],"product_tag":[3273],"class_list":{"0":"post-606656","1":"product","2":"type-product","3":"status-publish","4":"has-post-thumbnail","6":"product_brand-milwaukee-fr","7":"product_cat-appareils-de-mesure","8":"product_cat-autres-appareils","9":"product_cat-machines","10":"product_tag-import-milwau-fr","11":"sws-conto-ricavi-merci-rivendita-macchinari-fr","12":"sws-gruppo-iva-iva81-fr","14":"first","15":"onbackorder","16":"sale","17":"shipping-taxable","18":"purchasable","19":"product-type-simple"},"_links":{"self":[{"href":"https:\/\/lucacastelli.com\/fr\/wp-json\/wp\/v2\/product\/606656","targetHints":{"allow":["GET"]}}],"collection":[{"href":"https:\/\/lucacastelli.com\/fr\/wp-json\/wp\/v2\/product"}],"about":[{"href":"https:\/\/lucacastelli.com\/fr\/wp-json\/wp\/v2\/types\/product"}],"wp:featuredmedia":[{"embeddable":true,"href":"https:\/\/lucacastelli.com\/fr\/wp-json\/wp\/v2\/media\/543255"}],"wp:attachment":[{"href":"https:\/\/lucacastelli.com\/fr\/wp-json\/wp\/v2\/media?parent=606656"}],"wp:term":[{"taxonomy":"product_brand","embeddable":true,"href":"https:\/\/lucacastelli.com\/fr\/wp-json\/wp\/v2\/product_brand?post=606656"},{"taxonomy":"product_cat","embeddable":true,"href":"https:\/\/lucacastelli.com\/fr\/wp-json\/wp\/v2\/product_cat?post=606656"},{"taxonomy":"product_tag","embeddable":true,"href":"https:\/\/lucacastelli.com\/fr\/wp-json\/wp\/v2\/product_tag?post=606656"}],"curies":[{"name":"wp","href":"https:\/\/api.w.org\/{rel}","templated":true}]}}