{"id":606645,"date":"2025-08-10T12:56:30","date_gmt":"2025-08-10T10:56:30","guid":{"rendered":"https:\/\/lucacastelli.com\/prodotto\/milwaukee-49160158\/"},"modified":"2025-08-10T12:56:30","modified_gmt":"2025-08-10T10:56:30","slug":"milwaukee-49160158","status":"publish","type":"product","link":"https:\/\/lucacastelli.com\/fr\/produit\/milwaukee-49160158\/","title":{"rendered":"Milwaukee 49160158"},"content":{"rendered":"<p>M18 STSO-0B \/CISAILLE POUR PROFIL\u00c9S<br \/>\nLe moyen le plus s\u00fbr et le plus efficace de couper les profil\u00e9s;Convient aux profil\u00e9s de 41&#215;41 mm, 41&#215;21 mm, 41&#215;22 mm;Compatible avec les profil\u00e9s les plus courants sur le march\u00e9;Coupe les profil\u00e9s galvanis\u00e9s jusqu&#8217;\u00e0 3 mm d&#8217;\u00e9paisseur;Permet jusqu&#8217;\u00e0 200 coupes avec une batterie de 5.0 Ah;Coupe un profil\u00e9 de 41&#215;41 mm en moins de 5 secondes;Sa conception permet de l&#8217;utiliser au sol ou de l&#8217;ancrer \u00e0 un banc-\u00e9tau;Son \u00e9quilibre parfait facilite son transport;Pr\u00e9par\u00e9e pour \u00eatre ancr\u00e9e au banc-\u00e9tau portable MPS;Le syst\u00e8me de suivi et de s\u00e9curit\u00e9 ONE-KEY\u2122 offre un suivi et une gestion des stocks gratuits bas\u00e9s sur le cloud, y compris une fonctionnalit\u00e9 de verrouillage \u00e0 distance;Fonctionne avec toutes les batteries Milwaukee\u00ae M18.<\/p>\n<p>4933492097<br \/>\n4058546414641<\/p>\n","protected":false},"excerpt":{"rendered":"<p>M18 STSO-0B \/CISAILLE POUR PROFIL\u00c9S<\/p>\n","protected":false},"featured_media":583373,"template":"","meta":{"_seopress_robots_primary_cat":"","_seopress_titles_title":"","_seopress_titles_desc":"","_seopress_robots_index":""},"product_brand":[3407],"product_cat":[5531,29],"product_tag":[3270],"class_list":{"0":"post-606645","1":"product","2":"type-product","3":"status-publish","4":"has-post-thumbnail","6":"product_brand-milwaukee","7":"product_cat-vari-macchinari-milwaukee","8":"product_cat-macchinari","9":"product_tag-import-milwau","10":"sws-conto-ricavi-merci-rivendita-macchinari-fr","11":"sws-gruppo-iva-iva81-fr","13":"first","14":"onbackorder","15":"sale","16":"shipping-taxable","17":"purchasable","18":"product-type-simple"},"_links":{"self":[{"href":"https:\/\/lucacastelli.com\/fr\/wp-json\/wp\/v2\/product\/606645","targetHints":{"allow":["GET"]}}],"collection":[{"href":"https:\/\/lucacastelli.com\/fr\/wp-json\/wp\/v2\/product"}],"about":[{"href":"https:\/\/lucacastelli.com\/fr\/wp-json\/wp\/v2\/types\/product"}],"wp:featuredmedia":[{"embeddable":true,"href":"https:\/\/lucacastelli.com\/fr\/wp-json\/wp\/v2\/media\/583373"}],"wp:attachment":[{"href":"https:\/\/lucacastelli.com\/fr\/wp-json\/wp\/v2\/media?parent=606645"}],"wp:term":[{"taxonomy":"product_brand","embeddable":true,"href":"https:\/\/lucacastelli.com\/fr\/wp-json\/wp\/v2\/product_brand?post=606645"},{"taxonomy":"product_cat","embeddable":true,"href":"https:\/\/lucacastelli.com\/fr\/wp-json\/wp\/v2\/product_cat?post=606645"},{"taxonomy":"product_tag","embeddable":true,"href":"https:\/\/lucacastelli.com\/fr\/wp-json\/wp\/v2\/product_tag?post=606645"}],"curies":[{"name":"wp","href":"https:\/\/api.w.org\/{rel}","templated":true}]}}