{"id":606640,"date":"2025-08-10T12:48:12","date_gmt":"2025-08-10T10:48:12","guid":{"rendered":"https:\/\/lucacastelli.com\/prodotto\/milwaukee-mx-fuel-plaque-a-vide\/"},"modified":"2025-08-10T12:48:12","modified_gmt":"2025-08-10T10:48:12","slug":"milwaukee-mx-fuel-plaque-a-vide","status":"publish","type":"product","link":"https:\/\/lucacastelli.com\/fr\/produit\/milwaukee-mx-fuel-plaque-a-vide\/","title":{"rendered":"Milwaukee MX FUEL plaque \u00e0 vide"},"content":{"rendered":"<p>MXF DR350VP\/ACC SIST PER MX FUEL<br \/>\nPlaque \u00e0 vide avec manom\u00e8tre;Se fixe sans outil sur la carotteuse MXF DCD350;Permet de carotter jusqu&#8217;\u00e0 des diam\u00e8tres de 300 mm avec la pompe \u00e0 vide recommand\u00e9e (4932352094)<\/p>\n<p> 4058546480189<\/p>\n","protected":false},"excerpt":{"rendered":"<p>MXF DR350VP\/ACC SIST POUR MX FUEL<\/p>\n","protected":false},"featured_media":561182,"template":"","meta":{"_seopress_robots_primary_cat":"","_seopress_titles_title":"","_seopress_titles_desc":"","_seopress_robots_index":""},"product_brand":[3407],"product_cat":[29,491],"product_tag":[3270],"class_list":{"0":"post-606640","1":"product","2":"type-product","3":"status-publish","4":"has-post-thumbnail","6":"product_brand-milwaukee","7":"product_cat-macchinari","8":"product_cat-accessori-sistemi-a-batteria","9":"product_tag-import-milwau","10":"sws-conto-ricavi-merci-rivendita-macchinari-fr","11":"sws-gruppo-iva-iva81-fr","13":"first","14":"onbackorder","15":"sale","16":"shipping-taxable","17":"purchasable","18":"product-type-simple"},"_links":{"self":[{"href":"https:\/\/lucacastelli.com\/fr\/wp-json\/wp\/v2\/product\/606640","targetHints":{"allow":["GET"]}}],"collection":[{"href":"https:\/\/lucacastelli.com\/fr\/wp-json\/wp\/v2\/product"}],"about":[{"href":"https:\/\/lucacastelli.com\/fr\/wp-json\/wp\/v2\/types\/product"}],"wp:featuredmedia":[{"embeddable":true,"href":"https:\/\/lucacastelli.com\/fr\/wp-json\/wp\/v2\/media\/561182"}],"wp:attachment":[{"href":"https:\/\/lucacastelli.com\/fr\/wp-json\/wp\/v2\/media?parent=606640"}],"wp:term":[{"taxonomy":"product_brand","embeddable":true,"href":"https:\/\/lucacastelli.com\/fr\/wp-json\/wp\/v2\/product_brand?post=606640"},{"taxonomy":"product_cat","embeddable":true,"href":"https:\/\/lucacastelli.com\/fr\/wp-json\/wp\/v2\/product_cat?post=606640"},{"taxonomy":"product_tag","embeddable":true,"href":"https:\/\/lucacastelli.com\/fr\/wp-json\/wp\/v2\/product_tag?post=606640"}],"curies":[{"name":"wp","href":"https:\/\/api.w.org\/{rel}","templated":true}]}}