{"id":606634,"date":"2025-08-10T12:48:10","date_gmt":"2025-08-10T10:48:10","guid":{"rendered":"https:\/\/lucacastelli.com\/prodotto\/generateur-milwaukee-3-600-1-800w-mx-fuel\/"},"modified":"2025-08-10T12:48:10","modified_gmt":"2025-08-10T10:48:10","slug":"generateur-milwaukee-3-600-1-800w-mx-fuel","status":"publish","type":"product","link":"https:\/\/lucacastelli.com\/fr\/produit\/generateur-milwaukee-3-600-1-800w-mx-fuel\/","title":{"rendered":"G\u00e9n\u00e9rateur Milwaukee 3 600\/1 800W MX FUEL"},"content":{"rendered":"<p>MXF PS-0 \/MX FUEL<br \/>\nLe syst\u00e8me MX FUEL innove en mati\u00e8re d&#8217;alimentation par batterie : performances des solutions \u00e0 essence, sans fil ou pneumatiques, \u00e9limination des dangers li\u00e9s aux \u00e9missions, au bruit, aux vibrations, aux tr\u00e9buchements et \u00e0 l&#8217;entretien complexe;Puissance de cr\u00eate de 3 600 W et puissance continue de 1.800 W en ondes pures : alimente aussi bien les \u00e9quipements \u00e0 forte consommation de 16A que les appareils \u00e9lectroniques;Peut \u00eatre utilis\u00e9 \u00e0 l&#8217;int\u00e9rieur : aucune \u00e9mission et faible niveau sonore (60 dB(A);L&#8217;alimentation par batterie \u00e9limine les co\u00fbts li\u00e9s \u00e0 l&#8217;essence et \u00e0 l&#8217;entretien, ce qui r\u00e9duit les temps d&#8217;arr\u00eat et augmente la productivit\u00e9 du travail;Fait office de chargeur pour les batteries MX FUEL lorsqu&#8217;il est branch\u00e9;ONE-KEY\u2122 Tracking &amp;&#8230; Security system offre un suivi et une gestion des stocks gratuits bas\u00e9s sur le cloud, y compris une fonctionnalit\u00e9 de verrouillage \u00e0 distance;Protection et durabilit\u00e9 maximales gr\u00e2ce \u00e0 la conception robuste de la cage;Fonctionne avec une ou deux batteries, pour maximiser l&#8217;autonomie;Capable d&#8217;alimenter un appareil 16A et un appareil basse tension simultan\u00e9ment;Ne doit pas \u00eatre utilis\u00e9 par mauvais temps (pluie, neige).<\/p>\n<p>4933493922<br \/>\n4058546510824<\/p>\n","protected":false},"excerpt":{"rendered":"<p>MXF PS-0 \/MX FUEL<\/p>\n","protected":false},"featured_media":586511,"template":"","meta":{"_seopress_robots_primary_cat":"","_seopress_titles_title":"","_seopress_titles_desc":"","_seopress_robots_index":""},"product_brand":[3407],"product_cat":[29,514,542],"product_tag":[3270],"class_list":{"0":"post-606634","1":"product","2":"type-product","3":"status-publish","4":"has-post-thumbnail","6":"product_brand-milwaukee","7":"product_cat-macchinari","8":"product_cat-altri-dispositivi","9":"product_cat-generatori","10":"product_tag-import-milwau","11":"sws-conto-ricavi-merci-rivendita-macchinari-fr","12":"sws-gruppo-iva-iva81-fr","14":"first","15":"onbackorder","16":"sale","17":"shipping-taxable","18":"purchasable","19":"product-type-simple"},"_links":{"self":[{"href":"https:\/\/lucacastelli.com\/fr\/wp-json\/wp\/v2\/product\/606634","targetHints":{"allow":["GET"]}}],"collection":[{"href":"https:\/\/lucacastelli.com\/fr\/wp-json\/wp\/v2\/product"}],"about":[{"href":"https:\/\/lucacastelli.com\/fr\/wp-json\/wp\/v2\/types\/product"}],"wp:featuredmedia":[{"embeddable":true,"href":"https:\/\/lucacastelli.com\/fr\/wp-json\/wp\/v2\/media\/586511"}],"wp:attachment":[{"href":"https:\/\/lucacastelli.com\/fr\/wp-json\/wp\/v2\/media?parent=606634"}],"wp:term":[{"taxonomy":"product_brand","embeddable":true,"href":"https:\/\/lucacastelli.com\/fr\/wp-json\/wp\/v2\/product_brand?post=606634"},{"taxonomy":"product_cat","embeddable":true,"href":"https:\/\/lucacastelli.com\/fr\/wp-json\/wp\/v2\/product_cat?post=606634"},{"taxonomy":"product_tag","embeddable":true,"href":"https:\/\/lucacastelli.com\/fr\/wp-json\/wp\/v2\/product_tag?post=606634"}],"curies":[{"name":"wp","href":"https:\/\/api.w.org\/{rel}","templated":true}]}}