{"id":606631,"date":"2025-08-10T12:48:08","date_gmt":"2025-08-10T10:48:08","guid":{"rendered":"https:\/\/lucacastelli.com\/prodotto\/milwaukee-energy-kit-mx-fuel-forge-2-x-12-ah-1-x-chargeur-super-rapide\/"},"modified":"2025-08-10T12:48:08","modified_gmt":"2025-08-10T10:48:08","slug":"milwaukee-energy-kit-mx-fuel-forge-2-x-12-ah-1-x-chargeur-super-rapide","status":"publish","type":"product","link":"https:\/\/lucacastelli.com\/fr\/produit\/milwaukee-energy-kit-mx-fuel-forge-2-x-12-ah-1-x-chargeur-super-rapide\/","title":{"rendered":"Milwaukee Energy Kit MX FUEL FORGE\u2122 (2 x 12 Ah, 1 x chargeur super rapide)"},"content":{"rendered":"<p>MXF POURGENRG-122 \/KIT D&#8217;\u00c9NERGIE MXF<br \/>\nBatterie MX FUEL 12 Ah : la batterie la plus puissante de la plateforme MX FUEL;D\u00e9livre jusqu&#8217;\u00e0 50 % de puissance en plus et chauffe jusqu&#8217;\u00e0 50 % de moins que la batterie MX FUEL XC406 (6 Ah);Charge compl\u00e8te en seulement 65 minutes avec le chargeur super rapide MX FUEL;Technologie de refroidissement actif : te permet de retrouver ta pleine capacit\u00e9 plus rapidement gr\u00e2ce \u00e0 la technologie COOL-CYCLE\u2122;Conception ergonomique r\u00e9vis\u00e9e pour un confort maximal;Compatibilit\u00e9 totale avec tous les outils de la plateforme MX FUEL;Le syst\u00e8me de suivi et de s\u00e9curit\u00e9 ONE-KEY\u2122 offre un suivi et une gestion des stocks gratuits bas\u00e9s sur le cloud, avec \u00e9galement des fonctionnalit\u00e9s de verrouillage \u00e0 distance et de cr\u00e9ation de rapports sur les applications ;Conception actualis\u00e9e des \u00e9vents pour une circulation maximale de l&#8217;air provenant des chargeurs COOL-CYCLE\u2122;Compatible avec tous les outils MX FUEL;Rev\u00eatement caoutchout\u00e9 5x dans les zones les plus expos\u00e9es aux chocs pour une protection maximale;Poign\u00e9e, pour un transport facile.<\/p>\n<p>4933493549<br \/>\n4058546484200<\/p>\n","protected":false},"excerpt":{"rendered":"<p>MXF POURGENRG-122 \/KIT D&#8217;\u00c9NERGIE MXF<\/p>\n","protected":false},"featured_media":586162,"template":"","meta":{"_seopress_robots_primary_cat":"","_seopress_titles_title":"","_seopress_titles_desc":"","_seopress_robots_index":""},"product_brand":[3407],"product_cat":[29,491],"product_tag":[3270],"class_list":{"0":"post-606631","1":"product","2":"type-product","3":"status-publish","4":"has-post-thumbnail","6":"product_brand-milwaukee","7":"product_cat-macchinari","8":"product_cat-accessori-sistemi-a-batteria","9":"product_tag-import-milwau","10":"sws-conto-ricavi-merci-rivendita-macchinari-fr","11":"sws-gruppo-iva-iva81-fr","13":"first","14":"onbackorder","15":"sale","16":"shipping-taxable","17":"purchasable","18":"product-type-simple"},"_links":{"self":[{"href":"https:\/\/lucacastelli.com\/fr\/wp-json\/wp\/v2\/product\/606631","targetHints":{"allow":["GET"]}}],"collection":[{"href":"https:\/\/lucacastelli.com\/fr\/wp-json\/wp\/v2\/product"}],"about":[{"href":"https:\/\/lucacastelli.com\/fr\/wp-json\/wp\/v2\/types\/product"}],"wp:featuredmedia":[{"embeddable":true,"href":"https:\/\/lucacastelli.com\/fr\/wp-json\/wp\/v2\/media\/586162"}],"wp:attachment":[{"href":"https:\/\/lucacastelli.com\/fr\/wp-json\/wp\/v2\/media?parent=606631"}],"wp:term":[{"taxonomy":"product_brand","embeddable":true,"href":"https:\/\/lucacastelli.com\/fr\/wp-json\/wp\/v2\/product_brand?post=606631"},{"taxonomy":"product_cat","embeddable":true,"href":"https:\/\/lucacastelli.com\/fr\/wp-json\/wp\/v2\/product_cat?post=606631"},{"taxonomy":"product_tag","embeddable":true,"href":"https:\/\/lucacastelli.com\/fr\/wp-json\/wp\/v2\/product_tag?post=606631"}],"curies":[{"name":"wp","href":"https:\/\/api.w.org\/{rel}","templated":true}]}}