{"id":606626,"date":"2025-08-10T12:48:05","date_gmt":"2025-08-10T10:48:05","guid":{"rendered":"https:\/\/lucacastelli.com\/prodotto\/milwaukee-chariot-pour-la-trancheuse-mxf-cos350g2\/"},"modified":"2025-08-14T12:52:44","modified_gmt":"2025-08-14T10:52:44","slug":"milwaukee-chariot-pour-la-trancheuse-mxf-cos350g2","status":"publish","type":"product","link":"https:\/\/lucacastelli.com\/fr\/produit\/milwaukee-chariot-pour-la-trancheuse-mxf-cos350g2\/","title":{"rendered":"Milwaukee Chariot pour la Tron\u00e7onneuse MXF COS350G2"},"content":{"rendered":"<p>MXF COSCG2\/TRONCATR CHARIOT<br \/>\nChariot de scie \u00e0 onglets 350 mm pour maintenir des coupes droites avec une profondeur de coupe de 125 mm;Poign\u00e9e de guidage r\u00e9glable en hauteur et poign\u00e9e de r\u00e9glage de la profondeur facile \u00e0 atteindre pour une utilisation ais\u00e9e d&#8217;une seule main ;Fixation sans outil de la machine et du r\u00e9servoir d&#8217;eau, compatible avec le syst\u00e8me interchangeable d&#8217;alimentation en eau et de pulv\u00e9risation M18 SWITCH TANK\u2122;Possibilit\u00e9 de stocker une batterie de rechange;Pour des coupes droites pr\u00e9cises dans le b\u00e9ton ou l&#8217;asphalte<\/p>\n<p>4933493264<br \/>\n4058546481353.<\/p>\n","protected":false},"excerpt":{"rendered":"<p>MXF COSCG2\/TRUNK CART<\/p>\n","protected":false},"featured_media":585162,"template":"","meta":{"_seopress_robots_primary_cat":"","_seopress_titles_title":"","_seopress_titles_desc":"","_seopress_robots_index":""},"product_brand":[3407],"product_cat":[29,495,496],"product_tag":[3270],"class_list":{"0":"post-606626","1":"product","2":"type-product","3":"status-publish","4":"has-post-thumbnail","6":"product_brand-milwaukee","7":"product_cat-macchinari","8":"product_cat-troncatrici-e-mototroncatrici","9":"product_cat-troncatrici","10":"product_tag-import-milwau","11":"sws-conto-ricavi-merci-rivendita-macchinari-fr","12":"sws-gruppo-iva-iva81-fr","14":"first","15":"onbackorder","16":"sale","17":"shipping-taxable","18":"purchasable","19":"product-type-simple"},"_links":{"self":[{"href":"https:\/\/lucacastelli.com\/fr\/wp-json\/wp\/v2\/product\/606626","targetHints":{"allow":["GET"]}}],"collection":[{"href":"https:\/\/lucacastelli.com\/fr\/wp-json\/wp\/v2\/product"}],"about":[{"href":"https:\/\/lucacastelli.com\/fr\/wp-json\/wp\/v2\/types\/product"}],"wp:featuredmedia":[{"embeddable":true,"href":"https:\/\/lucacastelli.com\/fr\/wp-json\/wp\/v2\/media\/585162"}],"wp:attachment":[{"href":"https:\/\/lucacastelli.com\/fr\/wp-json\/wp\/v2\/media?parent=606626"}],"wp:term":[{"taxonomy":"product_brand","embeddable":true,"href":"https:\/\/lucacastelli.com\/fr\/wp-json\/wp\/v2\/product_brand?post=606626"},{"taxonomy":"product_cat","embeddable":true,"href":"https:\/\/lucacastelli.com\/fr\/wp-json\/wp\/v2\/product_cat?post=606626"},{"taxonomy":"product_tag","embeddable":true,"href":"https:\/\/lucacastelli.com\/fr\/wp-json\/wp\/v2\/product_tag?post=606626"}],"curies":[{"name":"wp","href":"https:\/\/api.w.org\/{rel}","templated":true}]}}