{"id":606624,"date":"2025-08-10T12:42:55","date_gmt":"2025-08-10T10:42:55","guid":{"rendered":"https:\/\/lucacastelli.com\/prodotto\/aiguilles-vibrantes-milwaukee-pour-le-vibrateur-de-beton-mx-fuel-a-haute-frequence-5\/"},"modified":"2025-08-10T12:42:55","modified_gmt":"2025-08-10T10:42:55","slug":"aiguilles-vibrantes-milwaukee-pour-le-vibrateur-de-beton-mx-fuel-a-haute-frequence-5","status":"publish","type":"product","link":"https:\/\/lucacastelli.com\/fr\/produit\/aiguilles-vibrantes-milwaukee-pour-le-vibrateur-de-beton-mx-fuel-a-haute-frequence-5\/","title":{"rendered":"Aiguilles vibrantes Milwaukee pour le vibrateur de b\u00e9ton MX FUEL \u00e0 haute fr\u00e9quence."},"content":{"rendered":"<p>MXFCVSHF-5\/44 Vibrateur \u00e0 b\u00e9ton<br \/>\nL&#8217;arbre et la t\u00eate du vibrateur conviennent au compacteur \u00e0 b\u00e9ton \u00e0 haute fr\u00e9quence MXF CVHF<\/p>\n<p>4932498136<br \/>\n4058546512965<\/p>\n","protected":false},"excerpt":{"rendered":"<p>MXFCVSHF-5\/44 Vibrateur \u00e0 b\u00e9ton<\/p>\n","protected":false},"featured_media":600720,"template":"","meta":{"_seopress_robots_primary_cat":"","_seopress_titles_title":"","_seopress_titles_desc":"","_seopress_robots_index":""},"product_brand":[3407],"product_cat":[5531,29,514],"product_tag":[3270],"class_list":{"0":"post-606624","1":"product","2":"type-product","3":"status-publish","4":"has-post-thumbnail","6":"product_brand-milwaukee","7":"product_cat-vari-macchinari-milwaukee","8":"product_cat-macchinari","9":"product_cat-altri-dispositivi","10":"product_tag-import-milwau","11":"sws-conto-ricavi-merci-rivendita-macchinari-fr","12":"sws-gruppo-iva-iva81-fr","14":"first","15":"onbackorder","16":"sale","17":"shipping-taxable","18":"purchasable","19":"product-type-simple"},"_links":{"self":[{"href":"https:\/\/lucacastelli.com\/fr\/wp-json\/wp\/v2\/product\/606624","targetHints":{"allow":["GET"]}}],"collection":[{"href":"https:\/\/lucacastelli.com\/fr\/wp-json\/wp\/v2\/product"}],"about":[{"href":"https:\/\/lucacastelli.com\/fr\/wp-json\/wp\/v2\/types\/product"}],"wp:featuredmedia":[{"embeddable":true,"href":"https:\/\/lucacastelli.com\/fr\/wp-json\/wp\/v2\/media\/600720"}],"wp:attachment":[{"href":"https:\/\/lucacastelli.com\/fr\/wp-json\/wp\/v2\/media?parent=606624"}],"wp:term":[{"taxonomy":"product_brand","embeddable":true,"href":"https:\/\/lucacastelli.com\/fr\/wp-json\/wp\/v2\/product_brand?post=606624"},{"taxonomy":"product_cat","embeddable":true,"href":"https:\/\/lucacastelli.com\/fr\/wp-json\/wp\/v2\/product_cat?post=606624"},{"taxonomy":"product_tag","embeddable":true,"href":"https:\/\/lucacastelli.com\/fr\/wp-json\/wp\/v2\/product_tag?post=606624"}],"curies":[{"name":"wp","href":"https:\/\/api.w.org\/{rel}","templated":true}]}}