{"id":606616,"date":"2025-08-10T12:42:50","date_gmt":"2025-08-10T10:42:50","guid":{"rendered":"https:\/\/lucacastelli.com\/prodotto\/milwaukee-plaque-de-sol-pour-plaque-vibrante-mx-fuel\/"},"modified":"2025-08-10T12:42:50","modified_gmt":"2025-08-10T10:42:50","slug":"milwaukee-plaque-de-sol-pour-plaque-vibrante-mx-fuel","status":"publish","type":"product","link":"https:\/\/lucacastelli.com\/fr\/produit\/milwaukee-plaque-de-sol-pour-plaque-vibrante-mx-fuel\/","title":{"rendered":"Milwaukee Plaque de sol pour plaque vibrante MX FUEL"},"content":{"rendered":"<p>Compacteur \u00e0 plaque MXF Pav\u00e9<br \/>\nL&#8217;outil de montage est fix\u00e9 directement au compresseur et permet ainsi un acc\u00e8s rapide et facile;Compression dans les deux sens pour les tuiles, les cailloux et les pierres de patio;\u00c0 utiliser avec la plaque vibrante MX FUEL (MXF PC50)<\/p>\n<p>4932493273<br \/>\n4058546481445.<\/p>\n","protected":false},"excerpt":{"rendered":"<p>Compacteur \u00e0 plaque MXF Paver Pad<\/p>\n","protected":false},"featured_media":600502,"template":"","meta":{"_seopress_robots_primary_cat":"","_seopress_titles_title":"","_seopress_titles_desc":"","_seopress_robots_index":""},"product_brand":[3658],"product_cat":[1453,5532,167],"product_tag":[3273],"class_list":{"0":"post-606616","1":"product","2":"type-product","3":"status-publish","4":"has-post-thumbnail","6":"product_brand-milwaukee-fr","7":"product_cat-autres-appareils","8":"product_cat-diverses-machines-milwaukee","9":"product_cat-machines","10":"product_tag-import-milwau-fr","11":"sws-conto-ricavi-merci-rivendita-macchinari-fr","12":"sws-gruppo-iva-iva81-fr","14":"first","15":"onbackorder","16":"sale","17":"shipping-taxable","18":"purchasable","19":"product-type-simple"},"_links":{"self":[{"href":"https:\/\/lucacastelli.com\/fr\/wp-json\/wp\/v2\/product\/606616","targetHints":{"allow":["GET"]}}],"collection":[{"href":"https:\/\/lucacastelli.com\/fr\/wp-json\/wp\/v2\/product"}],"about":[{"href":"https:\/\/lucacastelli.com\/fr\/wp-json\/wp\/v2\/types\/product"}],"wp:featuredmedia":[{"embeddable":true,"href":"https:\/\/lucacastelli.com\/fr\/wp-json\/wp\/v2\/media\/600502"}],"wp:attachment":[{"href":"https:\/\/lucacastelli.com\/fr\/wp-json\/wp\/v2\/media?parent=606616"}],"wp:term":[{"taxonomy":"product_brand","embeddable":true,"href":"https:\/\/lucacastelli.com\/fr\/wp-json\/wp\/v2\/product_brand?post=606616"},{"taxonomy":"product_cat","embeddable":true,"href":"https:\/\/lucacastelli.com\/fr\/wp-json\/wp\/v2\/product_cat?post=606616"},{"taxonomy":"product_tag","embeddable":true,"href":"https:\/\/lucacastelli.com\/fr\/wp-json\/wp\/v2\/product_tag?post=606616"}],"curies":[{"name":"wp","href":"https:\/\/api.w.org\/{rel}","templated":true}]}}