{"id":606607,"date":"2025-08-10T16:51:08","date_gmt":"2025-08-10T14:51:08","guid":{"rendered":"https:\/\/lucacastelli.com\/prodotto\/milwaukee-souffleur-de-jardin-m18-foph\/"},"modified":"2025-08-10T16:51:08","modified_gmt":"2025-08-10T14:51:08","slug":"milwaukee-souffleur-de-jardin-m18-foph","status":"publish","type":"product","link":"https:\/\/lucacastelli.com\/fr\/produit\/milwaukee-souffleur-de-jardin-m18-foph\/","title":{"rendered":"Milwaukee Souffleur de jardin M18 FOPH"},"content":{"rendered":"<p>M18 FOPH-BA \/MULTITION MACHINE<br \/>\nJusqu&#8217;\u00e0 14.Volume d&#8217;air de 2 m\u00b3\/min \u00e0 193 km\/h pour un nettoyage maximal des feuilles, des d\u00e9bris et du gravier;Nettoie efficacement les coins \u00e9troits et autres zones difficiles d&#8217;acc\u00e8s;Id\u00e9al pour une utilisation sous les surplombs ou autres objets pour d\u00e9gager les mat\u00e9riaux;Compatible avec une buse plate et conique;Atteint la vitesse maximale en moins d&#8217;une seconde, pour une puissance imm\u00e9diate;Rallonge de souffleur pour l&#8217;outil multifonctionnel de jardin M18 FOPH<\/p>\n<p>4932492668<br \/>\n4058546475390.<\/p>\n","protected":false},"excerpt":{"rendered":"<p>M18 FOPH-BA \/MULTI-TOOL<\/p>\n","protected":false},"featured_media":596304,"template":"","meta":{"_seopress_robots_primary_cat":"","_seopress_titles_title":"","_seopress_titles_desc":"","_seopress_robots_index":""},"product_brand":[3658],"product_cat":[167,1638],"product_tag":[3273],"class_list":{"0":"post-606607","1":"product","2":"type-product","3":"status-publish","4":"has-post-thumbnail","6":"product_brand-milwaukee-fr","7":"product_cat-machines","8":"product_cat-systemes-kombi-et-multi","9":"product_tag-import-milwau-fr","10":"sws-conto-ricavi-merci-rivendita-macchinari-fr","11":"sws-gruppo-iva-iva81-fr","13":"first","14":"onbackorder","15":"sale","16":"shipping-taxable","17":"purchasable","18":"product-type-simple"},"_links":{"self":[{"href":"https:\/\/lucacastelli.com\/fr\/wp-json\/wp\/v2\/product\/606607","targetHints":{"allow":["GET"]}}],"collection":[{"href":"https:\/\/lucacastelli.com\/fr\/wp-json\/wp\/v2\/product"}],"about":[{"href":"https:\/\/lucacastelli.com\/fr\/wp-json\/wp\/v2\/types\/product"}],"wp:featuredmedia":[{"embeddable":true,"href":"https:\/\/lucacastelli.com\/fr\/wp-json\/wp\/v2\/media\/596304"}],"wp:attachment":[{"href":"https:\/\/lucacastelli.com\/fr\/wp-json\/wp\/v2\/media?parent=606607"}],"wp:term":[{"taxonomy":"product_brand","embeddable":true,"href":"https:\/\/lucacastelli.com\/fr\/wp-json\/wp\/v2\/product_brand?post=606607"},{"taxonomy":"product_cat","embeddable":true,"href":"https:\/\/lucacastelli.com\/fr\/wp-json\/wp\/v2\/product_cat?post=606607"},{"taxonomy":"product_tag","embeddable":true,"href":"https:\/\/lucacastelli.com\/fr\/wp-json\/wp\/v2\/product_tag?post=606607"}],"curies":[{"name":"wp","href":"https:\/\/api.w.org\/{rel}","templated":true}]}}