{"id":606599,"date":"2025-08-10T17:54:13","date_gmt":"2025-08-10T15:54:13","guid":{"rendered":"https:\/\/lucacastelli.com\/prodotto\/milwaukee-one-key-autocollants-dinventaire\/"},"modified":"2025-08-10T17:54:13","modified_gmt":"2025-08-10T15:54:13","slug":"milwaukee-one-key-autocollants-dinventaire","status":"publish","type":"product","link":"https:\/\/lucacastelli.com\/fr\/produit\/milwaukee-one-key-autocollants-dinventaire\/","title":{"rendered":"Milwaukee ONE-KEY\u2122 autocollants d&#8217;inventaire"},"content":{"rendered":"<p>AIDTSM &#8211; PETIT, SURFACE M\u00c9TALLIQUE 100 PC<br \/>\nAutocollants d&#8217;inventaire durables : peuvent \u00eatre facilement appliqu\u00e9s sur les outils \u00e9lectriques et les \u00e9quipements de travail;Compatible avec le syst\u00e8me ONE-KEY\u2122, avec fonction d&#8217;inventaire et de gestion des outils;Facile \u00e0 utiliser : num\u00e9risation via la cam\u00e9ra du smartphone ou de la tablette et avec l&#8217;application ONE-KEY\u2122;Num\u00e9risation rapide et fiable avec le code QR 2-D;L&#8217;application ONE-KEY\u2122 enregistre le dernier emplacement d\u00e9tect\u00e9 et l&#8217;heure \u00e0 chaque num\u00e9risation;Op\u00e9rations d&#8217;inventaire simples et intuitives;V\u00e9rification rapide du stock ou du parc d&#8217;outils en cours d&#8217;utilisation<\/p>\n<p>4932480561<br \/>\n4058546408466.<\/p>\n","protected":false},"excerpt":{"rendered":"<p>AIDTSM &#8211; PETIT, SURFACE M\u00c9TALLIQUE 100 PC<\/p>\n","protected":false},"featured_media":552336,"template":"","meta":{"_seopress_robots_primary_cat":"","_seopress_titles_title":"","_seopress_titles_desc":"","_seopress_robots_index":""},"product_brand":[3407],"product_cat":[29,514,551],"product_tag":[3270],"class_list":{"0":"post-606599","1":"product","2":"type-product","3":"status-publish","4":"has-post-thumbnail","6":"product_brand-milwaukee","7":"product_cat-macchinari","8":"product_cat-altri-dispositivi","9":"product_cat-apparecchi-di-misurazione","10":"product_tag-import-milwau","11":"sws-conto-ricavi-merci-rivendita-macchinari-fr","12":"sws-gruppo-iva-iva81-fr","14":"first","15":"onbackorder","16":"sale","17":"shipping-taxable","18":"purchasable","19":"product-type-simple"},"_links":{"self":[{"href":"https:\/\/lucacastelli.com\/fr\/wp-json\/wp\/v2\/product\/606599","targetHints":{"allow":["GET"]}}],"collection":[{"href":"https:\/\/lucacastelli.com\/fr\/wp-json\/wp\/v2\/product"}],"about":[{"href":"https:\/\/lucacastelli.com\/fr\/wp-json\/wp\/v2\/types\/product"}],"wp:featuredmedia":[{"embeddable":true,"href":"https:\/\/lucacastelli.com\/fr\/wp-json\/wp\/v2\/media\/552336"}],"wp:attachment":[{"href":"https:\/\/lucacastelli.com\/fr\/wp-json\/wp\/v2\/media?parent=606599"}],"wp:term":[{"taxonomy":"product_brand","embeddable":true,"href":"https:\/\/lucacastelli.com\/fr\/wp-json\/wp\/v2\/product_brand?post=606599"},{"taxonomy":"product_cat","embeddable":true,"href":"https:\/\/lucacastelli.com\/fr\/wp-json\/wp\/v2\/product_cat?post=606599"},{"taxonomy":"product_tag","embeddable":true,"href":"https:\/\/lucacastelli.com\/fr\/wp-json\/wp\/v2\/product_tag?post=606599"}],"curies":[{"name":"wp","href":"https:\/\/api.w.org\/{rel}","templated":true}]}}