{"id":606595,"date":"2025-08-10T14:59:33","date_gmt":"2025-08-10T12:59:33","guid":{"rendered":"https:\/\/lucacastelli.com\/prodotto\/milwaukee-energy-kit-12-ah-m18-forge\/"},"modified":"2025-08-10T14:59:33","modified_gmt":"2025-08-10T12:59:33","slug":"milwaukee-energy-kit-12-ah-m18-forge","status":"publish","type":"product","link":"https:\/\/lucacastelli.com\/fr\/produit\/milwaukee-energy-kit-12-ah-m18-forge\/","title":{"rendered":"Milwaukee Energy Kit 12 Ah M18 FORGE\u2122"},"content":{"rendered":"<p>M18FORGENRG-122\/NRG KIT 2X12+M12-18FC<br \/>\nBatterie M18 FB12;COOL-CYCLE\u2122 : Le syst\u00e8me de refroidissement actif peut assurer un refroidissement \u00e0 grande vitesse pour r\u00e9duire les temps d&#8217;arr\u00eat;REDLITHIUM\u2122 FORGE\u2122 est la technologie de batterie la plus puissante, qui se recharge plus rapidement et a une dur\u00e9e de vie plus longue parmi les batteries REDLITHIUM\u2122;Bo\u00eetier durable con\u00e7u pour offrir une meilleure protection contre les huiles, solvants et graisses les plus courants;Dur\u00e9e de vie plus longue, pour assurer plus de recharges et de meilleures performances pendant toute sa dur\u00e9e de vie ;Autonomie maximale, pour les applications n\u00e9cessitant des performances \u00e9lev\u00e9es;Kompatibel mit allen M18-Werkzeugen der Produktreihe;Compatible avec tous les outils M18 de la gamme;L&#8217;\u00e9lectronique intelligente REDLINK\u2122 prot\u00e8ge le bloc-batterie des situations les plus difficiles et garantit des performances maximales;Chargeur M12-18 FC;Recharge toutes les batteries M18 et M12\u2122 REDLITHIUM;Chargement s\u00e9quentiel &#8211; la premi\u00e8re batterie ins\u00e9r\u00e9e est recharg\u00e9e &#8211; moins de temps consacr\u00e9 \u00e0 la gestion de la charge.<\/p>\n<p>4933498610<br \/>\n4058546524791<\/p>\n","protected":false},"excerpt":{"rendered":"<p>M18FORGENRG-122\/NRG KIT 2X12+M12-18FC<\/p>\n","protected":false},"featured_media":587614,"template":"","meta":{"_seopress_robots_primary_cat":"","_seopress_titles_title":"","_seopress_titles_desc":"","_seopress_robots_index":""},"product_brand":[3658],"product_cat":[167,1450],"product_tag":[3273],"class_list":{"0":"post-606595","1":"product","2":"type-product","3":"status-publish","4":"has-post-thumbnail","6":"product_brand-milwaukee-fr","7":"product_cat-machines","8":"product_cat-systemes-de-batteries-accessoires","9":"product_tag-import-milwau-fr","10":"sws-conto-ricavi-merci-rivendita-macchinari-fr","11":"sws-gruppo-iva-iva81-fr","13":"first","14":"onbackorder","15":"sale","16":"shipping-taxable","17":"purchasable","18":"product-type-simple"},"_links":{"self":[{"href":"https:\/\/lucacastelli.com\/fr\/wp-json\/wp\/v2\/product\/606595","targetHints":{"allow":["GET"]}}],"collection":[{"href":"https:\/\/lucacastelli.com\/fr\/wp-json\/wp\/v2\/product"}],"about":[{"href":"https:\/\/lucacastelli.com\/fr\/wp-json\/wp\/v2\/types\/product"}],"wp:featuredmedia":[{"embeddable":true,"href":"https:\/\/lucacastelli.com\/fr\/wp-json\/wp\/v2\/media\/587614"}],"wp:attachment":[{"href":"https:\/\/lucacastelli.com\/fr\/wp-json\/wp\/v2\/media?parent=606595"}],"wp:term":[{"taxonomy":"product_brand","embeddable":true,"href":"https:\/\/lucacastelli.com\/fr\/wp-json\/wp\/v2\/product_brand?post=606595"},{"taxonomy":"product_cat","embeddable":true,"href":"https:\/\/lucacastelli.com\/fr\/wp-json\/wp\/v2\/product_cat?post=606595"},{"taxonomy":"product_tag","embeddable":true,"href":"https:\/\/lucacastelli.com\/fr\/wp-json\/wp\/v2\/product_tag?post=606595"}],"curies":[{"name":"wp","href":"https:\/\/api.w.org\/{rel}","templated":true}]}}