{"id":606593,"date":"2025-08-10T14:59:30","date_gmt":"2025-08-10T12:59:30","guid":{"rendered":"https:\/\/lucacastelli.com\/prodotto\/milwaukee-energy-kit-m18-forge-2-x-6-ah-1-x-chargeur-m18-dbsc\/"},"modified":"2025-08-10T14:59:30","modified_gmt":"2025-08-10T12:59:30","slug":"milwaukee-energy-kit-m18-forge-2-x-6-ah-1-x-chargeur-m18-dbsc","status":"publish","type":"product","link":"https:\/\/lucacastelli.com\/fr\/produit\/milwaukee-energy-kit-m18-forge-2-x-6-ah-1-x-chargeur-m18-dbsc\/","title":{"rendered":"Milwaukee ENERGY KIT M18 FORGE\u2122 ( 2 X 6 AH, 1 X chargeur M18 DBSC)"},"content":{"rendered":"<p>M18 POURGENRG-602 \/KIT D&#8217;\u00c9NERGIE<br \/>\nLib\u00e8re la puissance de la batterie M18 HIGH OUTPUT\u2122 de 12 Ah, sous une forme plus compacte et plus l\u00e9g\u00e8re;Atteint 80 % de charge en seulement 15 minutes, lorsqu&#8217;elle est charg\u00e9e via le chargeur simultan\u00e9 M18 Super Rapid;Dur\u00e9e de vie accrue, pour garantir plus de recharges et de meilleures performances tout au long de sa dur\u00e9e de vie ;REDLITHIUM\u2122 FORGE\u2122 est la technologie de batterie la plus puissante, la plus rapide \u00e0 recharger et la plus longue dur\u00e9e de vie parmi les batteries REDLITHIUM\u2122;Offre la meilleure protection contre les conditions environnementales, atmosph\u00e9riques et de chantier;Bo\u00eetier durable con\u00e7u pour offrir une protection accrue contre les huiles, les solvants et les graisses les plus courants ;Le syst\u00e8me \u00e9lectronique intelligent REDLINK\u2122 prot\u00e8ge le bloc-batterie des situations les plus difficiles et garantit des performances maximales;Compatible avec tous les outils M18 de la gamme;Indicateur d&#8217;\u00e9tat de charge de la batterie am\u00e9lior\u00e9 pour une meilleure visibilit\u00e9 \u00e0 la lumi\u00e8re du soleil;La r\u00e9partition adaptative de la charge permet de charger plusieurs batteries simultan\u00e9ment pour optimiser la productivit\u00e9;Chargement simultan\u00e9 de deux batteries M18 avec le chargeur rapide simultan\u00e9;Le syst\u00e8me de refroidissement actif COOL-CYCLE\u2122 assure un refroidissement \u00e0 grande vitesse pour r\u00e9duire les temps d&#8217;immobilisation. La fonction de refroidissement actif fonctionne avec les batteries \u00e9quip\u00e9es de la fonctionnalit\u00e9 COOL-CYCLE\u2122. <\/p>\n<p>4933498549<br \/>\n4058546524180<\/p>\n","protected":false},"excerpt":{"rendered":"<p>M18 POURGENRG-602 \/KIT D&#8217;\u00c9NERGIE<\/p>\n","protected":false},"featured_media":587595,"template":"","meta":{"_seopress_robots_primary_cat":"","_seopress_titles_title":"","_seopress_titles_desc":"","_seopress_robots_index":""},"product_brand":[3407],"product_cat":[29,491],"product_tag":[3270],"class_list":{"0":"post-606593","1":"product","2":"type-product","3":"status-publish","4":"has-post-thumbnail","6":"product_brand-milwaukee","7":"product_cat-macchinari","8":"product_cat-accessori-sistemi-a-batteria","9":"product_tag-import-milwau","10":"sws-conto-ricavi-merci-rivendita-macchinari-fr","11":"sws-gruppo-iva-iva81-fr","13":"first","14":"onbackorder","15":"sale","16":"shipping-taxable","17":"purchasable","18":"product-type-simple"},"_links":{"self":[{"href":"https:\/\/lucacastelli.com\/fr\/wp-json\/wp\/v2\/product\/606593","targetHints":{"allow":["GET"]}}],"collection":[{"href":"https:\/\/lucacastelli.com\/fr\/wp-json\/wp\/v2\/product"}],"about":[{"href":"https:\/\/lucacastelli.com\/fr\/wp-json\/wp\/v2\/types\/product"}],"wp:featuredmedia":[{"embeddable":true,"href":"https:\/\/lucacastelli.com\/fr\/wp-json\/wp\/v2\/media\/587595"}],"wp:attachment":[{"href":"https:\/\/lucacastelli.com\/fr\/wp-json\/wp\/v2\/media?parent=606593"}],"wp:term":[{"taxonomy":"product_brand","embeddable":true,"href":"https:\/\/lucacastelli.com\/fr\/wp-json\/wp\/v2\/product_brand?post=606593"},{"taxonomy":"product_cat","embeddable":true,"href":"https:\/\/lucacastelli.com\/fr\/wp-json\/wp\/v2\/product_cat?post=606593"},{"taxonomy":"product_tag","embeddable":true,"href":"https:\/\/lucacastelli.com\/fr\/wp-json\/wp\/v2\/product_tag?post=606593"}],"curies":[{"name":"wp","href":"https:\/\/api.w.org\/{rel}","templated":true}]}}