{"id":606590,"date":"2025-08-12T17:59:57","date_gmt":"2025-08-12T15:59:57","guid":{"rendered":"https:\/\/lucacastelli.com\/prodotto\/milwaukee-maillet-a-tete-plate-et-spherique-2\/"},"modified":"2025-08-12T17:59:57","modified_gmt":"2025-08-12T15:59:57","slug":"milwaukee-maillet-a-tete-plate-et-spherique-2","status":"publish","type":"product","link":"https:\/\/lucacastelli.com\/fr\/produit\/milwaukee-maillet-a-tete-plate-et-spherique-2\/","title":{"rendered":"Milwaukee Maillet \u00e0 t\u00eate plate et sph\u00e9rique"},"content":{"rendered":"<p>T\u00caTE PLAT \/ STYLO PLAT 450g<br \/>\nConception \u00e9quilibr\u00e9e et t\u00eate remplie de grains d&#8217;acier pour un meilleur contr\u00f4le;M\u00e9tal durable sur la t\u00eate et le stylo pour \u00e9viter les \u00e9br\u00e9chures;Poign\u00e9e renforc\u00e9e en acier pour plus de solidit\u00e9;Poign\u00e9e surmoul\u00e9e pour une meilleure prise en main<\/p>\n<p>4932492348<br \/>\n4058546417154<\/p>\n","protected":false},"excerpt":{"rendered":"<p>T\u00eate plate\/stylo plat 450g<\/p>\n","protected":false},"featured_media":555960,"template":"","meta":{"_seopress_robots_primary_cat":"","_seopress_titles_title":"","_seopress_titles_desc":"","_seopress_robots_index":""},"product_brand":[3407],"product_cat":[5416,33],"product_tag":[3270],"class_list":{"0":"post-606590","1":"product","2":"type-product","3":"status-publish","4":"has-post-thumbnail","6":"product_brand-milwaukee","7":"product_cat-utensili-per-officina","8":"product_cat-attrezzature","9":"product_tag-import-milwau","10":"sws-gruppo-macchinari-fr","11":"sws-conto-ricavi-merci-rivendita-macchinari-fr","12":"sws-gruppo-iva-iva81-fr","14":"first","15":"onbackorder","16":"sale","17":"shipping-taxable","18":"purchasable","19":"product-type-simple"},"_links":{"self":[{"href":"https:\/\/lucacastelli.com\/fr\/wp-json\/wp\/v2\/product\/606590","targetHints":{"allow":["GET"]}}],"collection":[{"href":"https:\/\/lucacastelli.com\/fr\/wp-json\/wp\/v2\/product"}],"about":[{"href":"https:\/\/lucacastelli.com\/fr\/wp-json\/wp\/v2\/types\/product"}],"wp:featuredmedia":[{"embeddable":true,"href":"https:\/\/lucacastelli.com\/fr\/wp-json\/wp\/v2\/media\/555960"}],"wp:attachment":[{"href":"https:\/\/lucacastelli.com\/fr\/wp-json\/wp\/v2\/media?parent=606590"}],"wp:term":[{"taxonomy":"product_brand","embeddable":true,"href":"https:\/\/lucacastelli.com\/fr\/wp-json\/wp\/v2\/product_brand?post=606590"},{"taxonomy":"product_cat","embeddable":true,"href":"https:\/\/lucacastelli.com\/fr\/wp-json\/wp\/v2\/product_cat?post=606590"},{"taxonomy":"product_tag","embeddable":true,"href":"https:\/\/lucacastelli.com\/fr\/wp-json\/wp\/v2\/product_tag?post=606590"}],"curies":[{"name":"wp","href":"https:\/\/api.w.org\/{rel}","templated":true}]}}