{"id":606575,"date":"2025-08-10T16:46:47","date_gmt":"2025-08-10T14:46:47","guid":{"rendered":"https:\/\/lucacastelli.com\/prodotto\/milwaukee-m12-brushless-planer-raboteuse-sans-balais-2\/"},"modified":"2025-08-10T16:46:47","modified_gmt":"2025-08-10T14:46:47","slug":"milwaukee-m12-brushless-planer-raboteuse-sans-balais-2","status":"publish","type":"product","link":"https:\/\/lucacastelli.com\/fr\/produit\/milwaukee-m12-brushless-planer-raboteuse-sans-balais-2\/","title":{"rendered":"Milwaukee M12\u2122 Brushless Planer (raboteuse sans balais)"},"content":{"rendered":"<p>M12 BLP-0X \/PLANKS<br \/>\nLe rabot M12\u2122 est tr\u00e8s polyvalent gr\u00e2ce \u00e0 sa profondeur de coupe r\u00e9glable jusqu&#8217;\u00e0 2 mm. La largeur de rabotage de 51 mm la rend parfaite pour les applications les plus courantes;Compacte et l\u00e9g\u00e8re, elle peut \u00eatre utilis\u00e9e d&#8217;une seule main m\u00eame pour les applications en hauteur;L&#8217;aspiration de la poussi\u00e8re est possible des deux c\u00f4t\u00e9s;La raboteuse a 14 000 tours\/minute et garantit une finition constante et parfaite;Avec une batterie de 4,0 Ah, tu peux traiter jusqu&#8217;\u00e0 60 m de ch\u00eane avec une profondeur de 2 mm;Jusqu&#8217;\u00e0 17,5 mm de feuillure;Support de base amovible pour prot\u00e9ger le mat\u00e9riau des coups accidentels;Lames de rechange \u00e0 double face disponibles dans la raboteuse. <\/p>\n<p>4933492850<br \/>\n4058546477219<\/p>\n","protected":false},"excerpt":{"rendered":"<p>M12 BLP-0X \/PLAQUES<\/p>\n","protected":false},"featured_media":584602,"template":"","meta":{"_seopress_robots_primary_cat":"","_seopress_titles_title":"","_seopress_titles_desc":"","_seopress_robots_index":""},"product_brand":[3407],"product_cat":[5531,29],"product_tag":[3270],"class_list":{"0":"post-606575","1":"product","2":"type-product","3":"status-publish","4":"has-post-thumbnail","6":"product_brand-milwaukee","7":"product_cat-vari-macchinari-milwaukee","8":"product_cat-macchinari","9":"product_tag-import-milwau","10":"sws-conto-ricavi-merci-rivendita-macchinari-fr","11":"sws-gruppo-iva-iva81-fr","13":"first","14":"onbackorder","15":"sale","16":"shipping-taxable","17":"purchasable","18":"product-type-simple"},"_links":{"self":[{"href":"https:\/\/lucacastelli.com\/fr\/wp-json\/wp\/v2\/product\/606575","targetHints":{"allow":["GET"]}}],"collection":[{"href":"https:\/\/lucacastelli.com\/fr\/wp-json\/wp\/v2\/product"}],"about":[{"href":"https:\/\/lucacastelli.com\/fr\/wp-json\/wp\/v2\/types\/product"}],"wp:featuredmedia":[{"embeddable":true,"href":"https:\/\/lucacastelli.com\/fr\/wp-json\/wp\/v2\/media\/584602"}],"wp:attachment":[{"href":"https:\/\/lucacastelli.com\/fr\/wp-json\/wp\/v2\/media?parent=606575"}],"wp:term":[{"taxonomy":"product_brand","embeddable":true,"href":"https:\/\/lucacastelli.com\/fr\/wp-json\/wp\/v2\/product_brand?post=606575"},{"taxonomy":"product_cat","embeddable":true,"href":"https:\/\/lucacastelli.com\/fr\/wp-json\/wp\/v2\/product_cat?post=606575"},{"taxonomy":"product_tag","embeddable":true,"href":"https:\/\/lucacastelli.com\/fr\/wp-json\/wp\/v2\/product_tag?post=606575"}],"curies":[{"name":"wp","href":"https:\/\/api.w.org\/{rel}","templated":true}]}}