{"id":606574,"date":"2025-08-10T16:46:44","date_gmt":"2025-08-10T14:46:44","guid":{"rendered":"https:\/\/lucacastelli.com\/prodotto\/milwaukee-sds-plus-class-3-kg-chisel-driver\/"},"modified":"2025-08-10T16:46:44","modified_gmt":"2025-08-10T14:46:44","slug":"milwaukee-sds-plus-class-3-kg-chisel-driver","status":"publish","type":"product","link":"https:\/\/lucacastelli.com\/fr\/produit\/milwaukee-sds-plus-class-3-kg-chisel-driver\/","title":{"rendered":"Milwaukee SDS-Plus Class 3 kg Chisel Driver"},"content":{"rendered":"<p>PCE 3\/DEMOLITEURS ET PERCEURS<br \/>\nPuissant burin de 3,6 J;720 W de puissance;Interrupteur \u00e0 vitesse variable, pour un contr\u00f4le maximal;Bo\u00eete de vitesses enti\u00e8rement m\u00e9tallique, pour une r\u00e9sistance maximale;Poign\u00e9e suppl\u00e9mentaire r\u00e9glable en fonction de l&#8217;application;Poign\u00e9e anti-vibration AVS, pour un plus grand confort;Interrupteur de verrouillage pour un plus grand confort lors d&#8217;applications prolong\u00e9es;Burin r\u00e9glable en 35 positions;C\u00e2ble de 4 m<\/p>\n<p>4933384300<br \/>\n4002395232215<\/p>\n","protected":false},"excerpt":{"rendered":"<p>PCE 3\/D\u00c9MOLISSEURS ET FOREURS<\/p>\n","protected":false},"featured_media":568378,"template":"","meta":{"_seopress_robots_primary_cat":"","_seopress_titles_title":"","_seopress_titles_desc":"","_seopress_robots_index":""},"product_brand":[3407],"product_cat":[5531,29],"product_tag":[3270],"class_list":{"0":"post-606574","1":"product","2":"type-product","3":"status-publish","4":"has-post-thumbnail","6":"product_brand-milwaukee","7":"product_cat-vari-macchinari-milwaukee","8":"product_cat-macchinari","9":"product_tag-import-milwau","10":"sws-conto-ricavi-merci-rivendita-macchinari-fr","11":"sws-gruppo-iva-iva81-fr","13":"first","14":"onbackorder","15":"sale","16":"shipping-taxable","17":"purchasable","18":"product-type-simple"},"_links":{"self":[{"href":"https:\/\/lucacastelli.com\/fr\/wp-json\/wp\/v2\/product\/606574","targetHints":{"allow":["GET"]}}],"collection":[{"href":"https:\/\/lucacastelli.com\/fr\/wp-json\/wp\/v2\/product"}],"about":[{"href":"https:\/\/lucacastelli.com\/fr\/wp-json\/wp\/v2\/types\/product"}],"wp:featuredmedia":[{"embeddable":true,"href":"https:\/\/lucacastelli.com\/fr\/wp-json\/wp\/v2\/media\/568378"}],"wp:attachment":[{"href":"https:\/\/lucacastelli.com\/fr\/wp-json\/wp\/v2\/media?parent=606574"}],"wp:term":[{"taxonomy":"product_brand","embeddable":true,"href":"https:\/\/lucacastelli.com\/fr\/wp-json\/wp\/v2\/product_brand?post=606574"},{"taxonomy":"product_cat","embeddable":true,"href":"https:\/\/lucacastelli.com\/fr\/wp-json\/wp\/v2\/product_cat?post=606574"},{"taxonomy":"product_tag","embeddable":true,"href":"https:\/\/lucacastelli.com\/fr\/wp-json\/wp\/v2\/product_tag?post=606574"}],"curies":[{"name":"wp","href":"https:\/\/api.w.org\/{rel}","templated":true}]}}