{"id":606572,"date":"2025-08-10T16:38:17","date_gmt":"2025-08-10T14:38:17","guid":{"rendered":"https:\/\/lucacastelli.com\/prodotto\/milwaukee-bobine-de-fil-easy-load-pour-debroussailleuse-contient-du-fil-de-20-mm\/"},"modified":"2025-08-10T16:38:17","modified_gmt":"2025-08-10T14:38:17","slug":"milwaukee-bobine-de-fil-easy-load-pour-debroussailleuse-contient-du-fil-de-20-mm","status":"publish","type":"product","link":"https:\/\/lucacastelli.com\/fr\/produit\/milwaukee-bobine-de-fil-easy-load-pour-debroussailleuse-contient-du-fil-de-20-mm\/","title":{"rendered":"Milwaukee Bobine de fil Easy Load pour d\u00e9broussailleuse (contient du fil de 2,0 mm)."},"content":{"rendered":"<p>EasyLoad spools ric EasyLoad decespuglACC SIST<br \/>\nLa t\u00eate de d\u00e9broussailleuse Milwaukee\u00ae Easy Load a \u00e9t\u00e9 d\u00e9velopp\u00e9e pour r\u00e9pondre aux exigences professionnelles de l&#8217;am\u00e9nagement paysager.&lt;br&gt;  La t\u00eate de d\u00e9broussailleuse facilite le chargement du fil et peut \u00eatre charg\u00e9e en moins de 30 secondes avec une corde de d\u00e9broussailleuse de 25&#8242;, 0,080&#8242; ou 20&#8242; 095.&lt;br&gt;  La t\u00eate est compatible avec toutes les d\u00e9broussailleuses Milwaukee M18 FUEL et M18 Brushless String et peut d\u00e9broussailler jusqu&#8217;\u00e0 16 pouces en un seul passage.&lt;br&gt;  la t\u00eate utilise un m\u00e9canisme d&#8217;alimentation et est extr\u00eamement r\u00e9sistante \u00e0 l&#8217;usure, elle peut donc \u00eatre utilis\u00e9e plus longtemps.<\/p>\n<p>4932480180<br \/>\n4058546404659<\/p>\n","protected":false},"excerpt":{"rendered":"<p>EasyLoad spools ric EasyLoad decespuglACC SIST<\/p>\n","protected":false},"featured_media":547194,"template":"","meta":{"_seopress_robots_primary_cat":"","_seopress_titles_title":"","_seopress_titles_desc":"","_seopress_robots_index":""},"product_brand":[3407],"product_cat":[29,270,281],"product_tag":[3270],"class_list":{"0":"post-606572","1":"product","2":"type-product","3":"status-publish","4":"has-post-thumbnail","6":"product_brand-milwaukee","7":"product_cat-macchinari","8":"product_cat-decespugliatori-e-tagliabordi","9":"product_cat-decespugliatori-e-tagliabordi-a-batteria","10":"product_tag-import-milwau","11":"sws-conto-ricavi-merci-rivendita-macchinari-fr","12":"sws-gruppo-iva-iva81-fr","14":"first","15":"onbackorder","16":"shipping-taxable","17":"purchasable","18":"product-type-simple"},"_links":{"self":[{"href":"https:\/\/lucacastelli.com\/fr\/wp-json\/wp\/v2\/product\/606572","targetHints":{"allow":["GET"]}}],"collection":[{"href":"https:\/\/lucacastelli.com\/fr\/wp-json\/wp\/v2\/product"}],"about":[{"href":"https:\/\/lucacastelli.com\/fr\/wp-json\/wp\/v2\/types\/product"}],"wp:featuredmedia":[{"embeddable":true,"href":"https:\/\/lucacastelli.com\/fr\/wp-json\/wp\/v2\/media\/547194"}],"wp:attachment":[{"href":"https:\/\/lucacastelli.com\/fr\/wp-json\/wp\/v2\/media?parent=606572"}],"wp:term":[{"taxonomy":"product_brand","embeddable":true,"href":"https:\/\/lucacastelli.com\/fr\/wp-json\/wp\/v2\/product_brand?post=606572"},{"taxonomy":"product_cat","embeddable":true,"href":"https:\/\/lucacastelli.com\/fr\/wp-json\/wp\/v2\/product_cat?post=606572"},{"taxonomy":"product_tag","embeddable":true,"href":"https:\/\/lucacastelli.com\/fr\/wp-json\/wp\/v2\/product_tag?post=606572"}],"curies":[{"name":"wp","href":"https:\/\/api.w.org\/{rel}","templated":true}]}}