{"id":606567,"date":"2025-08-10T16:36:18","date_gmt":"2025-08-10T14:36:18","guid":{"rendered":"https:\/\/lucacastelli.com\/prodotto\/milwaukee-developpee-pour-fixer-la-fraiseuse-m18-fr12-avec-des-guides-paralleles\/"},"modified":"2025-08-10T16:36:18","modified_gmt":"2025-08-10T14:36:18","slug":"milwaukee-developpee-pour-fixer-la-fraiseuse-m18-fr12-avec-des-guides-paralleles","status":"publish","type":"product","link":"https:\/\/lucacastelli.com\/fr\/produit\/milwaukee-developpee-pour-fixer-la-fraiseuse-m18-fr12-avec-des-guides-paralleles\/","title":{"rendered":"Milwaukee D\u00e9velopp\u00e9e pour fixer la fraiseuse M18 FR12 avec des guides parall\u00e8les."},"content":{"rendered":"<p>SYST\u00c8ME DE FRAISEUSE RBA-2\/ACC<br \/>\nD\u00e9velopp\u00e9 pour fixer les fraiseuses Milwaukee sur des rails parall\u00e8les. Compatible avec les fraiseuses M18 FTR, M18 FTR8 et M18 FR12. <\/p>\n<p>4932493306<br \/>\n4058546481773<\/p>\n","protected":false},"excerpt":{"rendered":"<p>FRAISEUSES RBA-2\/ACC SIST<\/p>\n","protected":false},"featured_media":561970,"template":"","meta":{"_seopress_robots_primary_cat":"","_seopress_titles_title":"","_seopress_titles_desc":"","_seopress_robots_index":""},"product_brand":[3407],"product_cat":[5531,29],"product_tag":[3270],"class_list":{"0":"post-606567","1":"product","2":"type-product","3":"status-publish","4":"has-post-thumbnail","6":"product_brand-milwaukee","7":"product_cat-vari-macchinari-milwaukee","8":"product_cat-macchinari","9":"product_tag-import-milwau","10":"sws-conto-ricavi-merci-rivendita-macchinari-fr","11":"sws-gruppo-iva-iva81-fr","13":"first","14":"onbackorder","15":"sale","16":"shipping-taxable","17":"purchasable","18":"product-type-simple"},"_links":{"self":[{"href":"https:\/\/lucacastelli.com\/fr\/wp-json\/wp\/v2\/product\/606567","targetHints":{"allow":["GET"]}}],"collection":[{"href":"https:\/\/lucacastelli.com\/fr\/wp-json\/wp\/v2\/product"}],"about":[{"href":"https:\/\/lucacastelli.com\/fr\/wp-json\/wp\/v2\/types\/product"}],"wp:featuredmedia":[{"embeddable":true,"href":"https:\/\/lucacastelli.com\/fr\/wp-json\/wp\/v2\/media\/561970"}],"wp:attachment":[{"href":"https:\/\/lucacastelli.com\/fr\/wp-json\/wp\/v2\/media?parent=606567"}],"wp:term":[{"taxonomy":"product_brand","embeddable":true,"href":"https:\/\/lucacastelli.com\/fr\/wp-json\/wp\/v2\/product_brand?post=606567"},{"taxonomy":"product_cat","embeddable":true,"href":"https:\/\/lucacastelli.com\/fr\/wp-json\/wp\/v2\/product_cat?post=606567"},{"taxonomy":"product_tag","embeddable":true,"href":"https:\/\/lucacastelli.com\/fr\/wp-json\/wp\/v2\/product_tag?post=606567"}],"curies":[{"name":"wp","href":"https:\/\/api.w.org\/{rel}","templated":true}]}}