{"id":606563,"date":"2025-08-10T14:59:36","date_gmt":"2025-08-10T12:59:36","guid":{"rendered":"https:\/\/lucacastelli.com\/prodotto\/milwaukee-energy-kit-8-ah-m18-forge-avec-double-chargeur-super-rapide\/"},"modified":"2025-08-10T14:59:36","modified_gmt":"2025-08-10T12:59:36","slug":"milwaukee-energy-kit-8-ah-m18-forge-avec-double-chargeur-super-rapide","status":"publish","type":"product","link":"https:\/\/lucacastelli.com\/fr\/produit\/milwaukee-energy-kit-8-ah-m18-forge-avec-double-chargeur-super-rapide\/","title":{"rendered":"Milwaukee Energy Kit 8 Ah M18 FORGE\u2122 avec double chargeur super rapide."},"content":{"rendered":"<p>KIT M18FORGENRG-802DBSC\/NRG 2X8+M18DBSC<br \/>\nBatterie M18 FB8;Lib\u00e8re la puissance de la batterie M18\u2122 HIGH OUTPUT\u2122 12 Ah, sous une forme plus compacte et plus l\u00e9g\u00e8re;Super rapide : une charge de la batterie \u00e0 80% en seulement 35 minutes, 100% en seulement 45 minutes (en utilisant le chargeur simultan\u00e9 super rapide M18 DBSC);COOL-CYCLE\u2122 : Le syst\u00e8me de refroidissement actif peut assurer un refroidissement \u00e0 grande vitesse pour r\u00e9duire les temps d&#8217;arr\u00eat;REDLITHIUM\u2122 FORGE\u2122 est la technologie de batterie la plus puissante, se rechargeant plus rapidement et avec une dur\u00e9e de vie plus longue parmi les batteries REDLITHIUM\u2122;Une dur\u00e9e de vie plus longue, pour assurer plus de recharges et de meilleures performances pendant toute sa dur\u00e9e de vie;Offre une plus grande autonomie, pour faire face aux applications les plus gourmandes;Bo\u00eetier durable con\u00e7u pour offrir une plus grande protection contre les huiles, les solvants et les graisses les plus courants ;Indicateur d&#8217;\u00e9tat de charge de la batterie am\u00e9lior\u00e9 pour une meilleure visibilit\u00e9 \u00e0 la lumi\u00e8re du soleil;Les composants \u00e9lectroniques REDLINK\u2122 intelligents prot\u00e8gent le bloc-batterie des situations les plus difficiles et garantissent des performances maximales;Fonctionne avec toutes les batteries Milwaukee M18;Chargeur rapide double M18 DBSC;Jusqu&#8217;\u00e0 6 fois plus rapide que le chargeur standard pour une productivit\u00e9 maximale;La distribution adaptative de la charge permet de charger plusieurs batteries simultan\u00e9ment pour maximiser la productivit\u00e9;Les composants \u00e9lectroniques REDLINK\u2122 intelligents. le chargeur communique avec le bloc-batterie pour garantir une vitesse de charge et des performances optimis\u00e9es;Capable de charger 2 batteries M18 simultan\u00e9ment;Compatible avec toutes les batteries M18;Le syst\u00e8me de refroidissement actif COOL-CYCLE\u2122 assure un refroidissement \u00e0 grande vitesse pour r\u00e9duire les temps d&#8217;arr\u00eat. La fonction de refroidissement actif fonctionne avec les batteries \u00e9quip\u00e9es de la fonctionnalit\u00e9 COOL-CYCLE\u2122. <\/p>\n<p>4933498616<br \/>\n4058546524852<\/p>\n","protected":false},"excerpt":{"rendered":"<p>KIT M18FORGENRG-802DBSC\/NRG 2X8+M18DBSC<\/p>\n","protected":false},"featured_media":587629,"template":"","meta":{"_seopress_robots_primary_cat":"","_seopress_titles_title":"","_seopress_titles_desc":"","_seopress_robots_index":""},"product_brand":[3407],"product_cat":[29,491],"product_tag":[3270],"class_list":{"0":"post-606563","1":"product","2":"type-product","3":"status-publish","4":"has-post-thumbnail","6":"product_brand-milwaukee","7":"product_cat-macchinari","8":"product_cat-accessori-sistemi-a-batteria","9":"product_tag-import-milwau","10":"sws-conto-ricavi-merci-rivendita-macchinari-fr","11":"sws-gruppo-iva-iva81-fr","13":"first","14":"onbackorder","15":"sale","16":"shipping-taxable","17":"purchasable","18":"product-type-simple"},"_links":{"self":[{"href":"https:\/\/lucacastelli.com\/fr\/wp-json\/wp\/v2\/product\/606563","targetHints":{"allow":["GET"]}}],"collection":[{"href":"https:\/\/lucacastelli.com\/fr\/wp-json\/wp\/v2\/product"}],"about":[{"href":"https:\/\/lucacastelli.com\/fr\/wp-json\/wp\/v2\/types\/product"}],"wp:featuredmedia":[{"embeddable":true,"href":"https:\/\/lucacastelli.com\/fr\/wp-json\/wp\/v2\/media\/587629"}],"wp:attachment":[{"href":"https:\/\/lucacastelli.com\/fr\/wp-json\/wp\/v2\/media?parent=606563"}],"wp:term":[{"taxonomy":"product_brand","embeddable":true,"href":"https:\/\/lucacastelli.com\/fr\/wp-json\/wp\/v2\/product_brand?post=606563"},{"taxonomy":"product_cat","embeddable":true,"href":"https:\/\/lucacastelli.com\/fr\/wp-json\/wp\/v2\/product_cat?post=606563"},{"taxonomy":"product_tag","embeddable":true,"href":"https:\/\/lucacastelli.com\/fr\/wp-json\/wp\/v2\/product_tag?post=606563"}],"curies":[{"name":"wp","href":"https:\/\/api.w.org\/{rel}","templated":true}]}}