{"id":606552,"date":"2025-08-10T14:59:34","date_gmt":"2025-08-10T12:59:34","guid":{"rendered":"https:\/\/lucacastelli.com\/prodotto\/milwaukee-energy-kit-12-ah-m18-forge-avec-double-chargeur-super-rapide\/"},"modified":"2025-08-10T14:59:34","modified_gmt":"2025-08-10T12:59:34","slug":"milwaukee-energy-kit-12-ah-m18-forge-avec-double-chargeur-super-rapide","status":"publish","type":"product","link":"https:\/\/lucacastelli.com\/fr\/produit\/milwaukee-energy-kit-12-ah-m18-forge-avec-double-chargeur-super-rapide\/","title":{"rendered":"Milwaukee Energy Kit 12 Ah M18 FORGE\u2122 avec double chargeur super rapide."},"content":{"rendered":"<p>KIT M18FORGENRG-122DBSC\/NRG 2X12+M18DBSC<br \/>\nBatterie M18 FB12;Super rapide : une batterie se charge \u00e0 80 % en seulement 35 minutes, \u00e0 100 % en seulement 45 minutes (en utilisant le chargeur simultan\u00e9 super rapide M18 DBSC);COOL-CYCLE\u2122 : Le syst\u00e8me de refroidissement actif est capable de fournir un refroidissement \u00e0 grande vitesse pour r\u00e9duire les temps d&#8217;arr\u00eat;REDLITHIUM\u2122 FORGE\u2122 est la technologie de batterie la plus puissante, qui se recharge plus rapidement et avec une dur\u00e9e de vie plus longue parmi les batteries REDLITHIUM\u2122;Bo\u00eetier durable con\u00e7u pour fournir une plus grande protection contre les huiles, les solvants et les graisses les plus courants;Dur\u00e9e de vie plus longue, pour assurer plus de recharges et de meilleures performances pendant toute sa dur\u00e9e de vie;Autonomie maximale, pour les applications exigeant des performances \u00e9lev\u00e9es ;Kompatibel mit allen M18-Werkzeugen der Produktreihe;Compatible avec tous les outils M18 de la gamme;L&#8217;\u00e9lectronique intelligente REDLINK\u2122 prot\u00e8ge le bloc batterie des situations les plus difficiles et assure une performance maximale;Chargeur rapide double M18 DBSC;Jusqu&#8217;\u00e0 6 fois plus rapide que le chargeur standard, pour une productivit\u00e9 maximale;La r\u00e9partition adaptative de la charge permet de charger plusieurs batteries simultan\u00e9ment pour maximiser la productivit\u00e9;L&#8217;\u00e9lectronique intelligente REDLINK\u2122 : le chargeur communique avec le bloc-batterie pour garantir une vitesse de charge et des performances optimis\u00e9es;Capable de charger 2 batteries M18 simultan\u00e9ment;Compatible avec toutes les batteries M18;Le syst\u00e8me de refroidissement actif COOL-CYCLE\u2122 assure un refroidissement \u00e0 grande vitesse pour r\u00e9duire les temps d&#8217;arr\u00eat. La fonction de refroidissement actif fonctionne avec les batteries \u00e9quip\u00e9es de la fonctionnalit\u00e9 COOL-CYCLE\u2122. <\/p>\n<p>4933498614<br \/>\n4058546524838<\/p>\n","protected":false},"excerpt":{"rendered":"<p>KIT M18FORGENRG-122DBSC\/NRG 2X12+M18DBSC<\/p>\n","protected":false},"featured_media":587624,"template":"","meta":{"_seopress_robots_primary_cat":"","_seopress_titles_title":"","_seopress_titles_desc":"","_seopress_robots_index":""},"product_brand":[3407],"product_cat":[29,491],"product_tag":[3270],"class_list":{"0":"post-606552","1":"product","2":"type-product","3":"status-publish","4":"has-post-thumbnail","6":"product_brand-milwaukee","7":"product_cat-macchinari","8":"product_cat-accessori-sistemi-a-batteria","9":"product_tag-import-milwau","10":"sws-conto-ricavi-merci-rivendita-macchinari-fr","11":"sws-gruppo-iva-iva81-fr","13":"first","14":"onbackorder","15":"sale","16":"shipping-taxable","17":"purchasable","18":"product-type-simple"},"_links":{"self":[{"href":"https:\/\/lucacastelli.com\/fr\/wp-json\/wp\/v2\/product\/606552","targetHints":{"allow":["GET"]}}],"collection":[{"href":"https:\/\/lucacastelli.com\/fr\/wp-json\/wp\/v2\/product"}],"about":[{"href":"https:\/\/lucacastelli.com\/fr\/wp-json\/wp\/v2\/types\/product"}],"wp:featuredmedia":[{"embeddable":true,"href":"https:\/\/lucacastelli.com\/fr\/wp-json\/wp\/v2\/media\/587624"}],"wp:attachment":[{"href":"https:\/\/lucacastelli.com\/fr\/wp-json\/wp\/v2\/media?parent=606552"}],"wp:term":[{"taxonomy":"product_brand","embeddable":true,"href":"https:\/\/lucacastelli.com\/fr\/wp-json\/wp\/v2\/product_brand?post=606552"},{"taxonomy":"product_cat","embeddable":true,"href":"https:\/\/lucacastelli.com\/fr\/wp-json\/wp\/v2\/product_cat?post=606552"},{"taxonomy":"product_tag","embeddable":true,"href":"https:\/\/lucacastelli.com\/fr\/wp-json\/wp\/v2\/product_tag?post=606552"}],"curies":[{"name":"wp","href":"https:\/\/api.w.org\/{rel}","templated":true}]}}