{"id":606546,"date":"2025-08-10T16:46:41","date_gmt":"2025-08-10T14:46:41","guid":{"rendered":"https:\/\/lucacastelli.com\/prodotto\/milwaukee-machine-a-rainurer-1900w-disque-150-mm\/"},"modified":"2025-08-10T16:46:41","modified_gmt":"2025-08-10T14:46:41","slug":"milwaukee-machine-a-rainurer-1900w-disque-150-mm","status":"publish","type":"product","link":"https:\/\/lucacastelli.com\/fr\/produit\/milwaukee-machine-a-rainurer-1900w-disque-150-mm\/","title":{"rendered":"Milwaukee Machine \u00e0 rainurer 1900W disque 150 mm"},"content":{"rendered":"<p>WCS 45\/SCS<br \/>\nPuissant moteur de 1900W;Protection contre les surcharges;Profondeur de coupe variable et r\u00e9glable;Poign\u00e9e TILT-LOK\u2122;Softgrip;Aspiration de la poussi\u00e8re int\u00e9gr\u00e9e<\/p>\n<p>4933383350<br \/>\n4002395229086<\/p>\n","protected":false},"excerpt":{"rendered":"<p>WCS 45\/CANAUX<\/p>\n","protected":false},"featured_media":568250,"template":"","meta":{"_seopress_robots_primary_cat":"","_seopress_titles_title":"","_seopress_titles_desc":"","_seopress_robots_index":""},"product_brand":[3407],"product_cat":[5531,29],"product_tag":[3270],"class_list":{"0":"post-606546","1":"product","2":"type-product","3":"status-publish","4":"has-post-thumbnail","6":"product_brand-milwaukee","7":"product_cat-vari-macchinari-milwaukee","8":"product_cat-macchinari","9":"product_tag-import-milwau","10":"sws-conto-ricavi-merci-rivendita-macchinari-fr","11":"sws-gruppo-iva-iva81-fr","13":"first","14":"onbackorder","15":"sale","16":"shipping-taxable","17":"purchasable","18":"product-type-simple"},"_links":{"self":[{"href":"https:\/\/lucacastelli.com\/fr\/wp-json\/wp\/v2\/product\/606546","targetHints":{"allow":["GET"]}}],"collection":[{"href":"https:\/\/lucacastelli.com\/fr\/wp-json\/wp\/v2\/product"}],"about":[{"href":"https:\/\/lucacastelli.com\/fr\/wp-json\/wp\/v2\/types\/product"}],"wp:featuredmedia":[{"embeddable":true,"href":"https:\/\/lucacastelli.com\/fr\/wp-json\/wp\/v2\/media\/568250"}],"wp:attachment":[{"href":"https:\/\/lucacastelli.com\/fr\/wp-json\/wp\/v2\/media?parent=606546"}],"wp:term":[{"taxonomy":"product_brand","embeddable":true,"href":"https:\/\/lucacastelli.com\/fr\/wp-json\/wp\/v2\/product_brand?post=606546"},{"taxonomy":"product_cat","embeddable":true,"href":"https:\/\/lucacastelli.com\/fr\/wp-json\/wp\/v2\/product_cat?post=606546"},{"taxonomy":"product_tag","embeddable":true,"href":"https:\/\/lucacastelli.com\/fr\/wp-json\/wp\/v2\/product_tag?post=606546"}],"curies":[{"name":"wp","href":"https:\/\/api.w.org\/{rel}","templated":true}]}}