{"id":606543,"date":"2025-08-10T16:41:14","date_gmt":"2025-08-10T14:41:14","guid":{"rendered":"https:\/\/lucacastelli.com\/prodotto\/milwaukee-pompe-a-vide-a-deux-etages-142-l-min\/"},"modified":"2025-08-10T16:41:14","modified_gmt":"2025-08-10T14:41:14","slug":"milwaukee-pompe-a-vide-a-deux-etages-142-l-min","status":"publish","type":"product","link":"https:\/\/lucacastelli.com\/fr\/produit\/milwaukee-pompe-a-vide-a-deux-etages-142-l-min\/","title":{"rendered":"Milwaukee Pompe \u00e0 vide \u00e0 deux \u00e9tages 142 l\/min"},"content":{"rendered":"<p>M18FVP5-0\/POMPES \u00c0 VIDE<br \/>\nJusqu&#8217;\u00e0 90 minutes d&#8217;autonomie avec une batterie de 8.0 Ah, en mode &#8220;collecteur&#8221; et jusqu&#8217;\u00e0 60 minutes en mode &#8220;normal&#8221;;Performances \u00e9gales \u00e0 celles des machines filaires;Le d\u00e9marrage imm\u00e9diat permet une mise sous vide imm\u00e9diate sans avoir besoin de g\u00e9n\u00e9rateurs ou de prises \u00e0 proximit\u00e9;Des entr\u00e9es de 1\/2\u02dd, 3\/8\u02dd, 1\/4\u02dd et un adaptateur 5\/16\u02dd permettent \u00e0 la pompe de s&#8217;adapter \u00e0 la plupart des tuyauteries ;M\u00eame avec une batterie d\u00e9charg\u00e9e, la pompe maintient le vide;La valve maintient le vide m\u00eame lorsque la pompe ne fonctionne pas;Lorsque la batterie est sur le point de se d\u00e9charger, la pompe \u00e9met un son accompagn\u00e9 d&#8217;un signal lumineux;La valve sp\u00e9cifique r\u00e9duit la n\u00e9cessit\u00e9 de changer l&#8217;huile;Plus besoin d&#8217;utiliser l&#8217;entonnoir pour verser l&#8217;huile dans la pompe;Compatible avec les tuyauteries qui contiennent du gaz R32 et R410A.<\/p>\n<p>4933492853<br \/>\n4058546477240<\/p>\n","protected":false},"excerpt":{"rendered":"<p>M18FVP5-0\/POMPES \u00c0 VIDE<\/p>\n","protected":false},"featured_media":584689,"template":"","meta":{"_seopress_robots_primary_cat":"","_seopress_titles_title":"","_seopress_titles_desc":"","_seopress_robots_index":""},"product_brand":[3407],"product_cat":[5531,29],"product_tag":[3270],"class_list":{"0":"post-606543","1":"product","2":"type-product","3":"status-publish","4":"has-post-thumbnail","6":"product_brand-milwaukee","7":"product_cat-vari-macchinari-milwaukee","8":"product_cat-macchinari","9":"product_tag-import-milwau","10":"sws-conto-ricavi-merci-rivendita-macchinari-fr","11":"sws-gruppo-iva-iva81-fr","13":"first","14":"onbackorder","15":"sale","16":"shipping-taxable","17":"purchasable","18":"product-type-simple"},"_links":{"self":[{"href":"https:\/\/lucacastelli.com\/fr\/wp-json\/wp\/v2\/product\/606543","targetHints":{"allow":["GET"]}}],"collection":[{"href":"https:\/\/lucacastelli.com\/fr\/wp-json\/wp\/v2\/product"}],"about":[{"href":"https:\/\/lucacastelli.com\/fr\/wp-json\/wp\/v2\/types\/product"}],"wp:featuredmedia":[{"embeddable":true,"href":"https:\/\/lucacastelli.com\/fr\/wp-json\/wp\/v2\/media\/584689"}],"wp:attachment":[{"href":"https:\/\/lucacastelli.com\/fr\/wp-json\/wp\/v2\/media?parent=606543"}],"wp:term":[{"taxonomy":"product_brand","embeddable":true,"href":"https:\/\/lucacastelli.com\/fr\/wp-json\/wp\/v2\/product_brand?post=606543"},{"taxonomy":"product_cat","embeddable":true,"href":"https:\/\/lucacastelli.com\/fr\/wp-json\/wp\/v2\/product_cat?post=606543"},{"taxonomy":"product_tag","embeddable":true,"href":"https:\/\/lucacastelli.com\/fr\/wp-json\/wp\/v2\/product_tag?post=606543"}],"curies":[{"name":"wp","href":"https:\/\/api.w.org\/{rel}","templated":true}]}}