{"id":606540,"date":"2025-08-10T16:46:43","date_gmt":"2025-08-10T14:46:43","guid":{"rendered":"https:\/\/lucacastelli.com\/prodotto\/milwaukee-rainureuse-1500w-disque-125-mm\/"},"modified":"2025-08-10T16:46:43","modified_gmt":"2025-08-10T14:46:43","slug":"milwaukee-rainureuse-1500w-disque-125-mm","status":"publish","type":"product","link":"https:\/\/lucacastelli.com\/fr\/produit\/milwaukee-rainureuse-1500w-disque-125-mm\/","title":{"rendered":"Milwaukee Rainureuse 1500W disque 125 mm"},"content":{"rendered":"<p>WCE 30\/SCANALATEURS<br \/>\nPuissant moteur de 1500W;Id\u00e9al pour cr\u00e9er des trac\u00e9s de c\u00e2bles \u00e9lectriques;Electronique performante avec protection contre les surcharges;Limitation de l&#8217;appel de courant pour un d\u00e9marrage lent;Largeur de coupe facilement r\u00e9glable;Syst\u00e8me d&#8217;aspiration directe int\u00e9gr\u00e9 connexion<\/p>\n<p>4933383855<br \/>\n4002395228980<\/p>\n","protected":false},"excerpt":{"rendered":"<p>WCE 30\/CHANNELERS<\/p>\n","protected":false},"featured_media":568299,"template":"","meta":{"_seopress_robots_primary_cat":"","_seopress_titles_title":"","_seopress_titles_desc":"","_seopress_robots_index":""},"product_brand":[3407],"product_cat":[5531,29],"product_tag":[3270],"class_list":{"0":"post-606540","1":"product","2":"type-product","3":"status-publish","4":"has-post-thumbnail","6":"product_brand-milwaukee","7":"product_cat-vari-macchinari-milwaukee","8":"product_cat-macchinari","9":"product_tag-import-milwau","10":"sws-conto-ricavi-merci-rivendita-macchinari-fr","11":"sws-gruppo-iva-iva81-fr","13":"first","14":"onbackorder","15":"sale","16":"shipping-taxable","17":"purchasable","18":"product-type-simple"},"_links":{"self":[{"href":"https:\/\/lucacastelli.com\/fr\/wp-json\/wp\/v2\/product\/606540","targetHints":{"allow":["GET"]}}],"collection":[{"href":"https:\/\/lucacastelli.com\/fr\/wp-json\/wp\/v2\/product"}],"about":[{"href":"https:\/\/lucacastelli.com\/fr\/wp-json\/wp\/v2\/types\/product"}],"wp:featuredmedia":[{"embeddable":true,"href":"https:\/\/lucacastelli.com\/fr\/wp-json\/wp\/v2\/media\/568299"}],"wp:attachment":[{"href":"https:\/\/lucacastelli.com\/fr\/wp-json\/wp\/v2\/media?parent=606540"}],"wp:term":[{"taxonomy":"product_brand","embeddable":true,"href":"https:\/\/lucacastelli.com\/fr\/wp-json\/wp\/v2\/product_brand?post=606540"},{"taxonomy":"product_cat","embeddable":true,"href":"https:\/\/lucacastelli.com\/fr\/wp-json\/wp\/v2\/product_cat?post=606540"},{"taxonomy":"product_tag","embeddable":true,"href":"https:\/\/lucacastelli.com\/fr\/wp-json\/wp\/v2\/product_tag?post=606540"}],"curies":[{"name":"wp","href":"https:\/\/api.w.org\/{rel}","templated":true}]}}