{"id":606531,"date":"2025-08-10T16:46:48","date_gmt":"2025-08-10T14:46:48","guid":{"rendered":"https:\/\/lucacastelli.com\/prodotto\/milwaukee-mini-pompe-hydraulique-m18-700-bar-2\/"},"modified":"2025-08-10T16:46:48","modified_gmt":"2025-08-10T14:46:48","slug":"milwaukee-mini-pompe-hydraulique-m18-700-bar-2","status":"publish","type":"product","link":"https:\/\/lucacastelli.com\/fr\/produit\/milwaukee-mini-pompe-hydraulique-m18-700-bar-2\/","title":{"rendered":"Milwaukee Mini Pompe Hydraulique M18 700 bar"},"content":{"rendered":"<p>M18 HMP700-501\/POMPE HYDRAULIQUE<br \/>\nLa pompe hydraulique FORCE LOGIC\u2122 alimente les \u00e9quipements courants avec 700 bars;La taille compacte permet une utilisation dans les espaces restreints;La pompe poss\u00e8de un filetage de 3\/8 pouces pour s&#8217;adapter \u00e0 la plupart des accessoires courants;La pompe maintient le niveau de pression pour une utilisation coh\u00e9rente dans une vari\u00e9t\u00e9 d&#8217;applications;Solution parfaite pour le levage et le poin\u00e7onnage;Facile \u00e0 soulever et \u00e0 transporter gr\u00e2ce \u00e0 la poign\u00e9e pratique et \u00e0 la bandouli\u00e8re ;Compar\u00e9e aux pompes manuelles, elle accomplit le travail plus rapidement et sans effort;Le moteur sans balais, l&#8217;\u00e9lectronique REDLINK PLUS\u2122 et le bloc-batterie REDLITHIUM\u2122 offrent des performances et une durabilit\u00e9 sup\u00e9rieures;Fonctionne avec toutes les batteries Milwaukee M18;Le bloc-batterie REDLITHIUM\u2122 offre une construction avanc\u00e9e du bloc-batterie pour une dur\u00e9e d&#8217;utilisation plus longue et des performances constantes.<\/p>\n<p>4933493921<br \/>\n4058546510817<\/p>\n","protected":false},"excerpt":{"rendered":"<p>M18 HMP700-501\/POMPE HYDRAULIQUE<\/p>\n","protected":false},"featured_media":586466,"template":"","meta":{"_seopress_robots_primary_cat":"","_seopress_titles_title":"","_seopress_titles_desc":"","_seopress_robots_index":""},"product_brand":[3658],"product_cat":[5532,167],"product_tag":[3273],"class_list":{"0":"post-606531","1":"product","2":"type-product","3":"status-publish","4":"has-post-thumbnail","6":"product_brand-milwaukee-fr","7":"product_cat-diverses-machines-milwaukee","8":"product_cat-machines","9":"product_tag-import-milwau-fr","10":"sws-conto-ricavi-merci-rivendita-macchinari-fr","11":"sws-gruppo-iva-iva81-fr","13":"first","14":"onbackorder","15":"sale","16":"shipping-taxable","17":"purchasable","18":"product-type-simple"},"_links":{"self":[{"href":"https:\/\/lucacastelli.com\/fr\/wp-json\/wp\/v2\/product\/606531","targetHints":{"allow":["GET"]}}],"collection":[{"href":"https:\/\/lucacastelli.com\/fr\/wp-json\/wp\/v2\/product"}],"about":[{"href":"https:\/\/lucacastelli.com\/fr\/wp-json\/wp\/v2\/types\/product"}],"wp:featuredmedia":[{"embeddable":true,"href":"https:\/\/lucacastelli.com\/fr\/wp-json\/wp\/v2\/media\/586466"}],"wp:attachment":[{"href":"https:\/\/lucacastelli.com\/fr\/wp-json\/wp\/v2\/media?parent=606531"}],"wp:term":[{"taxonomy":"product_brand","embeddable":true,"href":"https:\/\/lucacastelli.com\/fr\/wp-json\/wp\/v2\/product_brand?post=606531"},{"taxonomy":"product_cat","embeddable":true,"href":"https:\/\/lucacastelli.com\/fr\/wp-json\/wp\/v2\/product_cat?post=606531"},{"taxonomy":"product_tag","embeddable":true,"href":"https:\/\/lucacastelli.com\/fr\/wp-json\/wp\/v2\/product_tag?post=606531"}],"curies":[{"name":"wp","href":"https:\/\/api.w.org\/{rel}","templated":true}]}}