{"id":606530,"date":"2025-08-10T16:46:45","date_gmt":"2025-08-10T14:46:45","guid":{"rendered":"https:\/\/lucacastelli.com\/prodotto\/milwaukee-radio-m18-dab-batterie-courant\/"},"modified":"2026-04-15T11:53:20","modified_gmt":"2026-04-15T09:53:20","slug":"milwaukee-radio-m18-dab-batterie-courant","status":"publish","type":"product","link":"https:\/\/lucacastelli.com\/fr\/produit\/milwaukee-radio-m18-dab-batterie-courant\/","title":{"rendered":"MILWAUKEE Radio M18\u2122 DAB+ Batterie\/Secteur"},"content":{"rendered":"<p>M18 RADDAB+G2-0 \/APPAREILS AUDIO<br \/>\nSyst\u00e8me sonore haute performance &#8211; Tuner radio DAB+ et FM avec processeur num\u00e9rique, pour une r\u00e9ception maximale du signal et visualisation ; Connectivit\u00e9 Bluetooth\u00ae : fonctionne jusqu&#8217;\u00e0 36 m de distance d&#8217;un smartphone, ordinateur ou tablette ; Les poign\u00e9es int\u00e9gr\u00e9es et le compartiment de rangement permettent un transport facile et la possibilit\u00e9 de ranger confortablement les t\u00e9l\u00e9phones ; Double woofer 8,89 cm pour un son clair et \u00e9quilibr\u00e9 ; Doubles tweeters haut de gamme pour des aigus nets ; \u00c9galiseur personnalisable pour une meilleure qualit\u00e9 sonore et 18 stations pr\u00e9r\u00e9gl\u00e9es ; Les renforts lat\u00e9raux absorbant les chocs et les grilles m\u00e9talliques des haut-parleurs prot\u00e8gent contre les chutes, l&#8217;eau et les d\u00e9bris sur chantier ; La prise USB-C prot\u00e9g\u00e9e permet de recharger les appareils \u00e9lectroniques aussi bien lors de l&#8217;utilisation de la radio sur secteur que sur batterie ; Aliment\u00e9e par batteries Milwaukee\u00ae M18\u2122 ou sur secteur ; Jusqu&#8217;\u00e0 13 heures d&#8217;autonomie avec une batterie M18\u2122 REDLITHIUM\u2122 de 5 Ah<\/p>\n<p>4933492344<br \/>\n4058546417116<\/p>\n","protected":false},"excerpt":{"rendered":"<p>M18 RADDAB+G2-0 \/APPAREILS AUDIO<\/p>\n","protected":false},"featured_media":435506,"template":"","meta":{"_seopress_robots_primary_cat":"none","_seopress_titles_title":"","_seopress_titles_desc":"","_seopress_robots_index":""},"product_brand":[3407],"product_cat":[5531,29],"product_tag":[3270],"class_list":{"0":"post-606530","1":"product","2":"type-product","3":"status-publish","4":"has-post-thumbnail","6":"product_brand-milwaukee","7":"product_cat-vari-macchinari-milwaukee","8":"product_cat-macchinari","9":"product_tag-import-milwau","10":"sws-gruppo-macchinari-fr","11":"sws-conto-ricavi-merci-rivendita-macchinari-fr","12":"sws-gruppo-iva-iva81-fr","14":"first","15":"onbackorder","16":"sale","17":"shipping-taxable","18":"purchasable","19":"product-type-simple"},"_links":{"self":[{"href":"https:\/\/lucacastelli.com\/fr\/wp-json\/wp\/v2\/product\/606530","targetHints":{"allow":["GET"]}}],"collection":[{"href":"https:\/\/lucacastelli.com\/fr\/wp-json\/wp\/v2\/product"}],"about":[{"href":"https:\/\/lucacastelli.com\/fr\/wp-json\/wp\/v2\/types\/product"}],"wp:featuredmedia":[{"embeddable":true,"href":"https:\/\/lucacastelli.com\/fr\/wp-json\/wp\/v2\/media\/435506"}],"wp:attachment":[{"href":"https:\/\/lucacastelli.com\/fr\/wp-json\/wp\/v2\/media?parent=606530"}],"wp:term":[{"taxonomy":"product_brand","embeddable":true,"href":"https:\/\/lucacastelli.com\/fr\/wp-json\/wp\/v2\/product_brand?post=606530"},{"taxonomy":"product_cat","embeddable":true,"href":"https:\/\/lucacastelli.com\/fr\/wp-json\/wp\/v2\/product_cat?post=606530"},{"taxonomy":"product_tag","embeddable":true,"href":"https:\/\/lucacastelli.com\/fr\/wp-json\/wp\/v2\/product_tag?post=606530"}],"curies":[{"name":"wp","href":"https:\/\/api.w.org\/{rel}","templated":true}]}}