{"id":606475,"date":"2025-08-13T11:36:27","date_gmt":"2025-08-13T09:36:27","guid":{"rendered":"https:\/\/lucacastelli.com\/prodotto\/milwaukee-gants-dhiver-enduits-de-latex-coupe-cat-c-12-pieces\/"},"modified":"2025-08-13T11:36:27","modified_gmt":"2025-08-13T09:36:27","slug":"milwaukee-gants-dhiver-enduits-de-latex-coupe-cat-c-12-pieces","status":"publish","type":"product","link":"https:\/\/lucacastelli.com\/fr\/produit\/milwaukee-gants-dhiver-enduits-de-latex-coupe-cat-c-12-pieces\/","title":{"rendered":"Milwaukee Gants d&#8217;hiver enduits de latex Coupe cat. C &#8211; 12 pi\u00e8ces"},"content":{"rendered":"<p>GANTS D&#8217;HIVER. CAT.3 M\/8-12pcs<br \/>\nL&#8217;isolation contre le froid hivernal gardera tes mains au chaud lorsque tu travailles \u00e0 des temp\u00e9ratures froides;Rev\u00eatement de la paume en latex. Les gants restent confortables m\u00eame apr\u00e8s une utilisation prolong\u00e9e;Rev\u00eatement arri\u00e8re en latex 3\/4 pour r\u00e9sister aux \u00e9claboussures d&#8217;eau, gardant les mains au chaud et au sec m\u00eame en travaillant dans des environnements froids et humides;Certification europ\u00e9enne pour la protection m\u00e9canique et contre le froid : EN ISO 21420 \/ EN 420, EN388 : 2016 (2442C), EN511 (02X).   <\/p>\n<p>4932471610<br \/>\n4058546295097<\/p>\n","protected":false},"excerpt":{"rendered":"<p>GANTS D&#8217;HIVER. CAT.3 M\/8-12pcs L&#8217;isolation contre le froid hivernal gardera tes mains au chaud lorsque tu travailles \u00e0 des temp\u00e9ratures<\/p>\n","protected":false},"featured_media":537345,"template":"","meta":{"_seopress_robots_primary_cat":"none","_seopress_titles_title":"","_seopress_titles_desc":"","_seopress_robots_index":""},"product_brand":[3407],"product_cat":[21,284],"product_tag":[],"class_list":{"0":"post-606475","1":"product","2":"type-product","3":"status-publish","4":"has-post-thumbnail","6":"product_brand-milwaukee","7":"product_cat-abbigliamento","8":"product_cat-abbigliamento-da-lavoro","9":"sws-gruppo-abb-libero-fr","10":"sws-conto-ricavi-merci-rivendita-abbigliamento-fr","11":"sws-gruppo-iva-iva81-fr","13":"first","14":"instock","15":"shipping-taxable","16":"purchasable","17":"product-type-variable"},"_links":{"self":[{"href":"https:\/\/lucacastelli.com\/fr\/wp-json\/wp\/v2\/product\/606475","targetHints":{"allow":["GET"]}}],"collection":[{"href":"https:\/\/lucacastelli.com\/fr\/wp-json\/wp\/v2\/product"}],"about":[{"href":"https:\/\/lucacastelli.com\/fr\/wp-json\/wp\/v2\/types\/product"}],"wp:featuredmedia":[{"embeddable":true,"href":"https:\/\/lucacastelli.com\/fr\/wp-json\/wp\/v2\/media\/537345"}],"wp:attachment":[{"href":"https:\/\/lucacastelli.com\/fr\/wp-json\/wp\/v2\/media?parent=606475"}],"wp:term":[{"taxonomy":"product_brand","embeddable":true,"href":"https:\/\/lucacastelli.com\/fr\/wp-json\/wp\/v2\/product_brand?post=606475"},{"taxonomy":"product_cat","embeddable":true,"href":"https:\/\/lucacastelli.com\/fr\/wp-json\/wp\/v2\/product_cat?post=606475"},{"taxonomy":"product_tag","embeddable":true,"href":"https:\/\/lucacastelli.com\/fr\/wp-json\/wp\/v2\/product_tag?post=606475"}],"curies":[{"name":"wp","href":"https:\/\/api.w.org\/{rel}","templated":true}]}}