{"id":606426,"date":"2025-08-13T11:25:00","date_gmt":"2025-08-13T09:25:00","guid":{"rendered":"https:\/\/lucacastelli.com\/prodotto\/milwaukee-gants-dhiver-enduits-de-latex-coupe-cat-c-72-pieces\/"},"modified":"2025-08-13T11:25:00","modified_gmt":"2025-08-13T09:25:00","slug":"milwaukee-gants-dhiver-enduits-de-latex-coupe-cat-c-72-pieces","status":"publish","type":"product","link":"https:\/\/lucacastelli.com\/fr\/produit\/milwaukee-gants-dhiver-enduits-de-latex-coupe-cat-c-72-pieces\/","title":{"rendered":"Milwaukee Gants d&#8217;hiver enduits de latex Coupe cat. C &#8211; 72 pi\u00e8ces"},"content":{"rendered":"<p>BULK WINTER CUT C GLOVES &#8211; 8\/M- 72PC<br \/>\nL&#8217;isolation contre le froid hivernal gardera tes mains au chaud lorsque tu travailles \u00e0 des temp\u00e9ratures froides;Rev\u00eatement de la paume en latex. Les gants restent confortables m\u00eame apr\u00e8s une utilisation prolong\u00e9e;Rev\u00eatement dorsal en latex 3\/4 pour r\u00e9sister aux \u00e9claboussures d&#8217;eau, gardant les mains au chaud et au sec m\u00eame en travaillant dans des environnements froids et humides;Certification europ\u00e9enne pour la protection m\u00e9canique et contre le froid : EN ISO 21420 \/ EN 420, EN388 : 2016 (2442C), EN511 (02X). <\/p>\n<p>4932479004<br \/>\n4058546362942<\/p>\n","protected":false},"excerpt":{"rendered":"<p>BULK WINTER CUT C GLOVES &#8211; 8\/M- 72PC L&#8217;isolation contre le froid hivernal gardera tes mains au chaud lorsque tu<\/p>\n","protected":false},"featured_media":542641,"template":"","meta":{"_seopress_robots_primary_cat":"","_seopress_titles_title":"","_seopress_titles_desc":"","_seopress_robots_index":""},"product_brand":[3658],"product_cat":[81,1381],"product_tag":[],"class_list":{"0":"post-606426","1":"product","2":"type-product","3":"status-publish","4":"has-post-thumbnail","6":"product_brand-milwaukee-fr","7":"product_cat-vetements","8":"product_cat-vetements-de-travail","9":"sws-gruppo-abb-libero-fr","10":"sws-conto-ricavi-merci-rivendita-abbigliamento-fr","11":"sws-gruppo-iva-iva81-fr","13":"first","14":"instock","15":"shipping-taxable","16":"purchasable","17":"product-type-variable"},"_links":{"self":[{"href":"https:\/\/lucacastelli.com\/fr\/wp-json\/wp\/v2\/product\/606426","targetHints":{"allow":["GET"]}}],"collection":[{"href":"https:\/\/lucacastelli.com\/fr\/wp-json\/wp\/v2\/product"}],"about":[{"href":"https:\/\/lucacastelli.com\/fr\/wp-json\/wp\/v2\/types\/product"}],"wp:featuredmedia":[{"embeddable":true,"href":"https:\/\/lucacastelli.com\/fr\/wp-json\/wp\/v2\/media\/542641"}],"wp:attachment":[{"href":"https:\/\/lucacastelli.com\/fr\/wp-json\/wp\/v2\/media?parent=606426"}],"wp:term":[{"taxonomy":"product_brand","embeddable":true,"href":"https:\/\/lucacastelli.com\/fr\/wp-json\/wp\/v2\/product_brand?post=606426"},{"taxonomy":"product_cat","embeddable":true,"href":"https:\/\/lucacastelli.com\/fr\/wp-json\/wp\/v2\/product_cat?post=606426"},{"taxonomy":"product_tag","embeddable":true,"href":"https:\/\/lucacastelli.com\/fr\/wp-json\/wp\/v2\/product_tag?post=606426"}],"curies":[{"name":"wp","href":"https:\/\/api.w.org\/{rel}","templated":true}]}}