{"id":606390,"date":"2025-08-13T11:24:30","date_gmt":"2025-08-13T09:24:30","guid":{"rendered":"https:\/\/lucacastelli.com\/prodotto\/milwaukee-gants-enduits-de-nitrile-en-maille-cat-cut-c-144-pcs\/"},"modified":"2025-08-13T11:24:30","modified_gmt":"2025-08-13T09:24:30","slug":"milwaukee-gants-enduits-de-nitrile-en-maille-cat-cut-c-144-pcs","status":"publish","type":"product","link":"https:\/\/lucacastelli.com\/fr\/produit\/milwaukee-gants-enduits-de-nitrile-en-maille-cat-cut-c-144-pcs\/","title":{"rendered":"Milwaukee Gants enduits de nitrile en maille Cat. cut C &#8211; 144 pcs."},"content":{"rendered":"<p>GANTS BULK CUT C &#8211; 8\/M &#8211; 144PC<br \/>\nOffre une protection accrue contre la coupure et l&#8217;abrasion, lors du filetage de tuyaux et du d\u00e9nudage de c\u00e2bles, etc;Excellente performance de pr\u00e9hension, l&#8217;enduction en maille nitrile offre de meilleures performances que les autres mat\u00e9riaux;R\u00e9sistance sup\u00e9rieure \u00e0 la perforation par des mat\u00e9riaux tranchants;SMARTSWIPE\u2122 sur la paume et le bout des doigts. permet d&#8217;utiliser des appareils \u00e0 \u00e9cran tactile sans enlever les gants;Certification europ\u00e9enne pour la protection m\u00e9canique : EN ISO 21420, EN388:2016 (4343C)<\/p>\n<p>4932479012<br \/>\n4058546363024.<\/p>\n","protected":false},"excerpt":{"rendered":"<p>GANTS BULK CUT C &#8211; 8\/M &#8211; 144PC Offre une protection accrue contre la coupure et l&#8217;abrasion, lors du filetage<\/p>\n","protected":false},"featured_media":605511,"template":"","meta":{"_seopress_robots_primary_cat":"","_seopress_titles_title":"","_seopress_titles_desc":"","_seopress_robots_index":""},"product_brand":[3407],"product_cat":[21,284],"product_tag":[],"class_list":{"0":"post-606390","1":"product","2":"type-product","3":"status-publish","4":"has-post-thumbnail","6":"product_brand-milwaukee","7":"product_cat-abbigliamento","8":"product_cat-abbigliamento-da-lavoro","9":"sws-gruppo-abb-libero-fr","10":"sws-conto-ricavi-merci-rivendita-abbigliamento-fr","11":"sws-gruppo-iva-iva81-fr","13":"first","14":"instock","15":"shipping-taxable","16":"purchasable","17":"product-type-variable"},"_links":{"self":[{"href":"https:\/\/lucacastelli.com\/fr\/wp-json\/wp\/v2\/product\/606390","targetHints":{"allow":["GET"]}}],"collection":[{"href":"https:\/\/lucacastelli.com\/fr\/wp-json\/wp\/v2\/product"}],"about":[{"href":"https:\/\/lucacastelli.com\/fr\/wp-json\/wp\/v2\/types\/product"}],"wp:featuredmedia":[{"embeddable":true,"href":"https:\/\/lucacastelli.com\/fr\/wp-json\/wp\/v2\/media\/605511"}],"wp:attachment":[{"href":"https:\/\/lucacastelli.com\/fr\/wp-json\/wp\/v2\/media?parent=606390"}],"wp:term":[{"taxonomy":"product_brand","embeddable":true,"href":"https:\/\/lucacastelli.com\/fr\/wp-json\/wp\/v2\/product_brand?post=606390"},{"taxonomy":"product_cat","embeddable":true,"href":"https:\/\/lucacastelli.com\/fr\/wp-json\/wp\/v2\/product_cat?post=606390"},{"taxonomy":"product_tag","embeddable":true,"href":"https:\/\/lucacastelli.com\/fr\/wp-json\/wp\/v2\/product_tag?post=606390"}],"curies":[{"name":"wp","href":"https:\/\/api.w.org\/{rel}","templated":true}]}}