{"id":606344,"date":"2025-08-13T10:57:33","date_gmt":"2025-08-13T08:57:33","guid":{"rendered":"https:\/\/lucacastelli.com\/prodotto\/milwaukee-manches-de-protection-45-cm-cat-coupe-c\/"},"modified":"2025-08-13T10:57:33","modified_gmt":"2025-08-13T08:57:33","slug":"milwaukee-manches-de-protection-45-cm-cat-coupe-c","status":"publish","type":"product","link":"https:\/\/lucacastelli.com\/fr\/produit\/milwaukee-manches-de-protection-45-cm-cat-coupe-c\/","title":{"rendered":"Milwaukee Manches de protection 45 cm Cat. coupe C"},"content":{"rendered":"<p>TUYAU ANTITAGL CAT. C 45CM &#8211; 1 PAIRE<br \/>\nMati\u00e8re en nylon tr\u00e8s extensible pour s&#8217;adapter \u00e0 tous les bras des travailleurs;Conception fusel\u00e9e, plus large au niveau du biceps et \u00e9troite au niveau du poignet, pour s&#8217;adapter \u00e0 la forme naturelle du bras;Bande \u00e9lastique avec points antid\u00e9rapants sur le biceps et manchette \u00e9lastique pour maintenir les manches en place et les emp\u00eacher de s&#8217;affaisser;Mati\u00e8re respirante et l\u00e9g\u00e8re offrant une bonne dext\u00e9rit\u00e9 et un confort tout au long de la journ\u00e9e;Bande \u00e9lastique pour le pouce emp\u00eachant de ressentir une pression lors de l&#8217;utilisation des gants avec les manches;Protection UV avec UPF 50+ conform\u00e9ment \u00e0 la norme BS EN 13758-1 :2002 +A1:2006;Certification europ\u00e9enne pour la protection m\u00e9canique : EN ISO 21420, EN 388:2016 (2342C).<\/p>\n<p>4932478585<br \/>\n4058546347789<\/p>\n","protected":false},"excerpt":{"rendered":"<p>TUYAU ANTITAGL CAT. C 45CM &#8211; 1 PAIRE <\/p>\n","protected":false},"featured_media":605158,"template":"","meta":{"_seopress_robots_primary_cat":"","_seopress_titles_title":"","_seopress_titles_desc":"","_seopress_robots_index":""},"product_brand":[3407],"product_cat":[21,284],"product_tag":[3270],"class_list":{"0":"post-606344","1":"product","2":"type-product","3":"status-publish","4":"has-post-thumbnail","6":"product_brand-milwaukee","7":"product_cat-abbigliamento","8":"product_cat-abbigliamento-da-lavoro","9":"product_tag-import-milwau","10":"sws-gruppo-abb-libero-fr","11":"sws-conto-ricavi-merci-rivendita-abbigliamento-fr","12":"sws-gruppo-iva-iva81-fr","14":"first","15":"onbackorder","16":"shipping-taxable","17":"purchasable","18":"product-type-simple"},"_links":{"self":[{"href":"https:\/\/lucacastelli.com\/fr\/wp-json\/wp\/v2\/product\/606344","targetHints":{"allow":["GET"]}}],"collection":[{"href":"https:\/\/lucacastelli.com\/fr\/wp-json\/wp\/v2\/product"}],"about":[{"href":"https:\/\/lucacastelli.com\/fr\/wp-json\/wp\/v2\/types\/product"}],"wp:featuredmedia":[{"embeddable":true,"href":"https:\/\/lucacastelli.com\/fr\/wp-json\/wp\/v2\/media\/605158"}],"wp:attachment":[{"href":"https:\/\/lucacastelli.com\/fr\/wp-json\/wp\/v2\/media?parent=606344"}],"wp:term":[{"taxonomy":"product_brand","embeddable":true,"href":"https:\/\/lucacastelli.com\/fr\/wp-json\/wp\/v2\/product_brand?post=606344"},{"taxonomy":"product_cat","embeddable":true,"href":"https:\/\/lucacastelli.com\/fr\/wp-json\/wp\/v2\/product_cat?post=606344"},{"taxonomy":"product_tag","embeddable":true,"href":"https:\/\/lucacastelli.com\/fr\/wp-json\/wp\/v2\/product_tag?post=606344"}],"curies":[{"name":"wp","href":"https:\/\/api.w.org\/{rel}","templated":true}]}}