{"id":606318,"date":"2025-08-13T10:50:28","date_gmt":"2025-08-13T08:50:28","guid":{"rendered":"https:\/\/lucacastelli.com\/prodotto\/milwaukee-gants-doublement-enduits-en-nitrile-coupe-cat-e-144-pcs\/"},"modified":"2025-08-13T10:50:28","modified_gmt":"2025-08-13T08:50:28","slug":"milwaukee-gants-doublement-enduits-en-nitrile-coupe-cat-e-144-pcs","status":"publish","type":"product","link":"https:\/\/lucacastelli.com\/fr\/produit\/milwaukee-gants-doublement-enduits-en-nitrile-coupe-cat-e-144-pcs\/","title":{"rendered":"Milwaukee Gants doublement enduits en nitrile Coupe cat. E &#8211; 144 pcs."},"content":{"rendered":"<p>BULK CUT E GLOVES &#8211; 7\/S -144PC<br \/>\nEnduction nitrile double couche pour une durabilit\u00e9 accrue et une protection contre les objets tranchants;Excellente adh\u00e9rence, gr\u00e2ce \u00e0 l&#8217;enduction nitrile. Excellente performance par rapport \u00e0 d&#8217;autres mat\u00e9riaux, sur des surfaces humides ou huileuses;Mat\u00e9riau de doublure brevet\u00e9 pour un confort maximal et une grande respirabilit\u00e9, tout au long de la journ\u00e9e de travail;La paume et le bout des doigts SMARTSWIPE\u2122 permettent d&#8217;utiliser des appareils \u00e0 \u00e9cran tactile sans retirer les gants;Certification europ\u00e9enne pour la protection m\u00e9canique : EN ISO 21420 et EN388:2016 (4X44E). <\/p>\n<p>4932479720<br \/>\n4058546375140<\/p>\n","protected":false},"excerpt":{"rendered":"<p>BULK CUT E GLOVES &#8211; 7\/S -144PC Enduction nitrile double couche pour une durabilit\u00e9 accrue et une protection contre les<\/p>\n","protected":false},"featured_media":605154,"template":"","meta":{"_seopress_robots_primary_cat":"","_seopress_titles_title":"","_seopress_titles_desc":"","_seopress_robots_index":""},"product_brand":[3658],"product_cat":[81,1381],"product_tag":[],"class_list":{"0":"post-606318","1":"product","2":"type-product","3":"status-publish","4":"has-post-thumbnail","6":"product_brand-milwaukee-fr","7":"product_cat-vetements","8":"product_cat-vetements-de-travail","9":"sws-gruppo-abb-libero-fr","10":"sws-conto-ricavi-merci-rivendita-abbigliamento-fr","11":"sws-gruppo-iva-iva81-fr","13":"first","14":"instock","15":"shipping-taxable","16":"purchasable","17":"product-type-variable"},"_links":{"self":[{"href":"https:\/\/lucacastelli.com\/fr\/wp-json\/wp\/v2\/product\/606318","targetHints":{"allow":["GET"]}}],"collection":[{"href":"https:\/\/lucacastelli.com\/fr\/wp-json\/wp\/v2\/product"}],"about":[{"href":"https:\/\/lucacastelli.com\/fr\/wp-json\/wp\/v2\/types\/product"}],"wp:featuredmedia":[{"embeddable":true,"href":"https:\/\/lucacastelli.com\/fr\/wp-json\/wp\/v2\/media\/605154"}],"wp:attachment":[{"href":"https:\/\/lucacastelli.com\/fr\/wp-json\/wp\/v2\/media?parent=606318"}],"wp:term":[{"taxonomy":"product_brand","embeddable":true,"href":"https:\/\/lucacastelli.com\/fr\/wp-json\/wp\/v2\/product_brand?post=606318"},{"taxonomy":"product_cat","embeddable":true,"href":"https:\/\/lucacastelli.com\/fr\/wp-json\/wp\/v2\/product_cat?post=606318"},{"taxonomy":"product_tag","embeddable":true,"href":"https:\/\/lucacastelli.com\/fr\/wp-json\/wp\/v2\/product_tag?post=606318"}],"curies":[{"name":"wp","href":"https:\/\/api.w.org\/{rel}","templated":true}]}}