{"id":606307,"date":"2025-08-13T10:37:48","date_gmt":"2025-08-13T08:37:48","guid":{"rendered":"https:\/\/lucacastelli.com\/prodotto\/milwaukee-gants-enduits-de-nitrile-coupe-cat-a\/"},"modified":"2025-08-13T10:37:48","modified_gmt":"2025-08-13T08:37:48","slug":"milwaukee-gants-enduits-de-nitrile-coupe-cat-a","status":"publish","type":"product","link":"https:\/\/lucacastelli.com\/fr\/produit\/milwaukee-gants-enduits-de-nitrile-coupe-cat-a\/","title":{"rendered":"Milwaukee Gants enduits de nitrile Coupe cat. A"},"content":{"rendered":"<p>CAT.1 M\/8-1pcs<br \/>\nCon\u00e7u pour offrir une durabilit\u00e9 maximale et un confort tout au long de la journ\u00e9e, id\u00e9al pour la manutention de mat\u00e9riaux ou les travaux de construction l\u00e9gers;Paume enduite de nitrile pour une excellente pr\u00e9hension;Con\u00e7u pour offrir de la dext\u00e9rit\u00e9 lors de la manipulation de petits objets;SMARTSWIPE\u2122 paume et bouts des doigts : permet d&#8217;utiliser des appareils \u00e0 \u00e9cran tactile sans retirer les gants;Certification europ\u00e9enne pour la protection m\u00e9canique : EN ISO 21420, EN388:2016 (4121A). <\/p>\n<p>4932471416<br \/>\n4058546290443<\/p>\n","protected":false},"excerpt":{"rendered":"<p>CAT.1 M\/8-1pcs Con\u00e7u pour offrir une durabilit\u00e9 maximale et un confort tout au long de la journ\u00e9e, id\u00e9al pour la<\/p>\n","protected":false},"featured_media":605143,"template":"","meta":{"_seopress_robots_primary_cat":"","_seopress_titles_title":"","_seopress_titles_desc":"","_seopress_robots_index":""},"product_brand":[3658],"product_cat":[81,1381],"product_tag":[],"class_list":{"0":"post-606307","1":"product","2":"type-product","3":"status-publish","4":"has-post-thumbnail","6":"product_brand-milwaukee-fr","7":"product_cat-vetements","8":"product_cat-vetements-de-travail","9":"sws-gruppo-abb-libero-fr","10":"sws-conto-ricavi-merci-rivendita-abbigliamento-fr","11":"sws-gruppo-iva-iva81-fr","13":"first","14":"instock","15":"shipping-taxable","16":"purchasable","17":"product-type-variable"},"_links":{"self":[{"href":"https:\/\/lucacastelli.com\/fr\/wp-json\/wp\/v2\/product\/606307","targetHints":{"allow":["GET"]}}],"collection":[{"href":"https:\/\/lucacastelli.com\/fr\/wp-json\/wp\/v2\/product"}],"about":[{"href":"https:\/\/lucacastelli.com\/fr\/wp-json\/wp\/v2\/types\/product"}],"wp:featuredmedia":[{"embeddable":true,"href":"https:\/\/lucacastelli.com\/fr\/wp-json\/wp\/v2\/media\/605143"}],"wp:attachment":[{"href":"https:\/\/lucacastelli.com\/fr\/wp-json\/wp\/v2\/media?parent=606307"}],"wp:term":[{"taxonomy":"product_brand","embeddable":true,"href":"https:\/\/lucacastelli.com\/fr\/wp-json\/wp\/v2\/product_brand?post=606307"},{"taxonomy":"product_cat","embeddable":true,"href":"https:\/\/lucacastelli.com\/fr\/wp-json\/wp\/v2\/product_cat?post=606307"},{"taxonomy":"product_tag","embeddable":true,"href":"https:\/\/lucacastelli.com\/fr\/wp-json\/wp\/v2\/product_tag?post=606307"}],"curies":[{"name":"wp","href":"https:\/\/api.w.org\/{rel}","templated":true}]}}