{"id":606293,"date":"2025-08-13T10:20:08","date_gmt":"2025-08-13T08:20:08","guid":{"rendered":"https:\/\/lucacastelli.com\/prodotto\/milwaukee-gants-enduits-de-nitrile-coupe-cat-a-12-pieces\/"},"modified":"2026-03-02T16:12:56","modified_gmt":"2026-03-02T15:12:56","slug":"milwaukee-gants-enduits-de-nitrile-coupe-cat-a-12-pieces","status":"publish","type":"product","link":"https:\/\/lucacastelli.com\/fr\/produit\/milwaukee-gants-enduits-de-nitrile-coupe-cat-a-12-pieces\/","title":{"rendered":"MILWAUKEE Gants enduits de nitrile Cat. anti-coupure A &#8211; 12 pces"},"content":{"rendered":"<p>GANTS ANTI-COUPURE CAT. 1 M\/8-12pces<br \/>\nCon\u00e7us pour offrir une durabilit\u00e9 maximale et un confort tout au long de la journ\u00e9e, id\u00e9aux pour la manutention de mat\u00e9riaux ou les travaux de construction l\u00e9g\u00e8re ; Paume enduite de nitrile pour une excellente adh\u00e9rence ; Con\u00e7us pour offrir une grande dext\u00e9rit\u00e9 lors de la manipulation de petits objets ; Paume et bout des doigts SMARTSWIPE\u2122 : permettent l\u2019utilisation d\u2019\u00e9crans tactiles sans retirer les gants ; Certification europ\u00e9enne pour la protection m\u00e9canique : EN ISO 21420, EN388 : 2016 (4121A) <\/p>\n<p>4932471614<br \/>\n4058546295134<\/p>\n","protected":false},"excerpt":{"rendered":"<p>GANTS ANTI-COUPURE CAT. 1 M\/8-12pces Con\u00e7us pour offrir une durabilit\u00e9 maximale et un confort tout au long de la journ\u00e9e,<\/p>\n","protected":false},"featured_media":605117,"template":"","meta":{"_seopress_robots_primary_cat":"none","_seopress_titles_title":"","_seopress_titles_desc":"","_seopress_robots_index":""},"product_brand":[3407],"product_cat":[21,284],"product_tag":[],"class_list":{"0":"post-606293","1":"product","2":"type-product","3":"status-publish","4":"has-post-thumbnail","6":"product_brand-milwaukee","7":"product_cat-abbigliamento","8":"product_cat-abbigliamento-da-lavoro","9":"sws-gruppo-abb-libero-fr","10":"sws-conto-ricavi-merci-rivendita-abbigliamento-fr","11":"sws-gruppo-iva-iva81-fr","13":"first","14":"instock","15":"sale","16":"shipping-taxable","17":"purchasable","18":"product-type-variable"},"_links":{"self":[{"href":"https:\/\/lucacastelli.com\/fr\/wp-json\/wp\/v2\/product\/606293","targetHints":{"allow":["GET"]}}],"collection":[{"href":"https:\/\/lucacastelli.com\/fr\/wp-json\/wp\/v2\/product"}],"about":[{"href":"https:\/\/lucacastelli.com\/fr\/wp-json\/wp\/v2\/types\/product"}],"wp:featuredmedia":[{"embeddable":true,"href":"https:\/\/lucacastelli.com\/fr\/wp-json\/wp\/v2\/media\/605117"}],"wp:attachment":[{"href":"https:\/\/lucacastelli.com\/fr\/wp-json\/wp\/v2\/media?parent=606293"}],"wp:term":[{"taxonomy":"product_brand","embeddable":true,"href":"https:\/\/lucacastelli.com\/fr\/wp-json\/wp\/v2\/product_brand?post=606293"},{"taxonomy":"product_cat","embeddable":true,"href":"https:\/\/lucacastelli.com\/fr\/wp-json\/wp\/v2\/product_cat?post=606293"},{"taxonomy":"product_tag","embeddable":true,"href":"https:\/\/lucacastelli.com\/fr\/wp-json\/wp\/v2\/product_tag?post=606293"}],"curies":[{"name":"wp","href":"https:\/\/api.w.org\/{rel}","templated":true}]}}