{"id":606258,"date":"2025-08-13T10:12:19","date_gmt":"2025-08-13T08:12:19","guid":{"rendered":"https:\/\/lucacastelli.com\/prodotto\/milwaukee-gants-enduits-de-maille-en-nitrile-cat-cut-c-12-pcs\/"},"modified":"2025-08-13T10:12:19","modified_gmt":"2025-08-13T08:12:19","slug":"milwaukee-gants-enduits-de-maille-en-nitrile-cat-cut-c-12-pcs","status":"publish","type":"product","link":"https:\/\/lucacastelli.com\/fr\/produit\/milwaukee-gants-enduits-de-maille-en-nitrile-cat-cut-c-12-pcs\/","title":{"rendered":"Milwaukee Gants enduits de maille en nitrile Cat. cut C &#8211; 12 pcs"},"content":{"rendered":"<p>CAT.3 M\/8-12pcs<br \/>\nOffre une protection accrue contre la coupure et l&#8217;abrasion, lors du filetage de tuyaux et du d\u00e9nudage de c\u00e2bles, etc;Excellente performance de pr\u00e9hension, l&#8217;enduction en maille nitrile offre de meilleures performances que les autres mat\u00e9riaux;R\u00e9sistance sup\u00e9rieure \u00e0 la perforation par des mat\u00e9riaux tranchants;SMARTSWIPE\u2122 paume et bouts des doigts : permet d&#8217;utiliser des appareils \u00e0 \u00e9cran tactile sans retirer les gants;Certification europ\u00e9enne pour la protection m\u00e9canique : EN ISO 21420, EN388:2016 (4343C). <\/p>\n<p>4932471618<br \/>\n4058546295172<\/p>\n","protected":false},"excerpt":{"rendered":"<p>CAT.3 M\/8-12pcs Offre une protection accrue contre la coupure et l&#8217;abrasion, lors du filetage de tuyaux et du d\u00e9nudage de<\/p>\n","protected":false},"featured_media":605107,"template":"","meta":{"_seopress_robots_primary_cat":"","_seopress_titles_title":"","_seopress_titles_desc":"","_seopress_robots_index":""},"product_brand":[3407],"product_cat":[21,284],"product_tag":[],"class_list":{"0":"post-606258","1":"product","2":"type-product","3":"status-publish","4":"has-post-thumbnail","6":"product_brand-milwaukee","7":"product_cat-abbigliamento","8":"product_cat-abbigliamento-da-lavoro","9":"sws-gruppo-abb-libero-fr","10":"sws-conto-ricavi-merci-rivendita-abbigliamento-fr","11":"sws-gruppo-iva-iva81-fr","13":"first","14":"instock","15":"shipping-taxable","16":"purchasable","17":"product-type-variable"},"_links":{"self":[{"href":"https:\/\/lucacastelli.com\/fr\/wp-json\/wp\/v2\/product\/606258","targetHints":{"allow":["GET"]}}],"collection":[{"href":"https:\/\/lucacastelli.com\/fr\/wp-json\/wp\/v2\/product"}],"about":[{"href":"https:\/\/lucacastelli.com\/fr\/wp-json\/wp\/v2\/types\/product"}],"wp:featuredmedia":[{"embeddable":true,"href":"https:\/\/lucacastelli.com\/fr\/wp-json\/wp\/v2\/media\/605107"}],"wp:attachment":[{"href":"https:\/\/lucacastelli.com\/fr\/wp-json\/wp\/v2\/media?parent=606258"}],"wp:term":[{"taxonomy":"product_brand","embeddable":true,"href":"https:\/\/lucacastelli.com\/fr\/wp-json\/wp\/v2\/product_brand?post=606258"},{"taxonomy":"product_cat","embeddable":true,"href":"https:\/\/lucacastelli.com\/fr\/wp-json\/wp\/v2\/product_cat?post=606258"},{"taxonomy":"product_tag","embeddable":true,"href":"https:\/\/lucacastelli.com\/fr\/wp-json\/wp\/v2\/product_tag?post=606258"}],"curies":[{"name":"wp","href":"https:\/\/api.w.org\/{rel}","templated":true}]}}