{"id":606247,"date":"2025-08-13T10:01:17","date_gmt":"2025-08-13T08:01:17","guid":{"rendered":"https:\/\/lucacastelli.com\/prodotto\/milwaukee-gants-haute-visibilite-enduits-de-polyurethane-coupe-cat-e\/"},"modified":"2025-08-13T10:01:17","modified_gmt":"2025-08-13T08:01:17","slug":"milwaukee-gants-haute-visibilite-enduits-de-polyurethane-coupe-cat-e","status":"publish","type":"product","link":"https:\/\/lucacastelli.com\/fr\/produit\/milwaukee-gants-haute-visibilite-enduits-de-polyurethane-coupe-cat-e\/","title":{"rendered":"Milwaukee Gants haute visibilit\u00e9 enduits de polyur\u00e9thane Coupe cat. E"},"content":{"rendered":"<p>HI-VIS CUT LEVEL 5\/E &#8211; S\/7 GLOVES 1PC<br \/>\nLe mat\u00e9riau de la doublure fluorescente offre une grande visibilit\u00e9 dans les environnements peu \u00e9clair\u00e9s;Niveau de r\u00e9sistance \u00e0 la coupure 5\/E, id\u00e9al pour le travail de la t\u00f4le, la manipulation du verre, le d\u00e9capage, la tuyauterie ;Gants l\u00e9gers et fins avec une paume enduite de polyur\u00e9thane, permettant une bonne dext\u00e9rit\u00e9;Renforcement en nitrile entre le pouce et l&#8217;index, au point d&#8217;usure le plus important, pour une durabilit\u00e9 accrue;La paume et le bout des doigts SMARTSWIPE\u2122 permettent d&#8217;utiliser des appareils \u00e0 \u00e9cran tactile sans enlever les gants;Certification europ\u00e9enne de protection m\u00e9canique : EN ISO 21420, EN388:2016 (4X43E)<\/p>\n<p>4932479931<br \/>\n4058546377250<\/p>\n","protected":false},"excerpt":{"rendered":"<p>HI-VIS CUT LEVEL 5\/E &#8211; S\/7 GLOVES 1PC Le mat\u00e9riau de la doublure fluorescente offre une grande visibilit\u00e9 dans les<\/p>\n","protected":false},"featured_media":545364,"template":"","meta":{"_seopress_robots_primary_cat":"","_seopress_titles_title":"","_seopress_titles_desc":"","_seopress_robots_index":""},"product_brand":[3658],"product_cat":[81,1381],"product_tag":[],"class_list":{"0":"post-606247","1":"product","2":"type-product","3":"status-publish","4":"has-post-thumbnail","6":"product_brand-milwaukee-fr","7":"product_cat-vetements","8":"product_cat-vetements-de-travail","9":"sws-gruppo-abb-libero-fr","10":"sws-conto-ricavi-merci-rivendita-abbigliamento-fr","11":"sws-gruppo-iva-iva81-fr","13":"first","14":"instock","15":"shipping-taxable","16":"purchasable","17":"product-type-variable"},"_links":{"self":[{"href":"https:\/\/lucacastelli.com\/fr\/wp-json\/wp\/v2\/product\/606247","targetHints":{"allow":["GET"]}}],"collection":[{"href":"https:\/\/lucacastelli.com\/fr\/wp-json\/wp\/v2\/product"}],"about":[{"href":"https:\/\/lucacastelli.com\/fr\/wp-json\/wp\/v2\/types\/product"}],"wp:featuredmedia":[{"embeddable":true,"href":"https:\/\/lucacastelli.com\/fr\/wp-json\/wp\/v2\/media\/545364"}],"wp:attachment":[{"href":"https:\/\/lucacastelli.com\/fr\/wp-json\/wp\/v2\/media?parent=606247"}],"wp:term":[{"taxonomy":"product_brand","embeddable":true,"href":"https:\/\/lucacastelli.com\/fr\/wp-json\/wp\/v2\/product_brand?post=606247"},{"taxonomy":"product_cat","embeddable":true,"href":"https:\/\/lucacastelli.com\/fr\/wp-json\/wp\/v2\/product_cat?post=606247"},{"taxonomy":"product_tag","embeddable":true,"href":"https:\/\/lucacastelli.com\/fr\/wp-json\/wp\/v2\/product_tag?post=606247"}],"curies":[{"name":"wp","href":"https:\/\/api.w.org\/{rel}","templated":true}]}}