{"id":606221,"date":"2025-08-12T18:49:15","date_gmt":"2025-08-12T16:49:15","guid":{"rendered":"https:\/\/lucacastelli.com\/prodotto\/milwaukee-genouilleres-de-travail-de-premiere-qualite-avec-revetement-anti-rayures-1-paire\/"},"modified":"2025-08-12T18:49:15","modified_gmt":"2025-08-12T16:49:15","slug":"milwaukee-genouilleres-de-travail-de-premiere-qualite-avec-revetement-anti-rayures-1-paire","status":"publish","type":"product","link":"https:\/\/lucacastelli.com\/fr\/produit\/milwaukee-genouilleres-de-travail-de-premiere-qualite-avec-revetement-anti-rayures-1-paire\/","title":{"rendered":"Milwaukee Genouill\u00e8res de travail de premi\u00e8re qualit\u00e9 avec rev\u00eatement anti-rayures &#8211; 1 paire."},"content":{"rendered":"<p>Genouill\u00e8re Premium non marquante &#8211; 1 paire<br \/>\nRembourrage en mousse + gel pour un maximum de confort et une meilleure r\u00e9partition de la pression;Rev\u00eatement sp\u00e9cial anti-rayures pour \u00e9viter les rayures sur les surfaces d\u00e9licates (marbre, parquet, carrelage etc&#8230;);Double sangle confortable et r\u00e9glable &#8211; sangle inf\u00e9rieure plus large;Boucles \u00e0 d\u00e9clenchement\/lib\u00e9ration rapide pour une manipulation facile. Rivets en m\u00e9tal;Nylon balistique 1680D pour la durabilit\u00e9 et une bonne adh\u00e9rence \u00e0 la surface;Sangle inf\u00e9rieure plus large pour moins de pression sur la jambe;Certification europ\u00e9enne pour la protection des articulations : EN 14404 classe 1 (certifi\u00e9e \u00e0 la perforation 100N et pour une utilisation sur des surfaces plates ou irr\u00e9guli\u00e8res). <\/p>\n<p>4932478139<br \/>\n4058546340728<\/p>\n","protected":false},"excerpt":{"rendered":"<p>Genouill\u00e8re Premium non marquante &#8211; 1 paire<\/p>\n","protected":false},"featured_media":540179,"template":"","meta":{"_seopress_robots_primary_cat":"","_seopress_titles_title":"","_seopress_titles_desc":"","_seopress_robots_index":""},"product_brand":[3658],"product_cat":[5417,81,1381,144,1397],"product_tag":[3273],"class_list":{"0":"post-606221","1":"product","2":"type-product","3":"status-publish","4":"has-post-thumbnail","6":"product_brand-milwaukee-fr","7":"product_cat-outils-pour-atelier","8":"product_cat-vetements","9":"product_cat-vetements-de-travail","10":"product_cat-equipement","11":"product_cat-equipement-de-travail","12":"product_tag-import-milwau-fr","13":"sws-gruppo-abb-libero-fr","14":"sws-conto-ricavi-merci-rivendita-abbigliamento-fr","15":"sws-conto-ricavi-merci-rivendita-macchinari-fr","16":"sws-gruppo-iva-iva81-fr","18":"first","19":"onbackorder","20":"shipping-taxable","21":"purchasable","22":"product-type-simple"},"_links":{"self":[{"href":"https:\/\/lucacastelli.com\/fr\/wp-json\/wp\/v2\/product\/606221","targetHints":{"allow":["GET"]}}],"collection":[{"href":"https:\/\/lucacastelli.com\/fr\/wp-json\/wp\/v2\/product"}],"about":[{"href":"https:\/\/lucacastelli.com\/fr\/wp-json\/wp\/v2\/types\/product"}],"wp:featuredmedia":[{"embeddable":true,"href":"https:\/\/lucacastelli.com\/fr\/wp-json\/wp\/v2\/media\/540179"}],"wp:attachment":[{"href":"https:\/\/lucacastelli.com\/fr\/wp-json\/wp\/v2\/media?parent=606221"}],"wp:term":[{"taxonomy":"product_brand","embeddable":true,"href":"https:\/\/lucacastelli.com\/fr\/wp-json\/wp\/v2\/product_brand?post=606221"},{"taxonomy":"product_cat","embeddable":true,"href":"https:\/\/lucacastelli.com\/fr\/wp-json\/wp\/v2\/product_cat?post=606221"},{"taxonomy":"product_tag","embeddable":true,"href":"https:\/\/lucacastelli.com\/fr\/wp-json\/wp\/v2\/product_tag?post=606221"}],"curies":[{"name":"wp","href":"https:\/\/api.w.org\/{rel}","templated":true}]}}