{"id":606210,"date":"2025-08-12T18:49:14","date_gmt":"2025-08-12T16:49:14","guid":{"rendered":"https:\/\/lucacastelli.com\/prodotto\/milwaukee-genouilleres-de-travail-rigides-1-paire\/"},"modified":"2025-08-12T18:49:14","modified_gmt":"2025-08-12T16:49:14","slug":"milwaukee-genouilleres-de-travail-rigides-1-paire","status":"publish","type":"product","link":"https:\/\/lucacastelli.com\/fr\/produit\/milwaukee-genouilleres-de-travail-rigides-1-paire\/","title":{"rendered":"Milwaukee Genouill\u00e8res de travail rigides &#8211; 1 paire"},"content":{"rendered":"<p>Genouill\u00e8re rigide &#8211; 1 paire<br \/>\nRembourrage en mousse + gel pour un confort maximal et une meilleure r\u00e9partition de la pression;Surface de support rigide pour une durabilit\u00e9 maximale, lors des situations de travail les plus exigeantes;Double sangles r\u00e9glables pour un meilleur maintien et un confort maximal;Boucles \u00e0 d\u00e9gagement rapide pour une utilisation facile. Rivets en m\u00e9tal;Nylon balistique 1680D pour la durabilit\u00e9 et une bonne adh\u00e9rence \u00e0 la surface;Certification europ\u00e9enne pour la protection des articulations : EN 14404 classe 2 (certifi\u00e9e \u00e0 une perforation de 250N et pour une utilisation sur des surfaces plates ou irr\u00e9guli\u00e8res dans des situations exigeantes);Type 1, port\u00e9 par-dessus un pantalon, ne l&#8217;ab\u00eemant pas. <\/p>\n<p>4932478137<br \/>\n4058546340704<\/p>\n","protected":false},"excerpt":{"rendered":"<p>Genouill\u00e8res rigides &#8211; 1 paire<\/p>\n","protected":false},"featured_media":540166,"template":"","meta":{"_seopress_robots_primary_cat":"","_seopress_titles_title":"","_seopress_titles_desc":"","_seopress_robots_index":""},"product_brand":[3658],"product_cat":[144,1397,5417,81,1381],"product_tag":[3273],"class_list":{"0":"post-606210","1":"product","2":"type-product","3":"status-publish","4":"has-post-thumbnail","6":"product_brand-milwaukee-fr","7":"product_cat-equipement","8":"product_cat-equipement-de-travail","9":"product_cat-outils-pour-atelier","10":"product_cat-vetements","11":"product_cat-vetements-de-travail","12":"product_tag-import-milwau-fr","13":"sws-gruppo-abb-libero-fr","14":"sws-conto-ricavi-merci-rivendita-abbigliamento-fr","15":"sws-conto-ricavi-merci-rivendita-macchinari-fr","16":"sws-gruppo-iva-iva81-fr","18":"first","19":"onbackorder","20":"shipping-taxable","21":"purchasable","22":"product-type-simple"},"_links":{"self":[{"href":"https:\/\/lucacastelli.com\/fr\/wp-json\/wp\/v2\/product\/606210","targetHints":{"allow":["GET"]}}],"collection":[{"href":"https:\/\/lucacastelli.com\/fr\/wp-json\/wp\/v2\/product"}],"about":[{"href":"https:\/\/lucacastelli.com\/fr\/wp-json\/wp\/v2\/types\/product"}],"wp:featuredmedia":[{"embeddable":true,"href":"https:\/\/lucacastelli.com\/fr\/wp-json\/wp\/v2\/media\/540166"}],"wp:attachment":[{"href":"https:\/\/lucacastelli.com\/fr\/wp-json\/wp\/v2\/media?parent=606210"}],"wp:term":[{"taxonomy":"product_brand","embeddable":true,"href":"https:\/\/lucacastelli.com\/fr\/wp-json\/wp\/v2\/product_brand?post=606210"},{"taxonomy":"product_cat","embeddable":true,"href":"https:\/\/lucacastelli.com\/fr\/wp-json\/wp\/v2\/product_cat?post=606210"},{"taxonomy":"product_tag","embeddable":true,"href":"https:\/\/lucacastelli.com\/fr\/wp-json\/wp\/v2\/product_tag?post=606210"}],"curies":[{"name":"wp","href":"https:\/\/api.w.org\/{rel}","templated":true}]}}