{"id":606207,"date":"2025-08-12T18:49:12","date_gmt":"2025-08-12T16:49:12","guid":{"rendered":"https:\/\/lucacastelli.com\/prodotto\/milwaukee-genouilleres-flexibles-1-paire\/"},"modified":"2025-08-12T18:49:12","modified_gmt":"2025-08-12T16:49:12","slug":"milwaukee-genouilleres-flexibles-1-paire","status":"publish","type":"product","link":"https:\/\/lucacastelli.com\/fr\/produit\/milwaukee-genouilleres-flexibles-1-paire\/","title":{"rendered":"Milwaukee Genouill\u00e8res flexibles &#8211; 1 paire"},"content":{"rendered":"<p>GARAGES FLEXIBLES<br \/>\nRembourrage en mousse l\u00e9ger et confortable;Surface de soutien r\u00e9sistante \u00e0 l&#8217;eau. Ne p\u00e9n\u00e8tre pas \u00e0 l&#8217;int\u00e9rieur du genou;Insert anti-p\u00e9n\u00e9tration qui emp\u00eache le mat\u00e9riel de p\u00e9n\u00e9trer accidentellement dans la genouill\u00e8re;Une seule sangle r\u00e9glable pour un maximum de confort;Boucles \u00e0 d\u00e9gagement rapide pour une utilisation facile;Certification europ\u00e9enne pour la protection des articulations : EN 14404 classe 1 (certifi\u00e9e \u00e0 la perforation 100N et pour une utilisation sur des surfaces plates ou irr\u00e9guli\u00e8res);Type 1, port\u00e9 par-dessus le pantalon, ne l&#8217;ab\u00eemant pas. <\/p>\n<p>4932478136<br \/>\n4058546340698<\/p>\n","protected":false},"excerpt":{"rendered":"<p>GENOUILL\u00c8RES FLEXIBLES<\/p>\n","protected":false},"featured_media":540153,"template":"","meta":{"_seopress_robots_primary_cat":"","_seopress_titles_title":"","_seopress_titles_desc":"","_seopress_robots_index":""},"product_brand":[3407],"product_cat":[5416,21,284,33,537],"product_tag":[3270],"class_list":{"0":"post-606207","1":"product","2":"type-product","3":"status-publish","4":"has-post-thumbnail","6":"product_brand-milwaukee","7":"product_cat-utensili-per-officina","8":"product_cat-abbigliamento","9":"product_cat-abbigliamento-da-lavoro","10":"product_cat-attrezzature","11":"product_cat-attrezzatura-da-lavoro","12":"product_tag-import-milwau","13":"sws-gruppo-abb-libero-fr","14":"sws-conto-ricavi-merci-rivendita-abbigliamento-fr","15":"sws-conto-ricavi-merci-rivendita-macchinari-fr","16":"sws-gruppo-iva-iva81-fr","18":"first","19":"onbackorder","20":"shipping-taxable","21":"purchasable","22":"product-type-simple"},"_links":{"self":[{"href":"https:\/\/lucacastelli.com\/fr\/wp-json\/wp\/v2\/product\/606207","targetHints":{"allow":["GET"]}}],"collection":[{"href":"https:\/\/lucacastelli.com\/fr\/wp-json\/wp\/v2\/product"}],"about":[{"href":"https:\/\/lucacastelli.com\/fr\/wp-json\/wp\/v2\/types\/product"}],"wp:featuredmedia":[{"embeddable":true,"href":"https:\/\/lucacastelli.com\/fr\/wp-json\/wp\/v2\/media\/540153"}],"wp:attachment":[{"href":"https:\/\/lucacastelli.com\/fr\/wp-json\/wp\/v2\/media?parent=606207"}],"wp:term":[{"taxonomy":"product_brand","embeddable":true,"href":"https:\/\/lucacastelli.com\/fr\/wp-json\/wp\/v2\/product_brand?post=606207"},{"taxonomy":"product_cat","embeddable":true,"href":"https:\/\/lucacastelli.com\/fr\/wp-json\/wp\/v2\/product_cat?post=606207"},{"taxonomy":"product_tag","embeddable":true,"href":"https:\/\/lucacastelli.com\/fr\/wp-json\/wp\/v2\/product_tag?post=606207"}],"curies":[{"name":"wp","href":"https:\/\/api.w.org\/{rel}","templated":true}]}}