{"id":606198,"date":"2025-08-10T17:55:47","date_gmt":"2025-08-10T15:55:47","guid":{"rendered":"https:\/\/lucacastelli.com\/prodotto\/milwaukee-m18-fuel-scie-electrique-avec-barre-de-40-cm\/"},"modified":"2025-08-10T17:55:47","modified_gmt":"2025-08-10T15:55:47","slug":"milwaukee-m18-fuel-scie-electrique-avec-barre-de-40-cm","status":"publish","type":"product","link":"https:\/\/lucacastelli.com\/fr\/produit\/milwaukee-m18-fuel-scie-electrique-avec-barre-de-40-cm\/","title":{"rendered":"Milwaukee M18 FUEL Scie \u00e9lectrique avec barre de 40 cm."},"content":{"rendered":"<p>Scie \u00e9lectrique M18 FUEL avec barre de 40 cm<br \/>\nM18 FCHS-122 \/ ELECTRIC SAWS<br \/>\nLa tron\u00e7onneuse M18 FUEL offre une puissance \u00e9gale aux tron\u00e7onneuses \u00e0 essence les plus performantes;La technologie FUEL maintient une vitesse constante m\u00eame dans les applications les plus exigeantes, offrant de meilleures performances qu&#8217;une tron\u00e7onneuse \u00e0 moteur de 40 cc;Le syst\u00e8me HIGH OUTPUT\u2122, am\u00e9liore les performances et l&#8217;autonomie de la technologie M18 FUEL;L&#8217;\u00e9lectronique REDLINK PLUS\u2122 offre une protection contre les surcharges et am\u00e9liore les performances de l&#8217;outil sous charge;La batterie de 12.0 Ah offre des performances constantes et plus d&#8217;autonomie;Permet jusqu&#8217;\u00e0 150 coupes sur du bois de pin de 100 mm x 100 mm sur une seule charge de batterie (12,0 Ah);Engrenages enti\u00e8rement m\u00e9talliques tr\u00e8s r\u00e9sistants;Interrupteur de vitesse variable pour un contr\u00f4le total de la puissance, une r\u00e9ponse instantan\u00e9e et une vitesse maximale en moins d&#8217;une seconde;Barre de 40 cm, pas de lame de 9,5 mm;Fonctionne avec toutes les batteries Milwaukee M18.<\/p>\n<p>4933499217<br \/>\n4058546563813<\/p>\n","protected":false},"excerpt":{"rendered":"<p>M18 FCHS-122 \/ SCIES \u00c9LECTRIQUES<\/p>\n","protected":false},"featured_media":590866,"template":"","meta":{"_seopress_robots_primary_cat":"","_seopress_titles_title":"","_seopress_titles_desc":"","_seopress_robots_index":""},"product_brand":[3658],"product_cat":[167,1604,1606],"product_tag":[3273],"class_list":{"0":"post-606198","1":"product","2":"type-product","3":"status-publish","4":"has-post-thumbnail","6":"product_brand-milwaukee-fr","7":"product_cat-machines","8":"product_cat-tronconneuses","9":"product_cat-tronconneuses-a-batterie","10":"product_tag-import-milwau-fr","11":"sws-conto-ricavi-merci-rivendita-macchinari-fr","12":"sws-gruppo-iva-iva81-fr","14":"first","15":"onbackorder","16":"sale","17":"shipping-taxable","18":"purchasable","19":"product-type-simple"},"_links":{"self":[{"href":"https:\/\/lucacastelli.com\/fr\/wp-json\/wp\/v2\/product\/606198","targetHints":{"allow":["GET"]}}],"collection":[{"href":"https:\/\/lucacastelli.com\/fr\/wp-json\/wp\/v2\/product"}],"about":[{"href":"https:\/\/lucacastelli.com\/fr\/wp-json\/wp\/v2\/types\/product"}],"wp:featuredmedia":[{"embeddable":true,"href":"https:\/\/lucacastelli.com\/fr\/wp-json\/wp\/v2\/media\/590866"}],"wp:attachment":[{"href":"https:\/\/lucacastelli.com\/fr\/wp-json\/wp\/v2\/media?parent=606198"}],"wp:term":[{"taxonomy":"product_brand","embeddable":true,"href":"https:\/\/lucacastelli.com\/fr\/wp-json\/wp\/v2\/product_brand?post=606198"},{"taxonomy":"product_cat","embeddable":true,"href":"https:\/\/lucacastelli.com\/fr\/wp-json\/wp\/v2\/product_cat?post=606198"},{"taxonomy":"product_tag","embeddable":true,"href":"https:\/\/lucacastelli.com\/fr\/wp-json\/wp\/v2\/product_tag?post=606198"}],"curies":[{"name":"wp","href":"https:\/\/api.w.org\/{rel}","templated":true}]}}