{"id":606192,"date":"2025-08-10T18:32:13","date_gmt":"2025-08-10T16:32:13","guid":{"rendered":"https:\/\/lucacastelli.com\/prodotto\/mandrins-sans-cle-pour-outils-milwaukee-fixtec\/"},"modified":"2025-08-10T18:32:13","modified_gmt":"2025-08-10T16:32:13","slug":"mandrins-sans-cle-pour-outils-milwaukee-fixtec","status":"publish","type":"product","link":"https:\/\/lucacastelli.com\/fr\/produit\/mandrins-sans-cle-pour-outils-milwaukee-fixtec\/","title":{"rendered":"Mandrins sans cl\u00e9 pour outils Milwaukee FIXTEC"},"content":{"rendered":"<p>MANDR AUTOSER. 1.5-13 9\/16&#215;18 -1pcs<br \/>\nMandrin sans cl\u00e9 \u00e0 action rapide avec une grande pr\u00e9cision de concentricit\u00e9 pour les perceuses;Le mandrin \u00e0 tension rapide est tendu sans effort \u00e0 la main;Les mandrins de per\u00e7age sont utilis\u00e9s pour loger des perceuses et d&#8217;autres outils. <\/p>\n<p>4932478806<br \/>\n4058546360887<\/p>\n","protected":false},"excerpt":{"rendered":"<p>MANDR AUTOSER. 1.5-13 9\/16&#215;18 -1pcs <\/p>\n","protected":false},"featured_media":541937,"template":"","meta":{"_seopress_robots_primary_cat":"","_seopress_titles_title":"","_seopress_titles_desc":"","_seopress_robots_index":""},"product_brand":[3658],"product_cat":[1555,1453,167,1552],"product_tag":[3273],"class_list":{"0":"post-606192","1":"product","2":"type-product","3":"status-publish","4":"has-post-thumbnail","6":"product_brand-milwaukee-fr","7":"product_cat-accessoires-pour-perceuses-et-tournevis","8":"product_cat-autres-appareils","9":"product_cat-machines","10":"product_cat-perceuses-et-tournevis","11":"product_tag-import-milwau-fr","12":"sws-conto-ricavi-merci-rivendita-macchinari-fr","13":"sws-gruppo-iva-iva81-fr","15":"first","16":"onbackorder","17":"sale","18":"shipping-taxable","19":"purchasable","20":"product-type-simple"},"_links":{"self":[{"href":"https:\/\/lucacastelli.com\/fr\/wp-json\/wp\/v2\/product\/606192","targetHints":{"allow":["GET"]}}],"collection":[{"href":"https:\/\/lucacastelli.com\/fr\/wp-json\/wp\/v2\/product"}],"about":[{"href":"https:\/\/lucacastelli.com\/fr\/wp-json\/wp\/v2\/types\/product"}],"wp:featuredmedia":[{"embeddable":true,"href":"https:\/\/lucacastelli.com\/fr\/wp-json\/wp\/v2\/media\/541937"}],"wp:attachment":[{"href":"https:\/\/lucacastelli.com\/fr\/wp-json\/wp\/v2\/media?parent=606192"}],"wp:term":[{"taxonomy":"product_brand","embeddable":true,"href":"https:\/\/lucacastelli.com\/fr\/wp-json\/wp\/v2\/product_brand?post=606192"},{"taxonomy":"product_cat","embeddable":true,"href":"https:\/\/lucacastelli.com\/fr\/wp-json\/wp\/v2\/product_cat?post=606192"},{"taxonomy":"product_tag","embeddable":true,"href":"https:\/\/lucacastelli.com\/fr\/wp-json\/wp\/v2\/product_tag?post=606192"}],"curies":[{"name":"wp","href":"https:\/\/api.w.org\/{rel}","templated":true}]}}