{"id":606188,"date":"2025-08-10T18:32:05","date_gmt":"2025-08-10T16:32:05","guid":{"rendered":"https:\/\/lucacastelli.com\/prodotto\/milwaukee-switchblade-kit-de-5-embouts-%e2%8c%8035-38-54-65-mm-rallonge-quik-lok-de-140-mm\/"},"modified":"2025-08-10T18:32:05","modified_gmt":"2025-08-10T16:32:05","slug":"milwaukee-switchblade-kit-de-5-embouts-%e2%8c%8035-38-54-65-mm-rallonge-quik-lok-de-140-mm","status":"publish","type":"product","link":"https:\/\/lucacastelli.com\/fr\/produit\/milwaukee-switchblade-kit-de-5-embouts-%e2%8c%8035-38-54-65-mm-rallonge-quik-lok-de-140-mm\/","title":{"rendered":"Milwaukee SWITCHBLADE\u2122 Kit de 5 embouts : \u230035 \/ 38 \/ 54 \/ 65 mm, rallonge QUIK-LOK de 140 mm."},"content":{"rendered":"<p>SET SELFEED BITS SWITCHBLADE 5 PZ<br \/>\nLames de rechange SWITCHBLADE. Le syst\u00e8me de lames rempla\u00e7ables SWITCHBLADE garantit que ta lame est toujours aiguis\u00e9e. Cela augmente la productivit\u00e9 en \u00e9liminant les temps d&#8217;arr\u00eat li\u00e9s au r\u00e9aff\u00fbtage et augmente la dur\u00e9e de vie globale de l&#8217;embout;Applications : trous d&#8217;entr\u00e9e pour les tuyaux en cuivre\/acier\/PVC\/Pex, trous d&#8217;entr\u00e9e pour les gros tuyaux et conduits, trous de passage pour les fils et les c\u00e2bles, pour tous les trous de plus de 30 mm et l\u00e0 o\u00f9 il n&#8217;y a pas d&#8217;autre solution.  <\/p>\n<p>4932479503<br \/>\n4058546372972<\/p>\n","protected":false},"excerpt":{"rendered":"<p>JEU DE LAMES D&#8217;AIGUILLE POUR EMBOUTS D&#8217;\u00c9GO\u00cfNE 5 PI\u00c8CES<\/p>\n","protected":false},"featured_media":544084,"template":"","meta":{"_seopress_robots_primary_cat":"","_seopress_titles_title":"","_seopress_titles_desc":"","_seopress_robots_index":""},"product_brand":[3658],"product_cat":[167,1453,1552,1555],"product_tag":[3270],"class_list":{"0":"post-606188","1":"product","2":"type-product","3":"status-publish","4":"has-post-thumbnail","6":"product_brand-milwaukee-fr","7":"product_cat-machines","8":"product_cat-autres-appareils","9":"product_cat-perceuses-et-tournevis","10":"product_cat-accessoires-pour-perceuses-et-tournevis","11":"product_tag-import-milwau","12":"sws-conto-ricavi-merci-rivendita-macchinari-fr","13":"sws-gruppo-iva-iva81-fr","15":"first","16":"onbackorder","17":"sale","18":"shipping-taxable","19":"purchasable","20":"product-type-simple"},"_links":{"self":[{"href":"https:\/\/lucacastelli.com\/fr\/wp-json\/wp\/v2\/product\/606188","targetHints":{"allow":["GET"]}}],"collection":[{"href":"https:\/\/lucacastelli.com\/fr\/wp-json\/wp\/v2\/product"}],"about":[{"href":"https:\/\/lucacastelli.com\/fr\/wp-json\/wp\/v2\/types\/product"}],"wp:featuredmedia":[{"embeddable":true,"href":"https:\/\/lucacastelli.com\/fr\/wp-json\/wp\/v2\/media\/544084"}],"wp:attachment":[{"href":"https:\/\/lucacastelli.com\/fr\/wp-json\/wp\/v2\/media?parent=606188"}],"wp:term":[{"taxonomy":"product_brand","embeddable":true,"href":"https:\/\/lucacastelli.com\/fr\/wp-json\/wp\/v2\/product_brand?post=606188"},{"taxonomy":"product_cat","embeddable":true,"href":"https:\/\/lucacastelli.com\/fr\/wp-json\/wp\/v2\/product_cat?post=606188"},{"taxonomy":"product_tag","embeddable":true,"href":"https:\/\/lucacastelli.com\/fr\/wp-json\/wp\/v2\/product_tag?post=606188"}],"curies":[{"name":"wp","href":"https:\/\/api.w.org\/{rel}","templated":true}]}}