{"id":606177,"date":"2025-08-10T18:32:04","date_gmt":"2025-08-10T16:32:04","guid":{"rendered":"https:\/\/lucacastelli.com\/prodotto\/milwaukee-douille-hexagonale-shw-1-2-std-17mm-1pc\/"},"modified":"2025-08-10T18:32:04","modified_gmt":"2025-08-10T16:32:04","slug":"milwaukee-douille-hexagonale-shw-1-2-std-17mm-1pc","status":"publish","type":"product","link":"https:\/\/lucacastelli.com\/fr\/produit\/milwaukee-douille-hexagonale-shw-1-2-std-17mm-1pc\/","title":{"rendered":"Milwaukee Douille hexagonale ShW 1\/2 STD 17mm-1pc"},"content":{"rendered":"<p>Douille hexagonale ShW 1\/2 STD 17mm-1pc<br \/>\nSHOCKWAVE\u2122 IMPACT DUTY (chrome-molybd\u00e8ne) est un alliage d&#8217;acier de haute qualit\u00e9 qui offre une r\u00e9sistance et une durabilit\u00e9 maximales;6 points de pr\u00e9hension pour une pr\u00e9cision maximale;Les coins biseaut\u00e9s permettent un meilleur transfert du couple et \u00e9vitent les contraintes excessives dans les coins ;Diam\u00e8tre grav\u00e9 au laser et rempli d&#8217;encre blanche pour une lecture facile et une durabilit\u00e9 maximale;Conception \u00e0 trous traversants et rainure pour accueillir un accessoire de s\u00e9curit\u00e9<\/p>\n<p>4932480311<br \/>\n4058546405960<\/p>\n","protected":false},"excerpt":{"rendered":"<p>Douille hexagonale ShW 1\/2 STD 17mm-1pc<\/p>\n","protected":false},"featured_media":547804,"template":"","meta":{"_seopress_robots_primary_cat":"","_seopress_titles_title":"","_seopress_titles_desc":"","_seopress_robots_index":""},"product_brand":[3407],"product_cat":[29,514,549,550],"product_tag":[3270],"class_list":{"0":"post-606177","1":"product","2":"type-product","3":"status-publish","4":"has-post-thumbnail","6":"product_brand-milwaukee","7":"product_cat-macchinari","8":"product_cat-altri-dispositivi","9":"product_cat-trapani-e-avvitatori","10":"product_cat-accessori-per-trapani-ed-avvitatori","11":"product_tag-import-milwau","12":"sws-conto-ricavi-merci-rivendita-macchinari-fr","13":"sws-gruppo-iva-iva81-fr","15":"first","16":"onbackorder","17":"sale","18":"shipping-taxable","19":"purchasable","20":"product-type-simple"},"_links":{"self":[{"href":"https:\/\/lucacastelli.com\/fr\/wp-json\/wp\/v2\/product\/606177","targetHints":{"allow":["GET"]}}],"collection":[{"href":"https:\/\/lucacastelli.com\/fr\/wp-json\/wp\/v2\/product"}],"about":[{"href":"https:\/\/lucacastelli.com\/fr\/wp-json\/wp\/v2\/types\/product"}],"wp:featuredmedia":[{"embeddable":true,"href":"https:\/\/lucacastelli.com\/fr\/wp-json\/wp\/v2\/media\/547804"}],"wp:attachment":[{"href":"https:\/\/lucacastelli.com\/fr\/wp-json\/wp\/v2\/media?parent=606177"}],"wp:term":[{"taxonomy":"product_brand","embeddable":true,"href":"https:\/\/lucacastelli.com\/fr\/wp-json\/wp\/v2\/product_brand?post=606177"},{"taxonomy":"product_cat","embeddable":true,"href":"https:\/\/lucacastelli.com\/fr\/wp-json\/wp\/v2\/product_cat?post=606177"},{"taxonomy":"product_tag","embeddable":true,"href":"https:\/\/lucacastelli.com\/fr\/wp-json\/wp\/v2\/product_tag?post=606177"}],"curies":[{"name":"wp","href":"https:\/\/api.w.org\/{rel}","templated":true}]}}