{"id":606172,"date":"2025-08-10T18:32:03","date_gmt":"2025-08-10T16:32:03","guid":{"rendered":"https:\/\/lucacastelli.com\/prodotto\/milwaukee-hex-skt-shw-packout-3-8-deep-set-19pc\/"},"modified":"2025-08-10T18:32:03","modified_gmt":"2025-08-10T16:32:03","slug":"milwaukee-hex-skt-shw-packout-3-8-deep-set-19pc","status":"publish","type":"product","link":"https:\/\/lucacastelli.com\/fr\/produit\/milwaukee-hex-skt-shw-packout-3-8-deep-set-19pc\/","title":{"rendered":"Milwaukee Hex skt. ShW Packout 3\/8 Deep Set-19pc"},"content":{"rendered":"<p>Hex skt. ShW Packout 3\/8 Deep Set-19pc<br \/>\nSHOCKWAVE\u2122 IMPACT DUTY (Chrome-Molybd\u00e8ne) est un alliage d&#8217;acier de haute qualit\u00e9 qui offre une r\u00e9sistance et une durabilit\u00e9 maximales;6 points de pr\u00e9hension pour une pr\u00e9cision maximale;Les coins biseaut\u00e9s permettent un meilleur transfert du couple et \u00e9vitent les contraintes excessives dans les coins;Le diam\u00e8tre grav\u00e9 au laser et rempli d&#8217;encre blanche permet une lisibilit\u00e9 facile et une durabilit\u00e9 maximale;Conception de trou traversant et rainure pour accueillir l&#8217;accessoire de s\u00e9curit\u00e9. <\/p>\n<p>4932480946<br \/>\n4058546412319<\/p>\n","protected":false},"excerpt":{"rendered":"<p>Hex skt. ShW Packout 3\/8 Deep Set-19pc <\/p>\n","protected":false},"featured_media":554571,"template":"","meta":{"_seopress_robots_primary_cat":"","_seopress_titles_title":"","_seopress_titles_desc":"","_seopress_robots_index":""},"product_brand":[3407],"product_cat":[29,514,549,550],"product_tag":[3270],"class_list":{"0":"post-606172","1":"product","2":"type-product","3":"status-publish","4":"has-post-thumbnail","6":"product_brand-milwaukee","7":"product_cat-macchinari","8":"product_cat-altri-dispositivi","9":"product_cat-trapani-e-avvitatori","10":"product_cat-accessori-per-trapani-ed-avvitatori","11":"product_tag-import-milwau","12":"sws-conto-ricavi-merci-rivendita-macchinari-fr","13":"sws-gruppo-iva-iva81-fr","15":"first","16":"onbackorder","17":"sale","18":"shipping-taxable","19":"purchasable","20":"product-type-simple"},"_links":{"self":[{"href":"https:\/\/lucacastelli.com\/fr\/wp-json\/wp\/v2\/product\/606172","targetHints":{"allow":["GET"]}}],"collection":[{"href":"https:\/\/lucacastelli.com\/fr\/wp-json\/wp\/v2\/product"}],"about":[{"href":"https:\/\/lucacastelli.com\/fr\/wp-json\/wp\/v2\/types\/product"}],"wp:featuredmedia":[{"embeddable":true,"href":"https:\/\/lucacastelli.com\/fr\/wp-json\/wp\/v2\/media\/554571"}],"wp:attachment":[{"href":"https:\/\/lucacastelli.com\/fr\/wp-json\/wp\/v2\/media?parent=606172"}],"wp:term":[{"taxonomy":"product_brand","embeddable":true,"href":"https:\/\/lucacastelli.com\/fr\/wp-json\/wp\/v2\/product_brand?post=606172"},{"taxonomy":"product_cat","embeddable":true,"href":"https:\/\/lucacastelli.com\/fr\/wp-json\/wp\/v2\/product_cat?post=606172"},{"taxonomy":"product_tag","embeddable":true,"href":"https:\/\/lucacastelli.com\/fr\/wp-json\/wp\/v2\/product_tag?post=606172"}],"curies":[{"name":"wp","href":"https:\/\/api.w.org\/{rel}","templated":true}]}}