{"id":606156,"date":"2025-08-10T18:31:58","date_gmt":"2025-08-10T16:31:58","guid":{"rendered":"https:\/\/lucacastelli.com\/prodotto\/milwaukee-guide-des-prises-et-planchettes-a-pince-3\/"},"modified":"2025-08-10T18:31:58","modified_gmt":"2025-08-10T16:31:58","slug":"milwaukee-guide-des-prises-et-planchettes-a-pince-3","status":"publish","type":"product","link":"https:\/\/lucacastelli.com\/fr\/produit\/milwaukee-guide-des-prises-et-planchettes-a-pince-3\/","title":{"rendered":"Milwaukee Guide des prises et planchettes \u00e0 pince"},"content":{"rendered":"<p>QUANDRI CLIP 1\/4 REPLACEMENT 10PZ<br \/>\nClips pour guide de douilles;Compatible avec les douilles longues et courtes;Clips amovibles;R\u00e9tention de la broche pour une r\u00e9tention maximale;Utilisable avec les douilles;Facilit\u00e9 de retrait et d&#8217;insertion, personnalisation maximale<\/p>\n<p>4932480445<br \/>\n4058546407308<\/p>\n","protected":false},"excerpt":{"rendered":"<p>QUANDRI CLIP 1\/4 REMPLACEMENT 10 PCS.<\/p>\n","protected":false},"featured_media":548492,"template":"","meta":{"_seopress_robots_primary_cat":"","_seopress_titles_title":"","_seopress_titles_desc":"","_seopress_robots_index":""},"product_brand":[3658],"product_cat":[1555,1453,167,1552],"product_tag":[3273],"class_list":{"0":"post-606156","1":"product","2":"type-product","3":"status-publish","4":"has-post-thumbnail","6":"product_brand-milwaukee-fr","7":"product_cat-accessoires-pour-perceuses-et-tournevis","8":"product_cat-autres-appareils","9":"product_cat-machines","10":"product_cat-perceuses-et-tournevis","11":"product_tag-import-milwau-fr","12":"sws-conto-ricavi-merci-rivendita-macchinari-fr","13":"sws-gruppo-iva-iva81-fr","15":"first","16":"onbackorder","17":"sale","18":"shipping-taxable","19":"purchasable","20":"product-type-simple"},"_links":{"self":[{"href":"https:\/\/lucacastelli.com\/fr\/wp-json\/wp\/v2\/product\/606156","targetHints":{"allow":["GET"]}}],"collection":[{"href":"https:\/\/lucacastelli.com\/fr\/wp-json\/wp\/v2\/product"}],"about":[{"href":"https:\/\/lucacastelli.com\/fr\/wp-json\/wp\/v2\/types\/product"}],"wp:featuredmedia":[{"embeddable":true,"href":"https:\/\/lucacastelli.com\/fr\/wp-json\/wp\/v2\/media\/548492"}],"wp:attachment":[{"href":"https:\/\/lucacastelli.com\/fr\/wp-json\/wp\/v2\/media?parent=606156"}],"wp:term":[{"taxonomy":"product_brand","embeddable":true,"href":"https:\/\/lucacastelli.com\/fr\/wp-json\/wp\/v2\/product_brand?post=606156"},{"taxonomy":"product_cat","embeddable":true,"href":"https:\/\/lucacastelli.com\/fr\/wp-json\/wp\/v2\/product_cat?post=606156"},{"taxonomy":"product_tag","embeddable":true,"href":"https:\/\/lucacastelli.com\/fr\/wp-json\/wp\/v2\/product_tag?post=606156"}],"curies":[{"name":"wp","href":"https:\/\/api.w.org\/{rel}","templated":true}]}}