{"id":606147,"date":"2025-08-10T17:55:44","date_gmt":"2025-08-10T15:55:44","guid":{"rendered":"https:\/\/lucacastelli.com\/prodotto\/milwaukee-m18-fuel-scie-electrique-avec-barre-de-35-cm\/"},"modified":"2025-08-10T17:55:44","modified_gmt":"2025-08-10T15:55:44","slug":"milwaukee-m18-fuel-scie-electrique-avec-barre-de-35-cm","status":"publish","type":"product","link":"https:\/\/lucacastelli.com\/fr\/produit\/milwaukee-m18-fuel-scie-electrique-avec-barre-de-35-cm\/","title":{"rendered":"Milwaukee M18 FUEL Scie \u00e9lectrique avec barre de 35 cm."},"content":{"rendered":"<p>M18 FUEL scie \u00e9lectrique avec barre de 35 cm.<br \/>\nM18 FCHS35-122 \/ SCIES \u00c9LECTRIQUES<br \/>\nFournit une puissance maximale pour les applications les plus difficiles, surpassant les tron\u00e7onneuses \u00e0 essence;Assure une vitesse constante, pas de ralentissement;Syst\u00e8me HIGH OUTPUT\u2122, \u00e9l\u00e8ve les performances et la gamme de la technologie M18 FUEL;Permet jusqu&#8217;\u00e0 150 coupes sur du bois de pin de 100 mm x 100 mm avec une batterie M18\u2122 HIGH OUTPUT\u2122 de 12,0 Ah.0 Ah;Engrenages enti\u00e8rement m\u00e9talliques \u00e0 haute r\u00e9sistance;Interrupteur de vitesse variable pour un contr\u00f4le total de la puissance, une r\u00e9ponse instantan\u00e9e et une vitesse maximale en moins d&#8217;une seconde;Dents enti\u00e8rement m\u00e9talliques pour un plus grand effet de levier;R\u00e9servoir d&#8217;huile \u00e9tanche et facile d&#8217;acc\u00e8s;Fonctionne avec toutes les batteries Milwaukee\u00ae M18.<\/p>\n<p>4933499223<br \/>\n4058546563875<\/p>\n","protected":false},"excerpt":{"rendered":"<p>M18 FCHS35-122 \/ SCIES \u00c9LECTRIQUES<\/p>\n","protected":false},"featured_media":600673,"template":"","meta":{"_seopress_robots_primary_cat":"","_seopress_titles_title":"","_seopress_titles_desc":"","_seopress_robots_index":""},"product_brand":[3407],"product_cat":[29,268,528],"product_tag":[3270],"class_list":{"0":"post-606147","1":"product","2":"type-product","3":"status-publish","4":"has-post-thumbnail","6":"product_brand-milwaukee","7":"product_cat-macchinari","8":"product_cat-motoseghe","9":"product_cat-motoseghe-a-batteria","10":"product_tag-import-milwau","11":"sws-conto-ricavi-merci-rivendita-macchinari-fr","12":"sws-gruppo-iva-iva81-fr","14":"first","15":"onbackorder","16":"sale","17":"shipping-taxable","18":"purchasable","19":"product-type-simple"},"_links":{"self":[{"href":"https:\/\/lucacastelli.com\/fr\/wp-json\/wp\/v2\/product\/606147","targetHints":{"allow":["GET"]}}],"collection":[{"href":"https:\/\/lucacastelli.com\/fr\/wp-json\/wp\/v2\/product"}],"about":[{"href":"https:\/\/lucacastelli.com\/fr\/wp-json\/wp\/v2\/types\/product"}],"wp:featuredmedia":[{"embeddable":true,"href":"https:\/\/lucacastelli.com\/fr\/wp-json\/wp\/v2\/media\/600673"}],"wp:attachment":[{"href":"https:\/\/lucacastelli.com\/fr\/wp-json\/wp\/v2\/media?parent=606147"}],"wp:term":[{"taxonomy":"product_brand","embeddable":true,"href":"https:\/\/lucacastelli.com\/fr\/wp-json\/wp\/v2\/product_brand?post=606147"},{"taxonomy":"product_cat","embeddable":true,"href":"https:\/\/lucacastelli.com\/fr\/wp-json\/wp\/v2\/product_cat?post=606147"},{"taxonomy":"product_tag","embeddable":true,"href":"https:\/\/lucacastelli.com\/fr\/wp-json\/wp\/v2\/product_tag?post=606147"}],"curies":[{"name":"wp","href":"https:\/\/api.w.org\/{rel}","templated":true}]}}