{"id":606141,"date":"2025-08-10T17:55:42","date_gmt":"2025-08-10T15:55:42","guid":{"rendered":"https:\/\/lucacastelli.com\/prodotto\/milwaukee-scie-delagage-electrique-m18-fuel-20-cm\/"},"modified":"2025-08-10T17:55:42","modified_gmt":"2025-08-10T15:55:42","slug":"milwaukee-scie-delagage-electrique-m18-fuel-20-cm","status":"publish","type":"product","link":"https:\/\/lucacastelli.com\/fr\/produit\/milwaukee-scie-delagage-electrique-m18-fuel-20-cm\/","title":{"rendered":"Milwaukee Scie d&#8217;\u00e9lagage \u00e9lectrique M18 FUEL 20 cm"},"content":{"rendered":"<p>M18 FHS20-552 \/OUTILS DE JARDINAGE<br \/>\nLa tron\u00e7onneuse \u00e9lagueuse \u00e9lectrique M18 FUEL offre une puissance et un couple in\u00e9gal\u00e9s, permettant de couper des bois durs de 20 cm sans ralentissement;Con\u00e7ue pour offrir durabilit\u00e9, performance et ergonomie \u00e0 tous les paysagistes professionnels;Conception compacte pour un maximum de contr\u00f4le et de maniabilit\u00e9 dans les espaces restreints;Jusqu&#8217;\u00e0 180 coupes de 10 x 10 cm sur du bois de c\u00e8dre avec une batterie de 5.5 Ah;Acc\u00e8s facile au tendeur de cha\u00eene;Interrupteur de vitesse variable, pour un contr\u00f4le adapt\u00e9;Dents m\u00e9talliques pour offrir plus de levier lors de l&#8217;application;Autolubrifiant, pour une facilit\u00e9 d&#8217;utilisation maximale et une lubrification correcte de la cha\u00eene;Espace sur l&#8217;outil pour le rangement des petits outils;La technologie FUEL red\u00e9finit l&#8217;outillage \u00e9lectrique sans fil. Le moteur sans balais, l&#8217;\u00e9lectronique REDLINK PLUS\u2122 et le bloc-batterie REDLITHIUM\u2122 offrent des performances et une durabilit\u00e9 sup\u00e9rieures;Fonctionne avec toutes les batteries M18 MILWAUKEEE\u00ae. <\/p>\n<p>4933480118<br \/>\n4058546404031<\/p>\n","protected":false},"excerpt":{"rendered":"<p>M18 FHS20-552 \/OUTILS DE JARDINAGE<\/p>\n","protected":false},"featured_media":600761,"template":"","meta":{"_seopress_robots_primary_cat":"","_seopress_titles_title":"","_seopress_titles_desc":"","_seopress_robots_index":""},"product_brand":[3407],"product_cat":[29,268,528],"product_tag":[3270],"class_list":{"0":"post-606141","1":"product","2":"type-product","3":"status-publish","4":"has-post-thumbnail","6":"product_brand-milwaukee","7":"product_cat-macchinari","8":"product_cat-motoseghe","9":"product_cat-motoseghe-a-batteria","10":"product_tag-import-milwau","11":"sws-conto-ricavi-merci-rivendita-macchinari-fr","12":"sws-gruppo-iva-iva81-fr","14":"first","15":"onbackorder","16":"sale","17":"shipping-taxable","18":"purchasable","19":"product-type-simple"},"_links":{"self":[{"href":"https:\/\/lucacastelli.com\/fr\/wp-json\/wp\/v2\/product\/606141","targetHints":{"allow":["GET"]}}],"collection":[{"href":"https:\/\/lucacastelli.com\/fr\/wp-json\/wp\/v2\/product"}],"about":[{"href":"https:\/\/lucacastelli.com\/fr\/wp-json\/wp\/v2\/types\/product"}],"wp:featuredmedia":[{"embeddable":true,"href":"https:\/\/lucacastelli.com\/fr\/wp-json\/wp\/v2\/media\/600761"}],"wp:attachment":[{"href":"https:\/\/lucacastelli.com\/fr\/wp-json\/wp\/v2\/media?parent=606141"}],"wp:term":[{"taxonomy":"product_brand","embeddable":true,"href":"https:\/\/lucacastelli.com\/fr\/wp-json\/wp\/v2\/product_brand?post=606141"},{"taxonomy":"product_cat","embeddable":true,"href":"https:\/\/lucacastelli.com\/fr\/wp-json\/wp\/v2\/product_cat?post=606141"},{"taxonomy":"product_tag","embeddable":true,"href":"https:\/\/lucacastelli.com\/fr\/wp-json\/wp\/v2\/product_tag?post=606141"}],"curies":[{"name":"wp","href":"https:\/\/api.w.org\/{rel}","templated":true}]}}